{"id":5,"date":"2016-04-20T22:51:38","date_gmt":"2016-04-20T22:51:38","guid":{"rendered":"http:\/\/dev.familydoctorsorangecounty.com\/vi\/?page_id=5"},"modified":"2024-04-27T14:07:03","modified_gmt":"2024-04-27T14:07:03","slug":"trang-nha","status":"publish","type":"page","link":"https:\/\/www.familychoice.com\/vi\/","title":{"rendered":"H\u1ed2I LU\u1eacN Y T\u1ebe"},"content":{"rendered":"<div class=\"homepage-main-wrapper\">\r\n<h2>T\u00ccM B\u00c1C S\u0128<\/h2>\r\n<div class=\"homepage-main-links-wrapper\">\r\n    <a href=\"\/vi\/bac-si-cham-soc-chinh\/\" class=\"homepage-pcp\">\r\n    <div>\r\n    <h3>B\u00e1c S\u0129 Gia \u0110\u00ecnh<\/h3>\r\n    <p>H\u00e3y v\u00e0o xem danh s\u00e1ch c\u1ea7n 200 b\u00e1c s\u0129 gia \u0111\u00ecnh \u0111\u00e3 \u0111\u01b0\u1ee3c tuy\u1ec3n ch\u1ecdn cho qu\u00fd v\u1ecb.<\/p>\r\n    <\/div>\r\n    <\/a>\r\n    <a href=\"\/vi\/bac-si-gia-dinh\/\" class=\"homepage-family-doctors\">\r\n    <div>\r\n    <h3>B\u00e1c S\u0129 Gia \u0110\u00ecnh<\/h3>\r\n    <p>C\u00e1c b\u00e1c s\u0129 c\u1ee7a ch\u00fang t\u00f4i \u0111\u00e3 ph\u1ee5c v\u1ee5 g\u1ea7n h\u01a1n 60,000 b\u1ec7nh nh\u00e2n trong Qu\u1eadn Cam.<\/p>\r\n    <\/div>\r\n    <\/a>\r\n    <a href=\"\/vi\/bac-si-chuyen-mon-tai-quan-cam\/\" class=\"homepage-md-in-oc\">\r\n    <div>\r\n    <h3>B\u00e1c s\u0129 chuy\u00ean m\u00f4n t\u1ea1i Qu\u1eadn Cam<\/h3>\r\n    <p>\u0110\u1ec3 t\u00ecm \u0111\u01b0\u1ee3c m\u1ed9t t\u1ed5 h\u1ee3p th\u00edch \u0111\u00e1ng khi qu\u00fd v\u1ecb h\u1ecfi \u0111\u00fang c\u00e2u h\u1ecfi.<\/p>\r\n    <\/div>\r\n    <\/a>\r\n    <div class=\"clearfix\"><\/div>\r\n<\/div>\r\n<\/div>","protected":false},"excerpt":{"rendered":"<p>T\u00ccM B\u00c1C S\u0128 B\u00e1c S\u0129 Gia \u0110\u00ecnh H\u00e3y v\u00e0o xem danh s\u00e1ch c\u1ea7n 200 b\u00e1c s\u0129 gia \u0111\u00ecnh \u0111\u00e3 \u0111\u01b0\u1ee3c tuy\u1ec3n ch\u1ecdn cho qu\u00fd v\u1ecb. B\u00e1c S\u0129 Gia \u0110\u00ecnh C\u00e1c b\u00e1c s\u0129 c\u1ee7a ch\u00fang t\u00f4i \u0111\u00e3 ph\u1ee5c v\u1ee5 g\u1ea7n h\u01a1n 60,000 b\u1ec7nh nh\u00e2n trong Qu\u1eadn Cam. B\u00e1c s\u0129 chuy\u00ean m\u00f4n t\u1ea1i Qu\u1eadn Cam \u0110\u1ec3 t\u00ecm&hellip;<\/p>\n<p><a class=\"more-link\" href=\"https:\/\/www.familychoice.com\/vi\/\" title=\"Continue reading &lsquo;H\u1ed2I LU\u1eacN Y T\u1ebe&rsquo;\">Continue reading <span class=\"meta-nav\">&rarr;<\/span><\/a><\/p>\n","protected":false},"author":1,"featured_media":0,"parent":0,"menu_order":0,"comment_status":"closed","ping_status":"closed","template":"","meta":{"_exactmetrics_skip_tracking":false,"_exactmetrics_sitenote_active":false,"_exactmetrics_sitenote_note":"","_exactmetrics_sitenote_category":0,"footnotes":""},"class_list":["post-5","page","type-page","status-publish","hentry"],"_links":{"self":[{"href":"https:\/\/www.familychoice.com\/vi\/wp-json\/wp\/v2\/pages\/5","targetHints":{"allow":["GET"]}}],"collection":[{"href":"https:\/\/www.familychoice.com\/vi\/wp-json\/wp\/v2\/pages"}],"about":[{"href":"https:\/\/www.familychoice.com\/vi\/wp-json\/wp\/v2\/types\/page"}],"author":[{"embeddable":true,"href":"https:\/\/www.familychoice.com\/vi\/wp-json\/wp\/v2\/users\/1"}],"replies":[{"embeddable":true,"href":"https:\/\/www.familychoice.com\/vi\/wp-json\/wp\/v2\/comments?post=5"}],"version-history":[{"count":16,"href":"https:\/\/www.familychoice.com\/vi\/wp-json\/wp\/v2\/pages\/5\/revisions"}],"predecessor-version":[{"id":356,"href":"https:\/\/www.familychoice.com\/vi\/wp-json\/wp\/v2\/pages\/5\/revisions\/356"}],"wp:attachment":[{"href":"https:\/\/www.familychoice.com\/vi\/wp-json\/wp\/v2\/media?parent=5"}],"curies":[{"name":"wp","href":"https:\/\/api.w.org\/{rel}","templated":true}]}}