{"id":48,"date":"2016-04-27T00:16:49","date_gmt":"2016-04-27T00:16:49","guid":{"rendered":"http:\/\/dev.familydoctorsorangecounty.com\/vi\/?page_id=48"},"modified":"2016-08-17T20:00:50","modified_gmt":"2016-08-17T20:00:50","slug":"bac-si-gia-dinh","status":"publish","type":"page","link":"https:\/\/www.familychoice.com\/vi\/bac-si-gia-dinh\/","title":{"rendered":"B\u00e1c S\u0129 Gia \u0110\u00ecnh"},"content":{"rendered":"<div>\r\n<h2>B\u00e1c S\u0129 Gia \u0110\u00ecnh T\u1ed1t \u1edf Orange County<\/h2>\r\n<p>Ch\u1ecdn m\u1ed9t b\u00e1c s\u0129 gia \u0111\u00ecnh m\u1edbi l\u00e0 m\u1ed9t quy\u1ebft \u0111\u1ecbnh quan tr\u1ecdng c\u00f3 \u1ea3nh h\u01b0\u1edfng \u0111\u1ebfn s\u1ee9c kh\u1ecfe v\u00e0 s\u1ef1 l\u00e0nh m\u1ea1nh c\u1ee7a to\u00e0n th\u1ec3 gia \u0111\u00ecnh qu\u00fd v\u1ecb. Th\u1eadt c\u00f3 qu\u00e1 nhi\u1ec1u ch\u1ecdn l\u1ef1a, v\u1eady l\u00e0m sao \u0111\u1ec3 bi\u1ebft m\u00ecnh \u0111\u00e3 ch\u1ecdn \u0111\u00fang? C\u00f3 ph\u1ea3i l\u00e0 b\u00e1c s\u0129 gia \u0111\u00ecnh n\u00e0o c\u0169ng t\u1ed1t nh\u01b0 nhau kh\u00f4ng? Nh\u1eefng c\u00e2u h\u1ecfi n\u00e0y th\u1eadt quan tr\u1ecdng; sau \u0111\u00e2y l\u00e0 v\u00e0i c\u00e2u tr\u1ea3 l\u1eddi \u0111\u1ec3 gi\u00fap qu\u00fd v\u1ecb quy\u1ebft \u0111\u1ecbnh.<\/p>\r\n<ul>\r\n    <li><h3>H\u1ecdc V\u1ea5n<\/h3>\u2013 \u0110i\u1ec1u \u0111\u1ea7u ti\u00ean qu\u00fd v\u1ecb c\u1ea7n xem x\u00e9t l\u00e0 h\u1ecdc v\u1ea5n c\u1ee7a b\u00e1c s\u0129. Qu\u00fd v\u1ecb s\u1ebd mu\u1ed1n bi\u1ebft l\u00e0 ng\u01b0\u1eddi b\u00e1c s\u0129 gia \u0111\u00ecnh m\u00ecnh ch\u1ecdn \u0111\u00e3 \u0111\u01b0\u1ee3c gi\u00e1o d\u1ee5c k\u1ef9 c\u00e0ng v\u00e0 lu\u00f4n c\u1eadp nh\u1eadt ki\u1ebfn th\u1ee9c m\u1edbi nh\u1ea5t li\u00ean quan \u0111\u1ebfn s\u1ee9c kh\u1ecfe c\u1ee7a qu\u00fd v\u1ecb v\u00e0 gia \u0111\u00ecnh. N\u00ean h\u1ecfi v\u1ec1 h\u1ecdc v\u1ea5n ch\u00ednh th\u1ee9c v\u00e0 nh\u1eefng c\u1eadp nh\u1eadt ki\u1ebfn th\u1ee9c v\u1ecb b\u00e1c s\u0129 th\u01b0\u1eddng xuy\u00ean th\u1ef1c hi\u1ec7n. H\u1ecfi xem v\u1ecb b\u00e1c s\u0129 c\u00f3 \u0111\u01b0\u1ee3c ch\u1ee9ng nh\u1eadn b\u1edfi h\u1ed9i \u0111\u1ed3ng y khoa kh\u00f4ng?<\/li>\r\n    <li><h3>B\u1ea3o Hi\u1ec3m<\/h3>&#8211; \u0110i\u1ec1u quan tr\u1ecdng kh\u00f4ng k\u00e9m l\u00e0 v\u1ecb b\u00e1c s\u0129 gia \u0111\u00ecnh m\u1edbi c\u00f3 nh\u1eadn lo\u1ea1i b\u1ea3o hi\u1ec3m c\u1ee7a qu\u00fd v\u1ecb kh\u00f4ng. Ph\u1ea3i ch\u1eafc ch\u1eafn r\u1eb1ng b\u00e1c s\u0129 \u1ea5y c\u00f3 nh\u1eadn b\u1ea3o hi\u1ec3m c\u1ee7a qu\u00fd v\u1ecb tr\u01b0\u1edbc khi qu\u00fd v\u1ecb l\u00e0m h\u1eb9n. N\u1ebfu qu\u00fd v\u1ecb d\u00f9ng Medicare, Medi-Cal hay lo\u1ea1i b\u1ea3o hi\u1ec3m n\u00e0o kh\u00e1c, ph\u1ea3i ch\u1eafc ch\u1eafn r\u1eb1ng h\u1ecd nh\u1eadn c\u00e1c lo\u1ea1i b\u1ea3o hi\u1ec3m n\u00e0y.<\/li>\r\n    <li><h3>Th\u1eddi Gi\u1edd D\u00e0nh Ri\u00eang Cho Qu\u00fd V\u1ecb v\u00e0 \u0110\u1ecbnh B\u1ec7nh<\/h3>&#8211; Trong x\u00e3 h\u1ed9i b\u1eadn r\u1ed9n hi\u1ec7n t\u1ea1i, th\u1eddi gi\u1edd th\u1eadt qu\u00fd b\u00e1u. Tuy nhi\u00ean, khi li\u00ean quan t\u1edbi s\u1ee9c kh\u1ecfe c\u1ee7a qu\u00fd v\u1ecb v\u00e0 gia \u0111\u00ecnh, qu\u00fd v\u1ecb c\u1ea7n m\u1ed9t b\u00e1c s\u0129 gia \u0111\u00ecnh d\u00e0nh th\u00ec gi\u1edd cho qu\u00fd v\u1ecb, hi\u1ec3u r\u00f5 b\u1ec7nh s\u1eed v\u00e0 l\u1eafng nghe nh\u1eefng quan t\u00e2m c\u1ee7a qu\u00fd v\u1ecb.<\/li>\r\n    <li><h3>V\u1ecb Tr\u00ed C\u1ee7a Ph\u00f2ng M\u1ea1ch<\/h3>&#8211; Qu\u00fd v\u1ecb s\u1ebd c\u1ea7n m\u1ed9t b\u00e1c s\u0129 gia \u0111\u00ecnh \u1edf g\u1ea7n nh\u00e0 m\u00ecnh. C\u00f3 l\u1ebd qu\u00fd v\u1ecb s\u1ebd c\u1ea7n \u0111i kh\u00e1m b\u1ec7nh th\u01b0\u1eddng xuy\u00ean, nh\u1ea5t l\u00e0 khi qu\u00fd v\u1ecb c\u00f3 con nh\u1ecf, do \u0111\u00f3 s\u1ef1 ti\u1ec7n l\u1ee3i r\u1ea5t quan tr\u1ecdng. D\u00f9 qu\u00fd v\u1ecb s\u1ed1ng \u1edf Westminster, Garden Grove, Santa Ana, Fountain Valley, Irvine, Anaheim, hay m\u1ed9t n\u01a1i n\u00e0o kh\u00e1c trong Qu\u1eadn Cam, vi\u1ec7c t\u00ecm \u0111\u01b0\u1ee3c m\u1ed9t b\u00e1c s\u0129 gia \u0111\u00ecnh t\u1ea1i \u0111\u1ecba ph\u01b0\u01a1ng v\u00e0 ti\u1ec7n l\u1ee3i cho qu\u00fd v\u1ecb l\u00e0 \u0111i\u1ec1u v\u00f4 c\u00f9ng c\u1ea7n thi\u1ebft.<\/li>\r\n    <li><h3>S\u1ef1 S\u1eb5n S\u00e0ng C\u1ee7a B\u00e1c S\u0129<\/h3>&#8211; Ti\u1ebfp ngay theo sau v\u1ecb tr\u00ed l\u00e0 s\u1ef1 s\u1eb5n s\u00e0ng. Khi n\u00e0o qu\u00fd v\u1ecb m\u1edbi \u0111\u01b0\u1ee3c \u0111\u1ebfn kh\u00e1m b\u1ec7nh? B\u00e1c s\u0129 c\u00f3 m\u1edf c\u1eeda ng\u00e0y th\u01b0\u1eddng v\u00e0 cu\u1ed1i tu\u1ea7n? Gi\u1edd gi\u1ea5c ra sao? C\u00f3 \u0111\u01b0\u1ee3c c\u00e2u tr\u1ea3 l\u1eddi cho nh\u1eefng c\u00e2u h\u1ecfi n\u00e0y s\u1ebd gi\u00fap qu\u00fd v\u1ecb t\u00ecm \u0111\u01b0\u1ee3c v\u1ecb b\u00e1c s\u0129 gia \u0111\u00ecnh t\u1ed1t nh\u1ea5t \u1edf g\u1ea7n qu\u00fd v\u1ecb v\u00e0 \u0111\u00e1p \u1ee9ng \u0111\u01b0\u1ee3c th\u1eddi kh\u00f3a bi\u1ec3u c\u1ee7a qu\u00fd v\u1ecb, v\u00e0 c\u00f2n c\u00f3 th\u1ec3 kh\u00e1m b\u1ec7nh cho qu\u00fd v\u1ecb m\u00e0 kh\u00f4ng c\u1ea7n h\u1eb9n. C\u00f2n n\u1eefa, qu\u00fd v\u1ecb ph\u1ea3i ch\u1edd \u0111\u1ee3i bao l\u00e2u m\u1edbi t\u1edbi phi\u00ean \u0111\u01b0\u1ee3c kh\u00e1m b\u1ec7nh?<\/li>\r\n    <li><h3>Hi\u1ec3u Bi\u1ebft V\u1ec1 V\u0103n H\u00f3a<\/h3>&#8211; Qu\u1eadn Cam l\u00e0 n\u01a1i sinh s\u1ed1ng c\u1ee7a nhi\u1ec1u s\u1eafc d\u00e2n kh\u00e1c nhau. V\u1ecb b\u00e1c s\u0129 qu\u00fd v\u1ecb s\u1eafp ch\u1ecdn c\u00f3 n\u00f3i c\u00f9ng ng\u00f4n ng\u0169 c\u1ee7a qu\u00fd v\u1ecb kh\u00f4ng? H\u1ecd c\u00f3 hi\u1ec3u bi\u1ebft v\u1ec1 v\u0103n h\u00f3a c\u1ee7a qu\u00fd v\u1ecb kh\u00f4ng, nh\u1ea5t l\u00e0 \u0111\u1ed1i v\u1edbi c\u00e1c b\u1eadc cha m\u1eb9 v\u00e0 \u00f4ng b\u00e0 l\u1edbn tu\u1ed5i kh\u00f4ng n\u00f3i ti\u1ebfng Anh r\u00e0nh r\u1ebd? T\u00ecm \u0111\u01b0\u1ee3c b\u00e1c s\u0129 gia \u0111\u00ecnh t\u1ed1t l\u1ea1i n\u00f3i c\u00f9ng ng\u00f4n ng\u0169 v\u1edbi qu\u00fd v\u1ecb s\u1ebd mang \u0111\u1ebfn nhi\u1ec1u \u0111i\u1ec1u l\u1ee3i cho qu\u00fd v\u1ecb khi qu\u00fd v\u1ecb c\u1ea7n gi\u1ea3i quy\u1ebft c\u00e1c v\u1ea5n \u0111\u1ec1 v\u1ec1 s\u1ee9c kh\u1ecfe. Qu\u00fd v\u1ecb c\u1ea7n c\u00f3 m\u1ed9t li\u00ean h\u1ec7 t\u1ed1t \u0111\u1eb9p v\u1edbi b\u00e1c s\u0129 c\u1ee7a m\u00ecnh. T\u00ecm \u0111\u01b0\u1ee3c m\u1ed9t b\u00e1c s\u0129 th\u00f4ng hi\u1ec3u v\u0103n h\u00f3a c\u1ee7a m\u00ecnh s\u1ebd gi\u00fap qu\u00fd v\u1ecb d\u1ec5 quy\u1ebft \u0111\u1ecbnh h\u01a1n.<\/li>\r\n    <li><h3>Ph\u1ed1i H\u1ee3p Vi\u1ec7c Ch\u0103m S\u00f3c V\u1edbi B\u1ec7nh Vi\u1ec7n:<\/h3> Qu\u00fd v\u1ecb c\u00f3 bi\u1ebft ph\u1ea3i l\u00e0m g\u00ec khi ch\u00ednh m\u00ecnh ho\u1eb7c gia \u0111\u00ecnh m\u00ecnh c\u1ea7n ch\u0103m s\u00f3c kh\u1ea9n c\u1ea5p ho\u1eb7c nh\u1eadp vi\u1ec7n? B\u00e1c s\u0129 c\u1ee7a qu\u00fd v\u1ecb c\u00f3 th\u1ec3 ph\u1ed1i h\u1ee3p vi\u1ec7c ch\u0103m s\u00f3c m\u1ed9t c\u00e1ch hi\u1ec7u qu\u1ea3, do ch\u00ednh b\u00e1c s\u0129 ho\u1eb7c do m\u1ed9t b\u00e1c s\u0129 chuy\u00ean v\u1ec1 nh\u1eadp vi\u1ec7n? T\u00ecm \u0111\u01b0\u1ee3c m\u1ed9t b\u00e1c s\u0129 bi\u1ebft ch\u0103m s\u00f3c b\u1ec7nh nh\u00e2n khi nh\u1eadp vi\u1ec7n ho\u1eb7c c\u00f3 th\u1ec3 l\u00e0m vi\u1ec7c v\u1edbi b\u00e1c s\u0129 chuy\u00ean nh\u1eadp vi\u1ec7n, c\u00f3 th\u1ec3 truy\u1ec1n \u0111\u1ea1t v\u00e0 ph\u1ed1i h\u1ee3p vi\u1ec7c s\u0103n s\u00f3c b\u1ec7nh nh\u00e2n v\u1edbi c\u00e1c b\u00e1c s\u0129 chuy\u00ean khoa kh\u00e1c, l\u00e0 m\u1ed9t vi\u1ec7c quan tr\u1ecdng.<\/li>\r\n<\/ul>\r\n\r\n<h2>Danh S\u00e1ch C\u00e1c B\u00e1c S\u0129 Gia \u0110\u00ecnh V\u00e0 B\u00e1c S\u0129 Ch\u0103m S\u00f3c Ch\u00ednh T\u1ea1i Orange County<\/h2>\r\n<p>Qu\u1eadn Cam c\u00f3 r\u1ea5t nhi\u1ec1u b\u00e1c s\u0129 gia \u0111\u00ecnh t\u1ed1t, c\u0169ng th\u01b0\u1eddng \u0111\u01b0\u1ee3c g\u1ecdi l\u00e0 b\u00e1c s\u0129 ch\u0103m s\u00f3c ch\u00ednh. V\u1edbi h\u01a1n 60,000 b\u1ec7nh nh\u00e2n kh\u1eafp Qu\u1eadn Cam, c\u00f3 h\u01a1n 200 b\u00e1c s\u0129 ch\u0103m s\u00f3c ch\u00ednh c\u00f3 kh\u1ea3 n\u0103ng cao, v\u1edbi qu\u00e1 tr\u00ecnh gi\u00e1o d\u1ee5c t\u1ed1t, v\u00e0 \u0111\u01b0\u1ee3c ch\u1ecdn l\u1ef1a k\u1ef9 c\u00e0ng, trong Family Choice. B\u00e1c s\u0129 gia \u0111\u00ecnh c\u1ee7a FCHN c\u00f2n l\u00e0m vi\u1ec7c ch\u1eb7t ch\u1ebd v\u1edbi c\u00e1c b\u00e1c s\u0129 chuy\u00ean v\u1ec1 nh\u1eadp vi\u1ec7n v\u00e0 l\u00e0 ng\u01b0\u1eddi ph\u1ed1i h\u1ee3p vi\u1ec7c ch\u0103m s\u00f3c khi qu\u00fd v\u1ecb c\u1ea7n nh\u1eadp vi\u1ec7n.<\/p>\r\n<p>T\u00ecm Danh S\u00e1ch \u0110\u00e2y \u0110\u1ee7 C\u00e1c B\u00e1c S\u0129 Gia \u0110\u00ecnh \/ B\u00e1c S\u0129 Ch\u0103m S\u00f3c Ch\u00ednh <a href=\"\/vi\/bac-si-cham-soc-chinh\/\">T\u1ea0I \u0110\u00c2Y<\/a>.<\/p>\r\n<p>T\u1ea5t c\u1ea3 c\u00e1c b\u00e1c s\u0129 gia \u0111\u00ecnh c\u1ee7a FCHN \u0111\u1ec1u nh\u1eadn Medicare\/bao hi\u1ec3m th\u01b0\u01a1ng m\u1ea1i. C\u00e1c nh\u00e2n vi\u1ec7n ph\u1ee5c v\u1ee5 cho th\u00e0nh vi\u00ean c\u0169ng c\u00f3 th\u1ec3 gi\u00fap qu\u00fd v\u1ecb trong m\u00f9a k\u1ef3 ghi danh t\u1edbi Medicare gi\u00fap qu\u00fd v\u1ecb ch\u1ecdn b\u00e1c s\u0129 gia \u0111\u00ecnh v\u00e0 ho\u00e0n t\u1ea5t m\u1ecdi h\u1ed3 s\u01a1. Th\u1eddi k\u1ef3 ghi danh m\u1edf c\u1ee7a Medicare l\u00e0 October 15 \u2013 December 7. Th\u1eddi k\u1ef3 ghi danh c\u1ee7a c\u00e1c b\u1ea3o hi\u1ec3m kh\u00e1c thay \u0111\u1ed5i kh\u00e1c nhau. Xin g\u1ecdi cho ch\u00fang t\u00f4i ngay h\u00f4m nay \u0111\u1ec3 \u0111\u01b0\u1ee3c gi\u00fap \u0111\u1ee1 trong vi\u1ec7c ch\u1ecdn m\u1ed9t b\u00e1c s\u0129 gia \u0111\u00ecnh.<\/p>\r\n<p>C\u00e1c b\u00e1c s\u0129 gia \u0111\u00ecnh c\u1ee7a FCHN c\u00f2n nh\u1eadn h\u1ea7u h\u1ebft c\u00e1c lo\u1ea1i b\u1ea3o hi\u1ec3m. Xin li\u00ean l\u1ea1c v\u1edbi ch\u00fang t\u00f4i \u0111\u1ec3 bi\u1ebft b\u1ea3o hi\u1ec3m c\u1ee7a qu\u00fd v\u1ecb c\u00f3 \u0111\u01b0\u1ee3c nh\u1eadn kh\u00f4ng.<\/p>\r\n<p>C\u00e1c b\u00e1c s\u0129 gia \u0111\u00ecnh thu\u1ed9c FCHN th\u01b0\u1eddng d\u00e0nh nhi\u1ec1u th\u1eddi gi\u1edd cho b\u1ec7nh nh\u00e2n. Hi\u1ec3u \u0111\u01b0\u1ee3c t\u00ecnh tr\u1ea1ng c\u1ee7a qu\u00fd v\u1ecb r\u1ea5t quan tr\u1ecdng \u0111\u1ed1i v\u1edbi h\u1ecd v\u00e0 cho ph\u00e9p h\u1ecd c\u00f3 \u0111\u01b0\u1ee3c \u0111\u1ecbnh b\u1ec7nh v\u00e0 c\u00e1c ch\u1ecdn l\u1ef1a ch\u1eefa tr\u1ecb ch\u00ednh x\u00e1c nh\u1ea5t. H\u1ecd c\u0169ng m\u1edf c\u1eeda nhi\u1ec1u gi\u1edd \u0111\u1ec3 ph\u00f9 h\u1ee3p v\u1edbi th\u1eddi gi\u1edd c\u1ee7a qu\u00fd v\u1ecb. Nhi\u1ec1u b\u00e1c s\u0129 m\u1edf c\u1eeda tr\u1ec5 v\u00e0o ng\u00e0y th\u01b0\u1eddng v\u00e0 cu\u1ed1i tu\u1ea7n. Vi\u1ec7c n\u00e0y gi\u00fap qu\u00fd v\u1ecb d\u1ec5 th\u00edch \u1ee9ng h\u01a1n, cho ph\u00e9p qu\u00fd v\u1ecb \u0111i kh\u00e1m b\u1ec7nh t\u00f9y theo s\u1ef1 ti\u1ec7n l\u1ee3i c\u1ee7a m\u00ecnh. Nhi\u1ec1u b\u00e1c s\u0129 c\u1ee7a FCHN nh\u1eadn b\u1ec7nh nh\u00e2n t\u1ef1 \u0111\u1ebfn, n\u00ean trong nhi\u1ec1u tr\u01b0\u1eddng h\u1ee3p, qu\u00fd v\u1ecb kh\u00f4ng c\u1ea7n l\u1ea5y h\u1eb9n. V\u1edbi r\u1ea5t nhi\u1ec1u b\u00e1c s\u0129 thu\u1ed9c FCHN tr\u00ean kh\u1eafp Qu\u1eadn Cam, qu\u00fd v\u1ecb c\u00f3 th\u1ec3 ch\u1ecdn l\u1ef1a nhi\u1ec1u \u0111\u1ecba \u0111i\u1ec3m, khi\u1ebfn qu\u00fd v\u1ecb c\u1ea3m th\u1ea5y tho\u1ea3i m\u00e1i khi bi\u1ebft r\u1eb1ng b\u00e1c s\u0129 c\u1ee7a m\u00ecnh c\u00f3 m\u1eb7t th\u1eadt g\u1ea7n, v\u1edbi ch\u0103m s\u00f3c y t\u1ebf ph\u1ea9m ch\u1ea5t cao cho qu\u00fd v\u1ecb v\u00e0 gia \u0111\u00ecnh.<\/p>\r\n<p>V\u1edbi kh\u00e1 nhi\u1ec1u s\u1eafc d\u00e2n sinh s\u1ed1ng t\u1ea1i Qu\u1eadn Cam, \u0111\u00f4i khi kh\u00f3 t\u00ecm \u0111\u01b0\u1ee3c m\u1ed9t b\u00e1c s\u0129 gia \u0111\u00ecnh n\u00f3i c\u00f9ng m\u1ed9t ng\u00f4n ng\u0169 v\u1edbi qu\u00fd v\u1ecb. T\u1ea1i FCHN, ch\u00fang t\u00f4i c\u00f3 b\u00e1c s\u0129 gia \u0111\u00ecnh n\u00f3i ti\u1ebfng Vi\u1ec7t Nam, M\u1ef9, M\u1ec5, v\u00e0 nhi\u1ec1u th\u1ee9 ti\u1ebfng kh\u00e1c. L\u00e0m vi\u1ec7c v\u1edbi m\u1ed9t b\u00e1c s\u0129 gia \u0111\u00ecnh am hi\u1ec3u v\u0103n h\u00f3a c\u1ee7a qu\u00fd v\u1ecb l\u00e0 r\u1ea5t ti\u1ec7n l\u1ee3i v\u00e0 c\u00f3 th\u1ec3 gi\u00fap qu\u00fd v\u1ecb \u0111\u01b0\u1ee3c ch\u0103m s\u00f3c s\u1ee9c kh\u1ecfe l\u00e2u d\u00e0i t\u1ed1t nh\u1ea5t.<\/p>\r\n<\/div>","protected":false},"excerpt":{"rendered":"<p>B\u00e1c S\u0129 Gia \u0110\u00ecnh T\u1ed1t \u1edf Orange County Ch\u1ecdn m\u1ed9t b\u00e1c s\u0129 gia \u0111\u00ecnh m\u1edbi l\u00e0 m\u1ed9t quy\u1ebft \u0111\u1ecbnh quan tr\u1ecdng c\u00f3 \u1ea3nh h\u01b0\u1edfng \u0111\u1ebfn s\u1ee9c kh\u1ecfe v\u00e0 s\u1ef1 l\u00e0nh m\u1ea1nh c\u1ee7a to\u00e0n th\u1ec3 gia \u0111\u00ecnh qu\u00fd v\u1ecb. Th\u1eadt c\u00f3 qu\u00e1 nhi\u1ec1u ch\u1ecdn l\u1ef1a, v\u1eady l\u00e0m sao \u0111\u1ec3 bi\u1ebft m\u00ecnh \u0111\u00e3 ch\u1ecdn \u0111\u00fang? C\u00f3 ph\u1ea3i&hellip;<\/p>\n<p><a class=\"more-link\" href=\"https:\/\/www.familychoice.com\/vi\/bac-si-gia-dinh\/\" title=\"Continue reading &lsquo;B\u00e1c S\u0129 Gia \u0110\u00ecnh&rsquo;\">Continue reading <span class=\"meta-nav\">&rarr;<\/span><\/a><\/p>\n","protected":false},"author":1,"featured_media":0,"parent":0,"menu_order":0,"comment_status":"closed","ping_status":"closed","template":"","meta":{"_exactmetrics_skip_tracking":false,"_exactmetrics_sitenote_active":false,"_exactmetrics_sitenote_note":"","_exactmetrics_sitenote_category":0,"footnotes":""},"class_list":["post-48","page","type-page","status-publish","hentry"],"_links":{"self":[{"href":"https:\/\/www.familychoice.com\/vi\/wp-json\/wp\/v2\/pages\/48","targetHints":{"allow":["GET"]}}],"collection":[{"href":"https:\/\/www.familychoice.com\/vi\/wp-json\/wp\/v2\/pages"}],"about":[{"href":"https:\/\/www.familychoice.com\/vi\/wp-json\/wp\/v2\/types\/page"}],"author":[{"embeddable":true,"href":"https:\/\/www.familychoice.com\/vi\/wp-json\/wp\/v2\/users\/1"}],"replies":[{"embeddable":true,"href":"https:\/\/www.familychoice.com\/vi\/wp-json\/wp\/v2\/comments?post=48"}],"version-history":[{"count":8,"href":"https:\/\/www.familychoice.com\/vi\/wp-json\/wp\/v2\/pages\/48\/revisions"}],"predecessor-version":[{"id":139,"href":"https:\/\/www.familychoice.com\/vi\/wp-json\/wp\/v2\/pages\/48\/revisions\/139"}],"wp:attachment":[{"href":"https:\/\/www.familychoice.com\/vi\/wp-json\/wp\/v2\/media?parent=48"}],"curies":[{"name":"wp","href":"https:\/\/api.w.org\/{rel}","templated":true}]}}