{"id":442,"date":"2025-07-21T09:45:54","date_gmt":"2025-07-21T09:45:54","guid":{"rendered":"https:\/\/www.familychoice.com\/vi\/?page_id=442"},"modified":"2025-07-21T09:45:54","modified_gmt":"2025-07-21T09:45:54","slug":"goc-cham-soc-va-lap-trinh","status":"publish","type":"page","link":"https:\/\/www.familychoice.com\/vi\/goc-cham-soc-va-lap-trinh\/","title":{"rendered":"G\u00f3c Ch\u0103m S\u00f3c v\u00e0 L\u1eadp Tr\u00ecnh"},"content":{"rendered":"<h2>S\u1eafp ra m\u1eaft<\/h2>","protected":false},"excerpt":{"rendered":"<p>S\u1eafp ra m\u1eaft<\/p>\n","protected":false},"author":1,"featured_media":0,"parent":0,"menu_order":0,"comment_status":"closed","ping_status":"closed","template":"","meta":{"_exactmetrics_skip_tracking":false,"_exactmetrics_sitenote_active":false,"_exactmetrics_sitenote_note":"","_exactmetrics_sitenote_category":0,"footnotes":""},"class_list":["post-442","page","type-page","status-publish","hentry"],"_links":{"self":[{"href":"https:\/\/www.familychoice.com\/vi\/wp-json\/wp\/v2\/pages\/442","targetHints":{"allow":["GET"]}}],"collection":[{"href":"https:\/\/www.familychoice.com\/vi\/wp-json\/wp\/v2\/pages"}],"about":[{"href":"https:\/\/www.familychoice.com\/vi\/wp-json\/wp\/v2\/types\/page"}],"author":[{"embeddable":true,"href":"https:\/\/www.familychoice.com\/vi\/wp-json\/wp\/v2\/users\/1"}],"replies":[{"embeddable":true,"href":"https:\/\/www.familychoice.com\/vi\/wp-json\/wp\/v2\/comments?post=442"}],"version-history":[{"count":1,"href":"https:\/\/www.familychoice.com\/vi\/wp-json\/wp\/v2\/pages\/442\/revisions"}],"predecessor-version":[{"id":443,"href":"https:\/\/www.familychoice.com\/vi\/wp-json\/wp\/v2\/pages\/442\/revisions\/443"}],"wp:attachment":[{"href":"https:\/\/www.familychoice.com\/vi\/wp-json\/wp\/v2\/media?parent=442"}],"curies":[{"name":"wp","href":"https:\/\/api.w.org\/{rel}","templated":true}]}}