{"id":377,"date":"2024-06-10T06:02:45","date_gmt":"2024-06-10T06:02:45","guid":{"rendered":"https:\/\/www.familychoice.com\/vi\/?page_id=377"},"modified":"2024-06-13T05:37:09","modified_gmt":"2024-06-13T05:37:09","slug":"chuyen-gia","status":"publish","type":"page","link":"https:\/\/www.familychoice.com\/vi\/chuyen-gia\/","title":{"rendered":"CHUY\u00caN GIA"},"content":{"rendered":"<div class=\"providers-row\">\r\n\t<div class=\"providers-col\">\r\n\t\t<div class=\"providers-inner\">\r\n\t\t\t<div class=\"providers-top\">\r\n\t\t\t\t<div class=\"providers-image\">\r\n\t\t\t\t\t<img decoding=\"async\" src=\"https:\/\/familychoice.com\/wp-content\/uploads\/2024\/03\/specialists-1.jpg\">\r\n\t\t\t\t<\/div>\r\n\t\t\t\t<div class=\"providers-details\">\r\n\t\t\t\t\t<h3>Eugene Chang, MD<\/h3>\r\n\t\t\t\t\t<h6>Vitreoretinal Ophthalmologist<\/h6>\r\n\t\t\t\t\t<ul class=\"prodicers-address\">\r\n\t\t\t\t\t\t<li>\r\n\t\t\t\t\t\t\t<div class=\"icon\">\r\n\t\t\t\t\t\t\t\t<img decoding=\"async\" src=\"\/img\/map-icon.png\">\r\n\t\t\t\t\t\t\t<\/div>\r\n\t\t\t\t\t\t\t<div class=\"text\">\r\n\t\t\t\t\t\t\t\t<span>23521 Paseo De Valencia., #305, Laguna Hills, CA., 92653<\/span>\r\n\t\t\t\t\t\t\t<\/div>\r\n\t\t\t\t\t\t<\/li>\r\n\t\t\t\t\t\t<li>\r\n\t\t\t\t\t\t\t<div class=\"icon\">\r\n\t\t\t\t\t\t\t\t<img decoding=\"async\" src=\"\/img\/call-icon.png\">\r\n\t\t\t\t\t\t\t<\/div>\r\n\t\t\t\t\t\t\t<div class=\"text\">\r\n\t\t\t\t\t\t\t\t<a href=\"tel:(949) 581-1770\">(949) 581-1770<\/a>\r\n\t\t\t\t\t\t\t<\/div>\r\n\t\t\t\t\t\t<\/li>\r\n\t\t\t\t\t\t<li>\r\n\t\t\t\t\t\t\t<div class=\"icon\">\r\n\t\t\t\t\t\t\t\t<img decoding=\"async\" src=\"\/img\/fax-icon.png\">\r\n\t\t\t\t\t\t\t<\/div>\r\n\t\t\t\t\t\t\t<div class=\"text\">\r\n\t\t\t\t\t\t\t\t<a href=\"tel:(949) 454-2002\">(949) 454-2002<\/a>\r\n\t\t\t\t\t\t\t<\/div>\r\n\t\t\t\t\t\t<\/li>\r\n\t\t\t\t\t<\/ul>\r\n\t\t\t\t<\/div>\r\n\t\t\t<\/div>\r\n\r\n\t\t\t<p>Ti\u1ebfn s\u0129 Eugene Chang \u0111\u00e3 ho\u00e0n th\u00e0nh ch\u01b0\u01a1ng tr\u00ecnh nghi\u00ean c\u1ee9u sinh v\u00e0 ph\u1eabu thu\u1eadt v\u00f5ng m\u1ea1c-th\u1ee7y tinh th\u1ec3 danh gi\u00e1 k\u00e9o d\u00e0i hai n\u0103m t\u1ea1i \u0110\u1ea1i h\u1ecdc Rush\/Illinois Retina Associates \u1edf Chicago, Illinois. T\u1ea1i \u0111\u00e2y, anh \u0111\u01b0\u1ee3c \u0111\u00e0o t\u1ea1o d\u01b0\u1edbi s\u1ef1 ch\u1ec9 \u0111\u1ea1o c\u1ee7a Kirk Packo M.D., m\u1ed9t chuy\u00ean gia \u0111\u01b0\u1ee3c c\u00f4ng nh\u1eadn tr\u00ean to\u00e0n qu\u1ed1c trong l\u0129nh v\u1ef1c ph\u1eabu thu\u1eadt d\u1ecbch k\u00ednh v\u00f5ng m\u1ea1c. Ti\u1ebfn s\u0129 Chang l\u00e0 B\u00e1c s\u0129 nh\u00e3n khoa \u0111\u01b0\u1ee3c h\u1ed9i \u0111\u1ed3ng ch\u1ee9ng nh\u1eadn v\u00e0 gia nh\u1eadp nh\u00f3m c\u1ee7a ch\u00fang t\u00f4i sau h\u01a1n 15 n\u0103m h\u00e0nh ngh\u1ec1 t\u1ea1i California.<\/p>\r\n\t\t<\/div>\r\n\t<\/div>\r\n\r\n\t<div class=\"providers-col\">\r\n\t\t<div class=\"providers-inner\">\r\n\t\t\t<div class=\"providers-top\">\r\n\t\t\t\t<div class=\"providers-image\">\r\n\t\t\t\t\t<img decoding=\"async\" src=\"https:\/\/familychoice.com\/wp-content\/uploads\/2024\/03\/specialists-2.jpg\">\r\n\t\t\t\t<\/div>\r\n\t\t\t\t<div class=\"providers-details\">\r\n\t\t\t\t\t<h3>David Choi, MD<\/h3>\r\n\t\t\t\t\t<h6>Comprehensive Ophthalmologist<\/h6>\r\n\r\n\t\t\t\t\t<ul class=\"prodicers-address\">\r\n\t\t\t\t\t\t<li>\r\n\t\t\t\t\t\t\t<div class=\"icon\">\r\n\t\t\t\t\t\t\t\t<img decoding=\"async\" src=\"\/img\/map-icon.png\">\r\n\t\t\t\t\t\t\t<\/div>\r\n\t\t\t\t\t\t\t<div class=\"text\">\r\n\t\t\t\t\t\t\t\t<span>947 S. Anaheim Blvd., #120, Anaheim, CA., 92805<\/span>\r\n\t\t\t\t\t\t\t<\/div>\r\n\t\t\t\t\t\t<\/li>\r\n\t\t\t\t\t\t<li>\r\n\t\t\t\t\t\t\t<div class=\"icon\">\r\n\t\t\t\t\t\t\t\t<img decoding=\"async\" src=\"\/img\/call-icon.png\">\r\n\t\t\t\t\t\t\t<\/div>\r\n\t\t\t\t\t\t\t<div class=\"text\">\r\n\t\t\t\t\t\t\t\t<a href=\"tel:(714) 821-4666\">(714) 821-4666<\/a>\r\n\t\t\t\t\t\t\t<\/div>\r\n\t\t\t\t\t\t<\/li>\r\n\t\t\t\t\t\t<li>\r\n\t\t\t\t\t\t\t<div class=\"icon\">\r\n\t\t\t\t\t\t\t\t<img decoding=\"async\" src=\"\/img\/fax-icon.png\">\r\n\t\t\t\t\t\t\t<\/div>\r\n\t\t\t\t\t\t\t<div class=\"text\">\r\n\t\t\t\t\t\t\t\t<a href=\"tel:(714) 533-6800\">(714) 533-6800<\/a>\r\n\t\t\t\t\t\t\t<\/div>\r\n\t\t\t\t\t\t<\/li>\r\n\t\t\t\t\t<\/ul>\r\n\t\t\t\t<\/div>\r\n\t\t\t<\/div>\r\n\r\n\t\t\t<p>B\u00e1c s\u0129 David Choi l\u00e0 B\u00e1c s\u0129 nh\u00e3n khoa \u0111\u01b0\u1ee3c h\u1ed9i \u0111\u1ed3ng ch\u1ee9ng nh\u1eadn, \u0111\u00e3 ph\u1ee5c v\u1ee5 h\u01a1n 20 n\u0103m. \u00d4ng \u0111\u00e3 th\u1ef1c hi\u1ec7n h\u01a1n 10,000 ca ph\u1eabu thu\u1eadt \u0111\u1ee5c th\u1ee7y tinh th\u1ec3, gi\u00e1c m\u1ea1c v\u00e0 kh\u00fac x\u1ea1 (LASIK). B\u00e1c s\u0129 Choi \u0111\u1eb7c bi\u1ec7t quan t\u00e2m \u0111\u1ebfn vi\u1ec7c gi\u00fap b\u1ec7nh nh\u00e2n t\u00ecm th\u1ee7y tinh th\u1ec3 v\u00e0 quy tr\u00ecnh c\u1ea5y gh\u00e9p ph\u00f9 h\u1ee3p v\u1edbi ch\u1ee9c n\u0103ng v\u00e0 ng\u00e2n s\u00e1ch c\u1ee7a b\u1ec7nh nh\u00e2n.<\/p>\r\n\t\t<\/div>\r\n\t<\/div>\r\n\t<div class=\"providers-col\">\r\n\t\t<div class=\"providers-inner\">\r\n\t\t\t<div class=\"providers-top\">\r\n\t\t\t\t<div class=\"providers-image\">\r\n\t\t\t\t\t<img decoding=\"async\" src=\"https:\/\/familychoice.com\/wp-content\/uploads\/2024\/03\/specialists-3.jpg\">\r\n\t\t\t\t<\/div>\r\n\t\t\t\t<div class=\"providers-details\">\r\n\t\t\t\t\t<h3>Richard Casey, MD<\/h3>\r\n\t\t\t\t\t<h6>Cornea &#038; External Disease Ophthalmologist<\/h6>\r\n\r\n\t\t\t\t\t<ul class=\"prodicers-address\">\r\n\t\t\t\t\t\t<li>\r\n\t\t\t\t\t\t\t<div class=\"icon\">\r\n\t\t\t\t\t\t\t\t<img decoding=\"async\" src=\"\/img\/map-icon.png\">\r\n\t\t\t\t\t\t\t<\/div>\r\n\t\t\t\t\t\t\t<div class=\"text\">\r\n\t\t\t\t\t\t\t\t<span>3655 Lomita Blvd., #410, Torrance, CA., 90505<\/span>\r\n\t\t\t\t\t\t\t<\/div>\r\n\t\t\t\t\t\t<\/li>\r\n\t\t\t\t\t\t<li>\r\n\t\t\t\t\t\t\t<div class=\"icon\">\r\n\t\t\t\t\t\t\t\t<img decoding=\"async\" src=\"\/img\/call-icon.png\">\r\n\t\t\t\t\t\t\t<\/div>\r\n\t\t\t\t\t\t\t<div class=\"text\">\r\n\t\t\t\t\t\t\t\t<a href=\"tel:(310) 803-9633\">(310) 803-9633<\/a>\r\n\t\t\t\t\t\t\t<\/div>\r\n\t\t\t\t\t\t<\/li>\r\n\t\t\t\t\t\t<li>\r\n\t\t\t\t\t\t\t<div class=\"icon\">\r\n\t\t\t\t\t\t\t\t<img decoding=\"async\" src=\"\/img\/fax-icon.png\">\r\n\t\t\t\t\t\t\t<\/div>\r\n\t\t\t\t\t\t\t<div class=\"text\">\r\n\t\t\t\t\t\t\t\t<a href=\"tel:(310) 803-9634\">(310) 803-9634<\/a>\r\n\t\t\t\t\t\t\t<\/div>\r\n\t\t\t\t\t\t<\/li>\r\n\t\t\t\t\t<\/ul>\r\n\t\t\t\t<\/div>\r\n\t\t\t<\/div>\r\n\r\n\t\t\t<p>B\u00e1c s\u0129 Richard Casey l\u00e0 B\u00e1c s\u0129 nh\u00e3n khoa \u0111\u01b0\u1ee3c h\u1ed9i \u0111\u1ed3ng ch\u1ee9ng nh\u1eadn &#8211;\u00a0n\u1ed5i ti\u1ebfng trong c\u1ed9ng \u0111\u1ed3ng y t\u1ebf v\u00f9ng Los Angeles. B\u00e1c s\u0129 Casey chuy\u00ean v\u1ec1 \u0111\u1ee5c th\u1ee7y tinh th\u1ec3 tr\u00ecnh \u0111\u1ed9 cao, ph\u1eabu thu\u1eadt kh\u00fac x\u1ea1 b\u1eb1ng lazer, gh\u00e9p gi\u00e1c m\u1ea1c v\u00e0 t\u00e1i t\u1ea1o ph\u1ea7n ph\u1ee9c t\u1ea1p ph\u00eda tr\u01b0\u1edbc c\u1ee7a m\u1eaft. B\u00e1c s\u0129 Casey c\u00f3 g\u1ea7n 30 n\u0103m kinh nghi\u1ec7m, th\u1ef1c hi\u1ec7n h\u00e0ng ng\u00e0n ca ph\u1eabu thu\u1eadt v\u00e0 \u0111\u00e1nh gi\u00e1 l\u00e2m s\u00e0ng.\r\n\t\t\t<\/p>\r\n\t\t<\/div>\r\n\t<\/div>\r\n\t<div class=\"providers-col\">\r\n\t\t<div class=\"providers-inner\">\r\n\t\t\t<div class=\"providers-top\">\r\n\t\t\t\t<div class=\"providers-image\">\r\n\t\t\t\t\t<img decoding=\"async\" src=\"https:\/\/familychoice.com\/wp-content\/uploads\/2024\/03\/specialists-4.jpg\">\r\n\t\t\t\t<\/div>\r\n\t\t\t\t<div class=\"providers-details\">\r\n\t\t\t\t\t<h3>Dwayne Logan, MD<\/h3>\r\n\t\t\t\t\t<h6>Cornea &#038; External Disease &#038; Glaucoma &#038; Oculoplastic Ophthalmologist<\/h6>\r\n\r\n\t\t\t\t\t<ul class=\"prodicers-address\">\r\n\t\t\t\t\t\t<li>\r\n\t\t\t\t\t\t\t<div class=\"icon\">\r\n\t\t\t\t\t\t\t\t<img decoding=\"async\" src=\"\/img\/map-icon.png\">\r\n\t\t\t\t\t\t\t<\/div>\r\n\t\t\t\t\t\t\t<div class=\"text\">\r\n\t\t\t\t\t\t\t\t<span>7677 Center Ave., Ste 301, Huntington Beach, CA., 92647<\/span>\r\n\t\t\t\t\t\t\t<\/div>\r\n\t\t\t\t\t\t<\/li>\r\n\t\t\t\t\t\t<li>\r\n\t\t\t\t\t\t\t<div class=\"icon\">\r\n\t\t\t\t\t\t\t\t<img decoding=\"async\" src=\"\/img\/call-icon.png\">\r\n\t\t\t\t\t\t\t<\/div>\r\n\t\t\t\t\t\t\t<div class=\"text\">\r\n\t\t\t\t\t\t\t\t<a href=\"tel:(714) 901-2007\">(714) 901-2007<\/a>\r\n\t\t\t\t\t\t\t<\/div>\r\n\t\t\t\t\t\t<\/li>\r\n\t\t\t\t\t\t<li>\r\n\t\t\t\t\t\t\t<div class=\"icon\">\r\n\t\t\t\t\t\t\t\t<img decoding=\"async\" src=\"\/img\/fax-icon.png\">\r\n\t\t\t\t\t\t\t<\/div>\r\n\t\t\t\t\t\t\t<div class=\"text\">\r\n\t\t\t\t\t\t\t\t<a href=\"tel:(714) 901-2003\">(714) 901-2003<\/a>\r\n\t\t\t\t\t\t\t<\/div>\r\n\t\t\t\t\t\t<\/li>\r\n\t\t\t\t\t<\/ul>\r\n\t\t\t\t<\/div>\r\n\t\t\t<\/div>\r\n\r\n\t\t\t<p>B\u00e1c s\u0129 Dwayne Logan l\u00e0 m\u1ed9t B\u00e1c s\u0129 ph\u1eabu thu\u1eadt n\u1ed5i ti\u1ebfng, \u0111\u01b0\u1ee3c h\u1ed9i \u0111\u1ed3ng ch\u1ee9ng nh\u1eadn, chuy\u00ean ph\u1eabu thu\u1eadt kh\u00fac x\u1ea1 v\u00e0 ph\u1ea7n ph\u00eda tr\u01b0\u1edbc con m\u1eaft. \u00d4ng chuy\u00ean v\u1ec1 ph\u1eabu thu\u1eadt \u0111\u1ee5c th\u1ee7y tinh th\u1ec3 ph\u1ee9c t\u1ea1p, b\u1ec7nh t\u0103ng nh\u00e3n \u00e1p v\u00e0 t\u1ea1o h\u00ecnh m\u1eaft. \u00d4ng \u00e1p d\u1ee5ng ph\u01b0\u01a1ng ph\u00e1p ti\u1ebfn b\u1ed9 v\u00e0 s\u00e1ng t\u1ea1o trong c\u00e1c k\u1ef9 thu\u1eadt v\u00e0 qui tr\u00ecnh ph\u1eabu thu\u1eadt, bao g\u1ed3m gh\u00e9p gi\u00e1c m\u1ea1c, ph\u1eabu thu\u1eadt \u0111\u1ee5c th\u1ee7y tinh th\u1ec3, th\u1ea5u k\u00ednh n\u1ed9i nh\u00e3n phakic, LASIK v\u00e0 th\u1ea5u kinh trao \u0111\u1ed5i kh\u00fac x\u1ea1.\u00a0\r\n\t\t\t<\/p>\r\n\t\t<\/div>\r\n\t<\/div>\r\n\t<div class=\"providers-col\">\r\n\t\t<div class=\"providers-inner\">\r\n\t\t\t<div class=\"providers-top\">\r\n\t\t\t\t<div class=\"providers-image\">\r\n\t\t\t\t\t<img decoding=\"async\" src=\"https:\/\/familychoice.com\/wp-content\/uploads\/2024\/03\/specialists-5.jpg\">\r\n\t\t\t\t<\/div>\r\n\t\t\t\t<div class=\"providers-details\">\r\n\t\t\t\t\t<h3>Myles Brookman, MD<\/h3>\r\n\t\t\t\t\t<h6>Comprehensive Ophthalmologist<\/h6>\r\n\r\n\t\t\t\t\t<ul class=\"prodicers-address\">\r\n\t\t\t\t\t\t<li>\r\n\t\t\t\t\t\t\t<div class=\"icon\">\r\n\t\t\t\t\t\t\t\t<img decoding=\"async\" src=\"\/img\/map-icon.png\">\r\n\t\t\t\t\t\t\t<\/div>\r\n\t\t\t\t\t\t\t<div class=\"text\">\r\n\t\t\t\t\t\t\t\t<span>5991 E. Spring St., Long Beach, CA., 90808<\/span>\r\n\t\t\t\t\t\t\t<\/div>\r\n\t\t\t\t\t\t<\/li>\r\n\t\t\t\t\t\t<li>\r\n\t\t\t\t\t\t\t<div class=\"icon\">\r\n\t\t\t\t\t\t\t\t<img decoding=\"async\" src=\"\/img\/call-icon.png\">\r\n\t\t\t\t\t\t\t<\/div>\r\n\t\t\t\t\t\t\t<div class=\"text\">\r\n\t\t\t\t\t\t\t\t<a href=\"tel:562-938-9945\">562-938-9945<\/a>\r\n\t\t\t\t\t\t\t<\/div>\r\n\t\t\t\t\t\t<\/li>\r\n\t\t\t\t\t\t<li>\r\n\t\t\t\t\t\t\t<div class=\"icon\">\r\n\t\t\t\t\t\t\t\t<img decoding=\"async\" src=\"\/img\/fax-icon.png\">\r\n\t\t\t\t\t\t\t<\/div>\r\n\t\t\t\t\t\t\t<div class=\"text\">\r\n\t\t\t\t\t\t\t\t<a href=\"tel:562-496-0433\">562-496-0433<\/a>\r\n\t\t\t\t\t\t\t<\/div>\r\n\t\t\t\t\t\t<\/li>\r\n\t\t\t\t\t<\/ul>\r\n\t\t\t\t<\/div>\r\n\t\t\t<\/div>\r\n\r\n\t\t\t<p>B\u00e1c s\u0129 Myles Brookman gia nh\u1eadp Azul Vision n\u0103m 2020. K\u1ebft h\u1ee3p ni\u1ec1m \u0111am m\u00ea nghi\u00ean c\u1ee9u ti\u00ean ti\u1ebfn v\u00e0 ch\u0103m s\u00f3c b\u1ec7nh nh\u00e2n tr\u1ef1c ti\u1ebfp, \u00d4ng \u0111\u01b0a ra c\u00e1c ph\u00e1c \u0111\u1ed3 \u0111i\u1ec1u tr\u1ecb m\u1edbi nh\u1ea5t v\u00e0 ch\u0103m s\u00f3c t\u1ed1t nh\u1ea5t cho b\u1ec7nh nh\u00e2n c\u1ee7a m\u00ecnh. \u0110\u01b0\u1ee3c bi\u1ebft \u0111\u1ebfn v\u1edbi quan \u0111i\u1ec3m \u1ee9ng x\u1eed nhi\u1ec7t t\u00ecnh v\u00e0 th\u00e2n thi\u1ec7n trong cu\u1ed9c s\u1ed1ng, B\u00e1c s\u0129 Brookman chuy\u00ean\u00a0 v\u1ec1 Nh\u00e3n khoa to\u00e0n di\u1ec7n, \u0111\u1eb7c bi\u1ec7t quan t\u00e2m \u0111\u1ebfn ph\u1eabu thu\u1eadt \u0111\u1ee5c th\u1ee7y tinh th\u1ec3 v\u00e0 b\u1ec7nh t\u0103ng nh\u00e3n \u00e1p x\u00e2m l\u1ea5n t\u1ed1i thi\u1ec3u.\r\n\t\t\t<\/p>\r\n\t\t<\/div>\r\n\t<\/div>\r\n<\/div>\r\n","protected":false},"excerpt":{"rendered":"<p>Eugene Chang, MD Vitreoretinal Ophthalmologist 23521 Paseo De Valencia., #305, Laguna Hills, CA., 92653 (949) 581-1770 (949) 454-2002 Ti\u1ebfn s\u0129 Eugene Chang \u0111\u00e3 ho\u00e0n th\u00e0nh ch\u01b0\u01a1ng tr\u00ecnh nghi\u00ean c\u1ee9u sinh v\u00e0 ph\u1eabu thu\u1eadt v\u00f5ng m\u1ea1c-th\u1ee7y tinh th\u1ec3 danh gi\u00e1 k\u00e9o d\u00e0i hai n\u0103m t\u1ea1i \u0110\u1ea1i h\u1ecdc Rush\/Illinois Retina Associates \u1edf Chicago, Illinois. T\u1ea1i \u0111\u00e2y, anh&hellip;<\/p>\n<p><a class=\"more-link\" href=\"https:\/\/www.familychoice.com\/vi\/chuyen-gia\/\" title=\"Continue reading &lsquo;CHUY\u00caN GIA&rsquo;\">Continue reading <span class=\"meta-nav\">&rarr;<\/span><\/a><\/p>\n","protected":false},"author":1,"featured_media":0,"parent":0,"menu_order":0,"comment_status":"closed","ping_status":"closed","template":"","meta":{"_exactmetrics_skip_tracking":false,"_exactmetrics_sitenote_active":false,"_exactmetrics_sitenote_note":"","_exactmetrics_sitenote_category":0,"footnotes":""},"class_list":["post-377","page","type-page","status-publish","hentry"],"_links":{"self":[{"href":"https:\/\/www.familychoice.com\/vi\/wp-json\/wp\/v2\/pages\/377","targetHints":{"allow":["GET"]}}],"collection":[{"href":"https:\/\/www.familychoice.com\/vi\/wp-json\/wp\/v2\/pages"}],"about":[{"href":"https:\/\/www.familychoice.com\/vi\/wp-json\/wp\/v2\/types\/page"}],"author":[{"embeddable":true,"href":"https:\/\/www.familychoice.com\/vi\/wp-json\/wp\/v2\/users\/1"}],"replies":[{"embeddable":true,"href":"https:\/\/www.familychoice.com\/vi\/wp-json\/wp\/v2\/comments?post=377"}],"version-history":[{"count":3,"href":"https:\/\/www.familychoice.com\/vi\/wp-json\/wp\/v2\/pages\/377\/revisions"}],"predecessor-version":[{"id":383,"href":"https:\/\/www.familychoice.com\/vi\/wp-json\/wp\/v2\/pages\/377\/revisions\/383"}],"wp:attachment":[{"href":"https:\/\/www.familychoice.com\/vi\/wp-json\/wp\/v2\/media?parent=377"}],"curies":[{"name":"wp","href":"https:\/\/api.w.org\/{rel}","templated":true}]}}