{"id":375,"date":"2024-06-10T06:01:07","date_gmt":"2024-06-10T06:01:07","guid":{"rendered":"https:\/\/www.familychoice.com\/vi\/?page_id=375"},"modified":"2024-06-10T06:01:07","modified_gmt":"2024-06-10T06:01:07","slug":"bac-si-cham-soc-chinh-2","status":"publish","type":"page","link":"https:\/\/www.familychoice.com\/vi\/bac-si-cham-soc-chinh-2\/","title":{"rendered":"B\u00c1C S\u0128 CH\u0102M S\u00d3C CH\u00cdNH"},"content":{"rendered":"<div class=\"providers-row\">\r\n\r\n<div class=\"providers-col\">\r\n    <div class=\"providers-inner\">\r\n        <div class=\"providers-top\">\r\n            <div class=\"providers-image\">\r\n<img decoding=\"async\" src=\"https:\/\/familychoice.com\/wp-content\/uploads\/2023\/12\/image2.jpg\">\r\n<\/div>\r\n            <div class=\"providers-details\">\r\n                <h3>Vivian Nguyen, MD<\/h3>\r\n                <h6>Internal Medicine Specialist<\/h6>\r\n                \r\n                <ul class=\"prodicers-address\">\r\n                    <li>\r\n                        <div class=\"icon\">\r\n                            <img decoding=\"async\" src=\"\/img\/map-icon.png\">\r\n                        <\/div>\r\n                        <div class=\"text\">\r\n                            <span>8419 Westminster Blvd. Westminster CA. 92683<\/span>\r\n                        <\/div>\r\n                    <\/li>\r\n                    <li>\r\n                        <div class=\"icon\">\r\n                            <img decoding=\"async\" src=\"\/img\/call-icon.png\">\r\n                        <\/div>\r\n                        <div class=\"text\">\r\n                            <a href=\"tel:7142489558\">714-248-9558<\/a>\r\n                        <\/div>\r\n                    <\/li>\r\n                    \r\n                <\/ul>\r\n            <\/div>\r\n        <\/div>\r\n        \r\n        <p>B\u00e1c s\u0129 Nguy\u1ec5n th\u00edch h\u00e0nh ngh\u1ec1 y v\u00ec c\u00f4 th\u00edch n\u00f3i chuy\u1ec7n v\u00e0 t\u01b0\u01a1ng t\u00e1c v\u1edbi b\u1ec7nh nh\u00e2n c\u0169ng nh\u01b0 ch\u0103m s\u00f3c h\u1ecd th\u00f4ng qua t\u01b0\u01a1ng t\u00e1c gi\u1eefa con ng\u01b0\u1eddi v\u1edbi nhau.\r\n<\/p>\r\n    <\/div>\r\n<\/div>\r\n<div class=\"providers-col\">\r\n    <div class=\"providers-inner\">\r\n        <div class=\"providers-top\">\r\n            <div class=\"providers-image\">\r\n                <img decoding=\"async\" src=\"https:\/\/familychoice.com\/wp-content\/uploads\/2023\/12\/image1.jpg\">\r\n            <\/div>\r\n            <div class=\"providers-details\">\r\n                <h3>Calvin Doan, DO<\/h3>\r\n                <h6>Family Practice<\/h6>\r\n                \r\n                <ul class=\"prodicers-address\">\r\n                    <li>\r\n                        <div class=\"icon\">\r\n                            <img decoding=\"async\" src=\"\/img\/map-icon.png\">\r\n                        <\/div>\r\n                        <div class=\"text\">\r\n                            <span>2929 S. Harbor Blvd. Santa Ana, CA 92704<\/span>\r\n                        <\/div>\r\n                    <\/li>\r\n                    <li>\r\n                        <div class=\"icon\">\r\n                            <img decoding=\"async\" src=\"\/img\/call-icon.png\">\r\n                        <\/div>\r\n                        <div class=\"text\">\r\n                            <a href=\"tel:949-535-0061\">949-535-0061<\/a>\r\n                        <\/div>\r\n                    <\/li>\r\n                    \r\n                <\/ul>\r\n            <\/div>\r\n        <\/div>\r\n        \r\n        <p>T\u00f4i th\u00edch \u0111i ch\u01a1i v\u1edbi gia \u0111\u00ecnh, ch\u01a1i v\u1edbi ch\u00fa ch\u00f3 c\u1ee7a m\u00ecnh v\u00e0 t\u1eadp th\u1ec3 d\u1ee5c! S\u1edf th\u00edch c\u1ee7a t\u00f4i bao g\u1ed3m v\u00f5 thu\u1eadt t\u1ed5ng h\u1ee3p, \u0111\u1ea5m b\u1ed1c, b\u00f3ng r\u1ed5, b\u00f3ng n\u00e9m v\u00e0 \u00e2m nh\u1ea1c.\r\n<\/p>\r\n    <\/div>\r\n<\/div>\r\n\r\n<\/div>","protected":false},"excerpt":{"rendered":"<p>Vivian Nguyen, MD Internal Medicine Specialist 8419 Westminster Blvd. Westminster CA. 92683 714-248-9558 B\u00e1c s\u0129 Nguy\u1ec5n th\u00edch h\u00e0nh ngh\u1ec1 y v\u00ec c\u00f4 th\u00edch n\u00f3i chuy\u1ec7n v\u00e0 t\u01b0\u01a1ng t\u00e1c v\u1edbi b\u1ec7nh nh\u00e2n c\u0169ng nh\u01b0 ch\u0103m s\u00f3c h\u1ecd th\u00f4ng qua t\u01b0\u01a1ng t\u00e1c gi\u1eefa con ng\u01b0\u1eddi v\u1edbi nhau. Calvin Doan, DO Family Practice 2929 S. Harbor Blvd. Santa&hellip;<\/p>\n<p><a class=\"more-link\" href=\"https:\/\/www.familychoice.com\/vi\/bac-si-cham-soc-chinh-2\/\" title=\"Continue reading &lsquo;B\u00c1C S\u0128 CH\u0102M S\u00d3C CH\u00cdNH&rsquo;\">Continue reading <span class=\"meta-nav\">&rarr;<\/span><\/a><\/p>\n","protected":false},"author":1,"featured_media":0,"parent":0,"menu_order":0,"comment_status":"closed","ping_status":"closed","template":"","meta":{"_exactmetrics_skip_tracking":false,"_exactmetrics_sitenote_active":false,"_exactmetrics_sitenote_note":"","_exactmetrics_sitenote_category":0,"footnotes":""},"class_list":["post-375","page","type-page","status-publish","hentry"],"_links":{"self":[{"href":"https:\/\/www.familychoice.com\/vi\/wp-json\/wp\/v2\/pages\/375","targetHints":{"allow":["GET"]}}],"collection":[{"href":"https:\/\/www.familychoice.com\/vi\/wp-json\/wp\/v2\/pages"}],"about":[{"href":"https:\/\/www.familychoice.com\/vi\/wp-json\/wp\/v2\/types\/page"}],"author":[{"embeddable":true,"href":"https:\/\/www.familychoice.com\/vi\/wp-json\/wp\/v2\/users\/1"}],"replies":[{"embeddable":true,"href":"https:\/\/www.familychoice.com\/vi\/wp-json\/wp\/v2\/comments?post=375"}],"version-history":[{"count":1,"href":"https:\/\/www.familychoice.com\/vi\/wp-json\/wp\/v2\/pages\/375\/revisions"}],"predecessor-version":[{"id":376,"href":"https:\/\/www.familychoice.com\/vi\/wp-json\/wp\/v2\/pages\/375\/revisions\/376"}],"wp:attachment":[{"href":"https:\/\/www.familychoice.com\/vi\/wp-json\/wp\/v2\/media?parent=375"}],"curies":[{"name":"wp","href":"https:\/\/api.w.org\/{rel}","templated":true}]}}