{"id":357,"date":"2024-04-30T05:10:10","date_gmt":"2024-04-30T05:10:10","guid":{"rendered":"https:\/\/www.familychoice.com\/vi\/?page_id=357"},"modified":"2026-04-01T04:29:27","modified_gmt":"2026-04-01T04:29:27","slug":"bac-si-trong-nha-thuong","status":"publish","type":"page","link":"https:\/\/www.familychoice.com\/vi\/bac-si-trong-nha-thuong\/","title":{"rendered":"B\u00e1c S\u0129 Trong Nh\u00e0 Th\u01b0\u01a1ng"},"content":{"rendered":"<div class=\"google-image\" style=\"text-align: center;\"><a href=\"https:\/\/docs.google.com\/document\/d\/1177uK2OvPXtCcnQkHEvIYIl9M3Pyh-ZF\/\" target=\"_blank\" rel=\"noopener\"><img decoding=\"async\" src=\"https:\/\/familychoice.com\/wp-content\/uploads\/2026\/03\/Vietnamese.jpg\" alt=\"\" class=\"google-doc\"\/><\/a><\/div>\r\n\r\n\r\n\r\n\r\n<ul>\t\r\n<li>Dr. Afshin Zandpour&#8217;s <\/li>\r\n<li>Dr. Calvin Doan&#8217;s<\/li>\r\n\t<li>Dr. Chan Nguyen<\/li>\r\n        <li>Dr. Dat Nguyen<\/li>\r\n\r\n\t<li>Dr. Sutaja Lalla Reddy<\/li>\r\n\t\r\n\t<li>Dr. Thao Phung<\/li>\r\n\t<li>Dr. Niem Nguyen<\/li>\r\n       <li>Dr. Kari Vu<\/li>\r\n\r\n<\/ul>\r\n\r\n","protected":false},"excerpt":{"rendered":"<p>Dr. Afshin Zandpour&#8217;s Dr. Calvin Doan&#8217;s Dr. Chan Nguyen Dr. Dat Nguyen Dr. Sutaja Lalla Reddy Dr. Thao Phung Dr. Niem Nguyen Dr. Kari Vu<\/p>\n","protected":false},"author":1,"featured_media":0,"parent":0,"menu_order":0,"comment_status":"closed","ping_status":"closed","template":"","meta":{"_exactmetrics_skip_tracking":false,"_exactmetrics_sitenote_active":false,"_exactmetrics_sitenote_note":"","_exactmetrics_sitenote_category":0,"footnotes":""},"class_list":["post-357","page","type-page","status-publish","hentry"],"_links":{"self":[{"href":"https:\/\/www.familychoice.com\/vi\/wp-json\/wp\/v2\/pages\/357","targetHints":{"allow":["GET"]}}],"collection":[{"href":"https:\/\/www.familychoice.com\/vi\/wp-json\/wp\/v2\/pages"}],"about":[{"href":"https:\/\/www.familychoice.com\/vi\/wp-json\/wp\/v2\/types\/page"}],"author":[{"embeddable":true,"href":"https:\/\/www.familychoice.com\/vi\/wp-json\/wp\/v2\/users\/1"}],"replies":[{"embeddable":true,"href":"https:\/\/www.familychoice.com\/vi\/wp-json\/wp\/v2\/comments?post=357"}],"version-history":[{"count":27,"href":"https:\/\/www.familychoice.com\/vi\/wp-json\/wp\/v2\/pages\/357\/revisions"}],"predecessor-version":[{"id":496,"href":"https:\/\/www.familychoice.com\/vi\/wp-json\/wp\/v2\/pages\/357\/revisions\/496"}],"wp:attachment":[{"href":"https:\/\/www.familychoice.com\/vi\/wp-json\/wp\/v2\/media?parent=357"}],"curies":[{"name":"wp","href":"https:\/\/api.w.org\/{rel}","templated":true}]}}