{"id":34,"date":"2016-04-26T23:41:49","date_gmt":"2016-04-26T23:41:49","guid":{"rendered":"http:\/\/dev.familydoctorsorangecounty.com\/vi\/?page_id=34"},"modified":"2016-08-23T16:45:01","modified_gmt":"2016-08-23T16:45:01","slug":"ban-do","status":"publish","type":"page","link":"https:\/\/www.familychoice.com\/vi\/ban-do\/","title":{"rendered":"B\u1ea3n \u0110\u1ed3"},"content":{"rendered":"<div>\r\n  <ul>\r\n    <li><a href=\"\/vi\/\">Trang nh\u00e0<\/a><\/li>\r\n    <li><a href=\"\/vi\/dich-vu\/\">D\u1ecbch V\u1ee5<\/a><\/li>\r\n    <li><a href=\"\/vi\/mua-ghi-danh\/\">M\u00f9a Ghi Danh<\/a><\/li>\r\n    <li><a href=\"\/vi\/cach-chon-mot-bac-si-gia-dinh\/\">C\u00e1ch Ch\u1ecdn M\u1ed9t B\u00e1c S\u0129 Gia \u0110\u00ecnh<\/a><\/li>\r\n    <li><a href=\"\/vi\/de-hieu-ve-chung-toi\/\">\u0110\u1ec3 Hi\u1ec3u V\u1ec1 Ch\u00fang T\u00f4i<\/a><\/li>\r\n    <li><a href=\"\/vi\/lien-lac-voi-chung-toi\/\">Li\u00ean L\u1ea1c V\u1edbi Ch\u00fang T\u00f4i<\/a><\/li>\r\n    <li><a href=\"\/vi\/bac-si-cham-soc-chinh\/\">B\u00e1c S\u0129 Ch\u0103m S\u00f3c Ch\u00ednh<\/a><\/li>\r\n    <li><a href=\"\/vi\/bac-si-gia-dinh\/\">B\u00e1c S\u0129 Gia \u0110\u00ecnh<\/a><\/li>\r\n    <li><a href=\"\/vi\/bac-si-chuyen-mon-tai-quan-cam\/\">B\u00e1c s\u0129 chuy\u00ean m\u00f4n t\u1ea1i Qu\u1eadn Cam<\/a><\/li>\r\n    <li><a href=\"\/vi\/thanh-vien\/\">Th\u00e0nh Vi\u00ean<\/a><\/li>\r\n    <li><a href=\"https:\/\/www.capcms.com\/CapConnect\/login.aspx?ipa=fmlych&#038;url=www.familychoicemedicalgroup.com\" target=\"_blank\">Providers<\/a><\/li>  \r\n    <li><a href=\"\/vi\/chinh-sach-ve-quyen-rieng-tu\/\">Ch\u00ednh S\u00e1ch v\u1ec1 Quy\u1ec1n Ri\u00eang T\u01b0 <\/a><\/li>\r\n  <\/ul>\r\n<\/div>","protected":false},"excerpt":{"rendered":"<p>Trang nh\u00e0 D\u1ecbch V\u1ee5 M\u00f9a Ghi Danh C\u00e1ch Ch\u1ecdn M\u1ed9t B\u00e1c S\u0129 Gia \u0110\u00ecnh \u0110\u1ec3 Hi\u1ec3u V\u1ec1 Ch\u00fang T\u00f4i Li\u00ean L\u1ea1c V\u1edbi Ch\u00fang T\u00f4i B\u00e1c S\u0129 Ch\u0103m S\u00f3c Ch\u00ednh B\u00e1c S\u0129 Gia \u0110\u00ecnh B\u00e1c s\u0129 chuy\u00ean m\u00f4n t\u1ea1i Qu\u1eadn Cam Th\u00e0nh Vi\u00ean Providers Ch\u00ednh S\u00e1ch v\u1ec1 Quy\u1ec1n Ri\u00eang T\u01b0<\/p>\n","protected":false},"author":1,"featured_media":0,"parent":0,"menu_order":0,"comment_status":"closed","ping_status":"closed","template":"","meta":{"_exactmetrics_skip_tracking":false,"_exactmetrics_sitenote_active":false,"_exactmetrics_sitenote_note":"","_exactmetrics_sitenote_category":0,"footnotes":""},"class_list":["post-34","page","type-page","status-publish","hentry"],"_links":{"self":[{"href":"https:\/\/www.familychoice.com\/vi\/wp-json\/wp\/v2\/pages\/34","targetHints":{"allow":["GET"]}}],"collection":[{"href":"https:\/\/www.familychoice.com\/vi\/wp-json\/wp\/v2\/pages"}],"about":[{"href":"https:\/\/www.familychoice.com\/vi\/wp-json\/wp\/v2\/types\/page"}],"author":[{"embeddable":true,"href":"https:\/\/www.familychoice.com\/vi\/wp-json\/wp\/v2\/users\/1"}],"replies":[{"embeddable":true,"href":"https:\/\/www.familychoice.com\/vi\/wp-json\/wp\/v2\/comments?post=34"}],"version-history":[{"count":15,"href":"https:\/\/www.familychoice.com\/vi\/wp-json\/wp\/v2\/pages\/34\/revisions"}],"predecessor-version":[{"id":155,"href":"https:\/\/www.familychoice.com\/vi\/wp-json\/wp\/v2\/pages\/34\/revisions\/155"}],"wp:attachment":[{"href":"https:\/\/www.familychoice.com\/vi\/wp-json\/wp\/v2\/media?parent=34"}],"curies":[{"name":"wp","href":"https:\/\/api.w.org\/{rel}","templated":true}]}}