{"id":26,"date":"2016-04-21T18:15:02","date_gmt":"2016-04-21T18:15:02","guid":{"rendered":"http:\/\/dev.familydoctorsorangecounty.com\/vi\/?page_id=26"},"modified":"2025-10-22T04:48:23","modified_gmt":"2025-10-22T04:48:23","slug":"lien-lac-voi-chung-toi","status":"publish","type":"page","link":"https:\/\/www.familychoice.com\/vi\/lien-lac-voi-chung-toi\/","title":{"rendered":"Li\u00ean L\u1ea1c V\u1edbi Ch\u00fang T\u00f4i"},"content":{"rendered":"<div id=\"contact-us-form\">\r\n<div class=\"img-align-right contact-address\">\r\n<div class=\"interior-page-img-container contact-us-banner-img\">\r\n <img decoding=\"async\" style=\"max-width: 100%;\" src=\"\/wp-content\/themes\/quark\/images\/contact_us.jpg\" alt=\"\" \/>\r\n<\/div>\r\n<h4><br \/>Family Choice<\/h4>\r\n<h4>7631 Wyoming Street, Suite 107<br \/>\r\nWestminster, CA 92683<\/h4>\r\n\r\n<h4 style=\"margin-bottom:2px;\">800-611-0111 (TTY 711)<\/h4>\r\n\r\n<div id=\"contact-us-directory-container\">\r\n\r\n<div id=\"added-text\" style=\"padding:15px 0;\">\r\n  <div class=\"column-1\" style=\"padding-bottom:15px;\">\r\n    <p>D\u1ecbch v\u1ee5 Th\u00e0nh vi\u00ean Cal Optima<\/p>\r\n    <p class=\"directory-department\" style=\"margin:0px;\">800-611-0111<\/p>\r\n  <\/div>\r\n\r\n  <div class=\"column-3\" style=\"margin-bottom:15px;\">\r\n    <p>\u0110\u1ec3 bi\u1ebft tr\u1ea1ng th\u00e1i y\u00eau c\u1ea7u b\u1ed3i th\u01b0\u1eddng v\u00e0 nh\u00e0 cung c\u1ea5p, vui l\u00f2ng g\u1eedi email \u0111\u1ebfn<\/p>\r\n    <p><a style=\"color: #59584c; margin-top: 8px;\" href=\"mailto:prs@familychoicemso.com\">prs@familychoicemso.com<\/a><\/p>\r\n  <\/div>\r\n\r\n  <div class=\"column-3\" style=\"margin-bottom:15px;\">\r\n    <p>D\u00e0nh cho th\u00e0nh vi\u00ean, vui l\u00f2ng g\u1eedi email:<\/p>\r\n    <p><a style=\"color: #59584c; margin-top: 8px;\" href=\"mailto:csr@familychoice.com\">csr@familychoice.com<\/a><\/p>\r\n  <\/div>\r\n\r\n<\/div>\r\n\r\n    <div class=\"column-2\"><p>Claims Mailing Address<\/p>\r\n    <p style=\"margin-top: 5px;\" class=\"directory-department\">FCMG\/FCMS-Altura MSO<br \/>PO Box 7280<br \/>Los Angeles, CA 90022-0980<\/p><p class=\"directory-info-last\">\r\n    <\/p>\r\n<\/div>\r\n<\/div>\r\n\r\n<\/div>\r\n\n<div class=\"wpcf7 no-js\" id=\"wpcf7-f36-o1\" lang=\"en-US\" dir=\"ltr\" data-wpcf7-id=\"36\">\n<div class=\"screen-reader-response\"><p role=\"status\" aria-live=\"polite\" aria-atomic=\"true\"><\/p> <ul><\/ul><\/div>\n<form action=\"\/vi\/wp-json\/wp\/v2\/pages\/26#wpcf7-f36-o1\" method=\"post\" class=\"wpcf7-form init\" aria-label=\"Contact form\" novalidate=\"novalidate\" data-status=\"init\">\n<div style=\"display: none;\">\n<input type=\"hidden\" name=\"_wpcf7\" value=\"36\" \/>\n<input type=\"hidden\" name=\"_wpcf7_version\" value=\"6.0.3\" \/>\n<input type=\"hidden\" name=\"_wpcf7_locale\" value=\"en_US\" \/>\n<input type=\"hidden\" name=\"_wpcf7_unit_tag\" value=\"wpcf7-f36-o1\" \/>\n<input type=\"hidden\" name=\"_wpcf7_container_post\" value=\"0\" \/>\n<input type=\"hidden\" name=\"_wpcf7_posted_data_hash\" value=\"\" \/>\n<input type=\"hidden\" name=\"_wpcf7_recaptcha_response\" value=\"\" \/>\n<\/div>\n<p>T\u00ean <span class=\"form-required\">*<\/span>\n<\/p>\n<p><span class=\"wpcf7-form-control-wrap\" data-name=\"first\"><input size=\"40\" maxlength=\"400\" class=\"wpcf7-form-control wpcf7-text wpcf7-validates-as-required\" aria-required=\"true\" aria-invalid=\"false\" value=\"\" type=\"text\" name=\"first\" \/><\/span>\n<\/p>\n<p>H\u1ecd <span class=\"form-required\">*<\/span>\n<\/p>\n<p><span class=\"wpcf7-form-control-wrap\" data-name=\"last\"><input size=\"40\" maxlength=\"400\" class=\"wpcf7-form-control wpcf7-text wpcf7-validates-as-required\" aria-required=\"true\" aria-invalid=\"false\" value=\"\" type=\"text\" name=\"last\" \/><\/span>\n<\/p>\n<p>S\u1ed1 \u0110i\u1ec7n Tho\u1ea1i <span class=\"form-required\">*<\/span>\n<\/p>\n<p><span class=\"wpcf7-form-control-wrap\" data-name=\"phone\"><input size=\"40\" maxlength=\"400\" class=\"wpcf7-form-control wpcf7-tel wpcf7-validates-as-required wpcf7-text wpcf7-validates-as-tel\" aria-required=\"true\" aria-invalid=\"false\" value=\"\" type=\"tel\" name=\"phone\" \/><\/span>\n<\/p>\n<p>\u0110\u1ecba Ch\u1ec9 Email <span class=\"form-required\">*<\/span>\n<\/p>\n<p><span class=\"wpcf7-form-control-wrap\" data-name=\"email\"><input size=\"40\" maxlength=\"400\" class=\"wpcf7-form-control wpcf7-email wpcf7-validates-as-required wpcf7-text wpcf7-validates-as-email\" aria-required=\"true\" aria-invalid=\"false\" value=\"\" type=\"email\" name=\"email\" \/><\/span>\n<\/p>\n<p>T\u00f4i mu\u1ed1n c\u00f3 th\u00f4ng tin v\u1ec1 <span class=\"form-required\">*<\/span>\n<\/p>\n<p><span class=\"wpcf7-form-control-wrap\" data-name=\"id-like-info-on\"><select class=\"wpcf7-form-control wpcf7-select wpcf7-validates-as-required\" aria-required=\"true\" aria-invalid=\"false\" name=\"id-like-info-on\"><option value=\"\">&#8212;Please choose an option&#8212;<\/option><option value=\"Ghi Danh M\u1edf R\u1ed9ng\">Ghi Danh M\u1edf R\u1ed9ng<\/option><option value=\"B\u00e1c S\u0129\">B\u00e1c S\u0129<\/option><option value=\"V\u1ea5n \u0110\u1ec1n Kh\u00e1ch\">V\u1ea5n \u0110\u1ec1n Kh\u00e1ch<\/option><\/select><\/span>\n<\/p>\n<p>T\u00f4i L\u00e0 <span class=\"form-required\">*<\/span>\n<\/p>\n<p><span class=\"wpcf7-form-control-wrap\" data-name=\"i-am-a\"><select class=\"wpcf7-form-control wpcf7-select wpcf7-validates-as-required\" aria-required=\"true\" aria-invalid=\"false\" name=\"i-am-a\"><option value=\"\">&#8212;Please choose an option&#8212;<\/option><option value=\"Kh\u00e1ch\">Kh\u00e1ch<\/option><option value=\"Th\u00e0nh Vi\u00ean\">Th\u00e0nh Vi\u00ean<\/option><option value=\"B\u00e1c S\u0129\">B\u00e1c S\u0129<\/option><\/select><\/span>\n<\/p>\n<p>\u00dd Ki\u1ebfn\n<\/p>\n<p><span class=\"wpcf7-form-control-wrap\" data-name=\"comments\"><textarea cols=\"40\" rows=\"10\" maxlength=\"2000\" class=\"wpcf7-form-control wpcf7-textarea\" aria-invalid=\"false\" name=\"comments\"><\/textarea><\/span>\n<\/p>\n<p><input class=\"wpcf7-form-control wpcf7-submit has-spinner\" type=\"submit\" value=\"G\u1eedi \u0111i\" \/>\n<\/p><div class=\"wpcf7-response-output\" aria-hidden=\"true\"><\/div>\n<\/form>\n<\/div>\n\r\n<\/div>\r\n\r\n","protected":false},"excerpt":{"rendered":"<p>Family Choice 7631 Wyoming Street, Suite 107 Westminster, CA 92683 800-611-0111 (TTY 711) D\u1ecbch v\u1ee5 Th\u00e0nh vi\u00ean Cal Optima 800-611-0111 \u0110\u1ec3 bi\u1ebft tr\u1ea1ng th\u00e1i y\u00eau c\u1ea7u b\u1ed3i th\u01b0\u1eddng v\u00e0 nh\u00e0 cung c\u1ea5p, vui l\u00f2ng g\u1eedi email \u0111\u1ebfn prs@familychoicemso.com D\u00e0nh cho th\u00e0nh vi\u00ean, vui l\u00f2ng g\u1eedi email: csr@familychoice.com Claims Mailing Address FCMG\/FCMS-Altura MSOPO Box 7280Los Angeles,&hellip;<\/p>\n<p><a class=\"more-link\" href=\"https:\/\/www.familychoice.com\/vi\/lien-lac-voi-chung-toi\/\" title=\"Continue reading &lsquo;Li\u00ean L\u1ea1c V\u1edbi Ch\u00fang T\u00f4i&rsquo;\">Continue reading <span class=\"meta-nav\">&rarr;<\/span><\/a><\/p>\n","protected":false},"author":1,"featured_media":0,"parent":0,"menu_order":0,"comment_status":"closed","ping_status":"closed","template":"","meta":{"_exactmetrics_skip_tracking":false,"_exactmetrics_sitenote_active":false,"_exactmetrics_sitenote_note":"","_exactmetrics_sitenote_category":0,"footnotes":""},"class_list":["post-26","page","type-page","status-publish","hentry"],"_links":{"self":[{"href":"https:\/\/www.familychoice.com\/vi\/wp-json\/wp\/v2\/pages\/26","targetHints":{"allow":["GET"]}}],"collection":[{"href":"https:\/\/www.familychoice.com\/vi\/wp-json\/wp\/v2\/pages"}],"about":[{"href":"https:\/\/www.familychoice.com\/vi\/wp-json\/wp\/v2\/types\/page"}],"author":[{"embeddable":true,"href":"https:\/\/www.familychoice.com\/vi\/wp-json\/wp\/v2\/users\/1"}],"replies":[{"embeddable":true,"href":"https:\/\/www.familychoice.com\/vi\/wp-json\/wp\/v2\/comments?post=26"}],"version-history":[{"count":33,"href":"https:\/\/www.familychoice.com\/vi\/wp-json\/wp\/v2\/pages\/26\/revisions"}],"predecessor-version":[{"id":472,"href":"https:\/\/www.familychoice.com\/vi\/wp-json\/wp\/v2\/pages\/26\/revisions\/472"}],"wp:attachment":[{"href":"https:\/\/www.familychoice.com\/vi\/wp-json\/wp\/v2\/media?parent=26"}],"curies":[{"name":"wp","href":"https:\/\/api.w.org\/{rel}","templated":true}]}}