{"id":23,"date":"2016-04-21T18:13:04","date_gmt":"2016-04-21T18:13:04","guid":{"rendered":"http:\/\/dev.familydoctorsorangecounty.com\/vi\/?page_id=23"},"modified":"2024-04-17T07:34:25","modified_gmt":"2024-04-17T07:34:25","slug":"cach-chon-mot-bac-si-gia-dinh","status":"publish","type":"page","link":"https:\/\/www.familychoice.com\/vi\/cach-chon-mot-bac-si-gia-dinh\/","title":{"rendered":"C\u00e1ch Ch\u1ecdn M\u1ed9t B\u00e1c S\u0129 Gia \u0110\u00ecnh"},"content":{"rendered":"<div>\r\n<div class=\"interior-page-img-container how-to-choose-banner-img\">\r\n <img decoding=\"async\" class=\"img-align-right\" src=\"\/wp-content\/themes\/quark\/images\/how_to_choose_a_pcp.jpg\" alt=\"\" \/>\r\n<\/div>\r\n<p>Vi\u1ec7c ch\u1ecdn m\u1ed9t b\u00e1c s\u0129 gia \u0111\u00ecnh thay \u0111\u1ed5i t\u00f9y theo b\u1ea3o hi\u1ec3m c\u1ee7a qu\u00fd v\u1ecb. C\u00e1c b\u00e1c s\u0129 gia \u0111\u00ecnh c\u1ee7a t\u1ed5 h\u1ee3p ch\u1ea5p nh\u1eadn h\u1ea7u h\u1ebft c\u00e1c b\u1ea3o hi\u1ec3m l\u1edbn; tuy nhi\u00ean, d\u01b0\u1edbi \u0111\u00e2y l\u00e0 m\u1ed9t s\u1ed1 \u0111i\u1ec1u qu\u00fd v\u1ecb c\u1ea7n bi\u1ebft khi l\u1ef1a ch\u1ecdn b\u00e1c s\u0129 gia \u0111\u00ecnh:<\/p>\r\n<ol>\r\n<li>B\u00e1c s\u0129 l\u00fac n\u00e0o c\u0169ng s\u1eb5n s\u00e0ng \u0111\u00e1p \u1ee9ng nh\u1eefng g\u00ec t\u00f4i c\u1ea7n?<\/li>\r\n<li>Ph\u00f2ng m\u1ea1ch c\u1ee7a b\u00e1c s\u0129 c\u00f3 \u1edf ch\u1ed7 thu\u1eadn ti\u1ec7n?<\/li>\r\n<li>N\u1ebfu t\u00f4i ph\u1ea3i nh\u1eadp vi\u1ec7n, b\u00e1c s\u0129 c\u00f3 th\u1ec3 lo cho t\u00f4i kh\u00f4ng?<\/li>\r\n<\/ol>\r\n<p>M\u1ed9t ng\u01b0\u1eddi hay m\u1ed9t gia \u0111\u00ecnh c\u00f3 th\u1ec3 ch\u1ecdn Family Choice nh\u01b0 m\u1ed9t t\u1ed5 \u1ea5m c\u1ee7a gia \u0111\u00ecnh m\u00ecnh.<\/p>\r\n<ul>\r\n<li>Qu\u00fd v\u1ecb ph\u1ea3i ch\u1ecdn m\u1ed9t b\u00e1c s\u0129 trong t\u1ed5 h\u1ee3p l\u00e0m b\u00e1c s\u0129 ri\u00eang cho m\u00ecnh, nh\u01b0ng c\u0169ng c\u00f3 th\u1ec3 chuy\u1ec3n sang m\u1ed9t b\u00e1c s\u0129 kh\u00e1c trong t\u1ed5 h\u1ee3p b\u1ea5t c\u1ee9 l\u00fac n\u00e0o qu\u00fd v\u1ecb mu\u1ed1n.<\/li>\r\n<\/ul>\r\n<p>Nh\u1eefng \u01b0u \u0111i\u1ec3m c\u1ee7a vi\u1ec7c l\u1ef1a ch\u1ecdn m\u1ed9t B\u00e1c S\u0129 Gia \u0110\u00ecnh t\u1eeb Family Choice: <\/p>\r\n<ol>\r\n<li>\u0110\u01b0\u1ee3c gi\u1edbi thi\u1ec7u \u0111\u1ebfn c\u00e1c b\u00e1c s\u0129 chuy\u00ean khoa trong FC m\u1ed9t c\u00e1ch d\u1ec5 d\u00e0ng tr\u1ef1c ti\u1ebfp kh\u00f4ng c\u1ea7n ch\u1edd \u0111\u1ee3i xin ph\u00e9t.<\/li>\r\n<li>Ch\u00fang t\u00f4i c\u00f3 g\u1ea7n 200 b\u00e1c s\u0129 gia \u0111\u00ecnh \u0111\u1ec3 qu\u00fd v\u1ecb l\u1ef1a ch\u1ecdn.<\/li>\r\n<li>\u0110\u01b0\u1ee3c \u1edf trong m\u1ed9t m\u1ea1ng l\u01b0\u1edbi y t\u1ebf \u0111a d\u1ea1ng g\u1ed3m c\u00e1c b\u00e1c s\u0129 chuy\u00ean khoa m\u1ecdi ng\u00e0nh v\u00e0 nh\u1eefng d\u1ecbch v\u1ee5 y t\u1ebf kh\u00e1c nh\u01b0: n\u1eb1m b\u1ec7nh vi\u1ec7n, kh\u00e1m ngo\u1ea1i hay ch\u1ea9n, quang tuy\u1ebfn x, c\u00e1c d\u1ecbch v\u1ee5 x\u00e3 h\u1ed9i, vi\u1ec7n d\u01b0\u1ee1ng l\u00e3o, trung t\u00e2m \u0111i\u1ec1u d\u01b0\u1ee1ng chuy\u00ean m\u00f4n v\u00e0 ph\u1ee5c h\u1ed3i&#8230;<\/li>\r\n<li>C\u00e1c b\u00e1c s\u0129 gia \u0111\u00ecnh nh\u1eadn kh\u00e1m b\u1ec7nh nh\u00e2n d\u1ec5 d\u00e0ng. M\u1ed9t s\u1ed1 ph\u00f2ng m\u1ea1ch m\u1edf c\u1eeda cu\u1ed1i tu\u1ea7n. <\/li>\r\n<\/ol>\r\n<\/div>","protected":false},"excerpt":{"rendered":"<p>Vi\u1ec7c ch\u1ecdn m\u1ed9t b\u00e1c s\u0129 gia \u0111\u00ecnh thay \u0111\u1ed5i t\u00f9y theo b\u1ea3o hi\u1ec3m c\u1ee7a qu\u00fd v\u1ecb. C\u00e1c b\u00e1c s\u0129 gia \u0111\u00ecnh c\u1ee7a t\u1ed5 h\u1ee3p ch\u1ea5p nh\u1eadn h\u1ea7u h\u1ebft c\u00e1c b\u1ea3o hi\u1ec3m l\u1edbn; tuy nhi\u00ean, d\u01b0\u1edbi \u0111\u00e2y l\u00e0 m\u1ed9t s\u1ed1 \u0111i\u1ec1u qu\u00fd v\u1ecb c\u1ea7n bi\u1ebft khi l\u1ef1a ch\u1ecdn b\u00e1c s\u0129 gia \u0111\u00ecnh: B\u00e1c s\u0129 l\u00fac n\u00e0o&hellip;<\/p>\n<p><a class=\"more-link\" href=\"https:\/\/www.familychoice.com\/vi\/cach-chon-mot-bac-si-gia-dinh\/\" title=\"Continue reading &lsquo;C\u00e1ch Ch\u1ecdn M\u1ed9t B\u00e1c S\u0129 Gia \u0110\u00ecnh&rsquo;\">Continue reading <span class=\"meta-nav\">&rarr;<\/span><\/a><\/p>\n","protected":false},"author":1,"featured_media":0,"parent":0,"menu_order":0,"comment_status":"closed","ping_status":"closed","template":"","meta":{"_exactmetrics_skip_tracking":false,"_exactmetrics_sitenote_active":false,"_exactmetrics_sitenote_note":"","_exactmetrics_sitenote_category":0,"footnotes":""},"class_list":["post-23","page","type-page","status-publish","hentry"],"_links":{"self":[{"href":"https:\/\/www.familychoice.com\/vi\/wp-json\/wp\/v2\/pages\/23","targetHints":{"allow":["GET"]}}],"collection":[{"href":"https:\/\/www.familychoice.com\/vi\/wp-json\/wp\/v2\/pages"}],"about":[{"href":"https:\/\/www.familychoice.com\/vi\/wp-json\/wp\/v2\/types\/page"}],"author":[{"embeddable":true,"href":"https:\/\/www.familychoice.com\/vi\/wp-json\/wp\/v2\/users\/1"}],"replies":[{"embeddable":true,"href":"https:\/\/www.familychoice.com\/vi\/wp-json\/wp\/v2\/comments?post=23"}],"version-history":[{"count":8,"href":"https:\/\/www.familychoice.com\/vi\/wp-json\/wp\/v2\/pages\/23\/revisions"}],"predecessor-version":[{"id":345,"href":"https:\/\/www.familychoice.com\/vi\/wp-json\/wp\/v2\/pages\/23\/revisions\/345"}],"wp:attachment":[{"href":"https:\/\/www.familychoice.com\/vi\/wp-json\/wp\/v2\/media?parent=23"}],"curies":[{"name":"wp","href":"https:\/\/api.w.org\/{rel}","templated":true}]}}