{"id":20,"date":"2016-04-21T18:11:02","date_gmt":"2016-04-21T18:11:02","guid":{"rendered":"http:\/\/dev.familydoctorsorangecounty.com\/vi\/?page_id=20"},"modified":"2024-04-17T07:33:13","modified_gmt":"2024-04-17T07:33:13","slug":"dich-vu","status":"publish","type":"page","link":"https:\/\/www.familychoice.com\/vi\/dich-vu\/","title":{"rendered":"D\u1ecbch V\u1ee5"},"content":{"rendered":"<div class=\"interior-page-img-container services-banner-img\">\r\n <img decoding=\"async\" class=\"img-align-left\" src=\"\/wp-content\/themes\/quark\/images\/services_and_specialties.jpg\" alt=\"\" \/>\r\n<\/div>\r\n<p>Family Choice cung c\u1ea5p m\u1ed9t s\u1ed1 l\u1edbn nh\u1eefng d\u1ecbch v\u1ee5 c\u1ea7n thi\u1ebft cho c\u1ed9ng \u0111\u1ed3ng \u0111\u1ecba ph\u01b0\u01a1ng, \u0111\u00e1p \u1ee9ng nh\u1eefng nhu c\u1ea7u y t\u1ebf c\u1ee7a qu\u00fd v\u1ecb, t\u1eeb ngo\u00e0i chu\u1ea9n cho\u00a0\u0111\u1ebfn nh\u1eadp vi\u1ec7n.<\/p>\r\n<p>\u0110\u1ec3 gi\u00fap cho vi\u1ec7c \u0111i\u1ec1u tr\u1ecb \u0111\u01b0\u1ee3c nhanh ch\u00f3ng h\u01a1n, b\u00e1c s\u0129 gia \u0111\u00ecnh c\u00f3 th\u1ec3 tr\u1ef1c ti\u1ebfp gi\u1edbi thi\u1ec7u qu\u00ed v\u1ecb \u0111\u1ebfn c\u00e1c b\u00e1c s\u0129 chuy\u00ean m\u00f4n m\u00e0 kh\u00f4ng ph\u1ea3i tr\u1edd xin ph\u00e9p.<\/p>\r\n<p>FC c\u00f3 c\u00e1c B\u00e1c S\u0129 Chuy\u00ean M\u00f4n trong nh\u1eefng ng\u00e0nh sau \u0111\u00e2y:<\/p>\r\n\r\n<table>\r\n<tbody>\r\n<tr>\r\n    <td>Acupuncture\/ Ch\u00e2m C\u1ee9u<\/td>\r\n    <td>Allergy &#038;Immunology\/ D\u1ecb \u1ee8ng &#038;Mi\u1ec5n Nhi\u1ec5m<\/td>\r\n    <td>Cardio Thoracic Surgery\/ Gi\u1ea3i Ph\u1eabu Tim v\u00e0 L\u1ed3ng Ng\u1ef1c<\/td>\r\n<\/tr>\r\n<tr>\r\n    <td>Cardiology\/B\u1ec7nh Tim<\/td>\r\n    <td>Chiropractic\/Ch\u1ec9nh X\u01b0\u01a1ng<\/td>\r\n    <td>Colorectal Surgery\/Gi\u1ea3i Ph\u1eabu Ru\u1ed9t Gi\u00e0 v\u00e0 Tr\u1ef1c Tr\u00e0ng<\/td>\r\n<\/tr>\r\n<tr>\r\n    <td>Dermatology\/B\u1ec7nh Ngo\u00e0i Da<\/td>\r\n    <td>Endocrinology\/B\u1ec7nh N\u1ed9i Ti\u1ebft<\/td>\r\n    <td>Family Planning\/K\u1ebf Ho\u1ea1ch H\u00f3a Gia \u0110\u00ecnh<\/td>\r\n<\/tr>\r\n<tr>\r\n    <td>Family Practice\/B\u00e1c S\u0129 Gia \u0110\u00ecnh<\/td>\r\n    <td>Gastroenterology\/ B\u1ec7nh Ti\u00eau H\u00f3a<\/td>\r\n    <td>General Surgery\/Gi\u1ea3i Ph\u1eabu T\u1ed5ng Qu\u00e1t<\/td>\r\n<\/tr>\r\n<tr>\r\n    <td>Genetics\/Di Truy\u1ec1n<\/td>\r\n    <td>Geriatrics\/B\u1ec7nh Ng\u01b0\u1eddi Gi\u00e0<\/td>\r\n    <td>Gynecology\/ Ph\u1ee5 Khoa<\/td>\r\n<\/tr>\r\n<tr>\r\n    <td>Head and Neck Surgery\/Gi\u1ea3i Ph\u1eabu \u0110\u1ea7u v\u00e0 C\u1ed5<\/td>\r\n    <td>Hematology\/ B\u1ec7nh M\u00e1u<\/td>\r\n    <td>Hospitalist\/B\u00e1c S\u0129 Nh\u1eadp Vi\u1ec7n<\/td>\r\n<\/tr>\r\n<tr>\r\n    <td>Infectious Diseases\/B\u1ec7nh Nhi\u1ec5m Tr\u00f9ng<\/td>\r\n    <td>Internal Medicine\/N\u1ed9i Th\u01b0\u01a1ng T\u1ed5ng Qu\u00e1t<\/td>\r\n    <td>Interpreting and Translation\/Th\u00f4ng D\u1ecbch v\u00e0 Phi\u00ean D\u1ecbch<\/td>\r\n<\/tr>\r\n<tr>\r\n    <td>Maxillofacial Surgery\/Gi\u1ea3i Ph\u1eabu H\u00e0m M\u1eb7t<\/td>\r\n    <td>Neonatology\/B\u1ec7nh Tr\u1ebb S\u01a1 Sinh<\/td>\r\n    <td>Nephrology\/B\u1ec7nh Th\u1eadn<\/td>\r\n<\/tr>\r\n<tr>\r\n    <td>Neurology\/B\u1ec7nh Th\u1ea7n Kinh<\/td>\r\n    <td>Neurosurgery\/Gi\u1ea3i Ph\u1eabu Th\u1ea7n Kinh<\/td>\r\n    <td>Nuclear Medicine\/Y Khoa H\u1ea1t Nh\u00e2n<\/td>\r\n<\/tr>\r\n<tr>\r\n    <td>Obstetrics\/S\u1ea3n Khoa<\/td>\r\n    <td>Oncology\/B\u1ec7nh Ung Th\u01b0<\/td>\r\n    <td>Ophthalmology\/B\u1ec7nh M\u1eaft<\/td>\r\n<\/tr>\r\n<tr>\r\n    <td>Optometry\/Th\u1ecb L\u1ef1c<\/td>\r\n    <td>Oral Surgery\/Gi\u1ea3i Ph\u1eabu Mi\u1ec7ng<\/td>\r\n    <td>Orthopedics\/Ch\u1ec9nh Tr\u1ef1c<\/td>\r\n<\/tr>\r\n<tr>\r\n    <td>Otolaryngology\/Tai M\u0169i H\u1ecdng<\/td>\r\n    <td>Pain Management\/Ch\u1eefa \u0110au<\/td>\r\n    <td>Pediatric Allergy\/D\u1ecb \u1ee8ng Tr\u1ebb Em<\/td>\r\n<\/tr>\r\n<tr>\r\n    <td>Pediatric Cardiology\/ B\u1ec7nh Tim Tr\u1ebb Em<\/td>\r\n    <td>Pediatric Cardiovascular Surgery\/Gi\u1ea3i Ph\u1eabu Tim M\u1ea1ch Tr\u1ebb Em<\/td>\r\n    <td>Pediatric Critical Care\/S\u0103n S\u00f3c Nguy K\u1ecbch<\/td>\r\n<\/tr>\r\n<tr>\r\n    <td>Pediatric Endocrinology\/N\u1ed9i Ti\u1ebft Tr\u1ebb Em<\/td>\r\n    <td>Pediatric Gastroenterology\/\u0110\u01b0\u1eddng Ti\u00eau H\u00f3a Tr\u1ebb Em<\/td>\r\n    <td>Pediatric Hematology\/Oncology\/M\u00e1u v\u00e0 Ung Th\u01b0 Tr\u1ebb Em<\/td>\r\n<\/tr>\r\n<tr>\r\n    <td>Pediatric Nephrology\/B\u1ec7nh Th\u1eadn Tr\u1ebb Em<\/td>\r\n    <td>Pediatric Neurology\/Th\u1ea7n Kinh Tr\u1ebb Em<\/td>\r\n    <td>Pediatric Neurosurgery\/Gi\u1ea3i Ph\u1eabu Th\u1ea7n Kinh Tr\u1ebb Em<\/td>\r\n<\/tr>\r\n<tr>\r\n    <td>Pediatric Ophthalmology\/ M\u1eaft Tr\u1ebb Em<\/td>\r\n    <td>Pediatric Orthopedics\/Ch\u1ec9nh Tr\u1ef1c Tr\u1ebb Em<\/td>\r\n    <td>Pediatric Pulmonology\/B\u1ec7nh Ph\u1ed5i Tr\u1ebb Em<\/td>\r\n<\/tr>\r\n<tr>\r\n    <td>Pediatric Surgery\/Gi\u1ea3i Ph\u1eabu Tr\u1ebb Em<\/td>\r\n    <td>Pediatric Urology\/Ti\u1ebft Ni\u1ec7u Tr\u1ebb Em<\/td>\r\n    <td>Pediatrics\/Nhi Khoa<\/td>\r\n<\/tr>\r\n<tr>\r\n    <td>Perinatology\/Khoa C\u1eadn Sinh<\/td>\r\n    <td>Physical Medicine and Rehab\/Th\u1ec3 L\u00fd v\u00e0 Ph\u1ee5c H\u1ed3i<\/td>\r\n    <td>Physical Therapy\/Th\u1ec3 L\u00fd Tr\u1ecb Li\u1ec7u<\/td>\r\n<\/tr>\r\n<tr>\r\n    <td>Plastic and Reconstructive Surgery\/T\u00e1i T\u1ea1o v\u00e0 Ch\u1ec9nh H\u00ecnh<\/td>\r\n    <td>Podiatry\/B\u00e0n Ch\u00e2n<\/td>\r\n    <td>Psychiatry\/T\u00e2m Th\u1ea7n<\/td>\r\n<\/tr>\r\n<tr>\r\n    <td>Psychology\/T\u00e2m L\u00fd<\/td>\r\n    <td>Pulmonology\/B\u1ec7nh Ph\u1ed5i<\/td>\r\n    <td>Radiation Oncology\/X\u1ea1 Tr\u1ecb<\/td>\r\n<\/tr>\r\n<tr>\r\n    <td>Rheumatology\/Phong Th\u1ea5p<\/td>\r\n    <td>Urology\/Ti\u1ebft Ni\u1ec7u<\/td>\r\n    <td>Vascular Surgery\/Gi\u1ea3i Ph\u1eabu M\u1ea1ch M\u00e1u<\/td>\r\n<\/tr>\r\n<\/tbody>\r\n<\/table>\r\n","protected":false},"excerpt":{"rendered":"<p>Family Choice cung c\u1ea5p m\u1ed9t s\u1ed1 l\u1edbn nh\u1eefng d\u1ecbch v\u1ee5 c\u1ea7n thi\u1ebft cho c\u1ed9ng \u0111\u1ed3ng \u0111\u1ecba ph\u01b0\u01a1ng, \u0111\u00e1p \u1ee9ng nh\u1eefng nhu c\u1ea7u y t\u1ebf c\u1ee7a qu\u00fd v\u1ecb, t\u1eeb ngo\u00e0i chu\u1ea9n cho\u00a0\u0111\u1ebfn nh\u1eadp vi\u1ec7n. \u0110\u1ec3 gi\u00fap cho vi\u1ec7c \u0111i\u1ec1u tr\u1ecb \u0111\u01b0\u1ee3c nhanh ch\u00f3ng h\u01a1n, b\u00e1c s\u0129 gia \u0111\u00ecnh c\u00f3 th\u1ec3 tr\u1ef1c ti\u1ebfp gi\u1edbi thi\u1ec7u qu\u00ed v\u1ecb&hellip;<\/p>\n<p><a class=\"more-link\" href=\"https:\/\/www.familychoice.com\/vi\/dich-vu\/\" title=\"Continue reading &lsquo;D\u1ecbch V\u1ee5&rsquo;\">Continue reading <span class=\"meta-nav\">&rarr;<\/span><\/a><\/p>\n","protected":false},"author":1,"featured_media":0,"parent":0,"menu_order":0,"comment_status":"closed","ping_status":"closed","template":"","meta":{"_exactmetrics_skip_tracking":false,"_exactmetrics_sitenote_active":false,"_exactmetrics_sitenote_note":"","_exactmetrics_sitenote_category":0,"footnotes":""},"class_list":["post-20","page","type-page","status-publish","hentry"],"_links":{"self":[{"href":"https:\/\/www.familychoice.com\/vi\/wp-json\/wp\/v2\/pages\/20","targetHints":{"allow":["GET"]}}],"collection":[{"href":"https:\/\/www.familychoice.com\/vi\/wp-json\/wp\/v2\/pages"}],"about":[{"href":"https:\/\/www.familychoice.com\/vi\/wp-json\/wp\/v2\/types\/page"}],"author":[{"embeddable":true,"href":"https:\/\/www.familychoice.com\/vi\/wp-json\/wp\/v2\/users\/1"}],"replies":[{"embeddable":true,"href":"https:\/\/www.familychoice.com\/vi\/wp-json\/wp\/v2\/comments?post=20"}],"version-history":[{"count":11,"href":"https:\/\/www.familychoice.com\/vi\/wp-json\/wp\/v2\/pages\/20\/revisions"}],"predecessor-version":[{"id":344,"href":"https:\/\/www.familychoice.com\/vi\/wp-json\/wp\/v2\/pages\/20\/revisions\/344"}],"wp:attachment":[{"href":"https:\/\/www.familychoice.com\/vi\/wp-json\/wp\/v2\/media?parent=20"}],"curies":[{"name":"wp","href":"https:\/\/api.w.org\/{rel}","templated":true}]}}