{"id":16,"date":"2016-04-21T06:56:30","date_gmt":"2016-04-21T06:56:30","guid":{"rendered":"http:\/\/dev.familydoctorsorangecounty.com\/vi\/?page_id=16"},"modified":"2024-04-17T07:28:57","modified_gmt":"2024-04-17T07:28:57","slug":"chinh-sach-ve-quyen-rieng-tu","status":"publish","type":"page","link":"https:\/\/www.familychoice.com\/vi\/chinh-sach-ve-quyen-rieng-tu\/","title":{"rendered":"Ch\u00ednh S\u00e1ch v\u1ec1 Quy\u1ec1n Ri\u00eang T\u01b0"},"content":{"rendered":"<p><a name=\"fcpp\"><\/a><\/p>\r\n<h2>Ch\u00ednh S\u00e1ch v\u1ec1 Quy\u1ec1n Ri\u00eang T\u01b0 C\u1ee7a Family Choice<\/h2>\r\n<p>Th\u00f4ng B\u00e1o v\u1ec1 Th\u1ef1c H\u00e0nh v\u1ec1 Quy\u1ec1n Ri\u00eang T\u01b0<\/p>\r\n<p>S\u1ef1 ri\u00eang t\u01b0 c\u1ee7a c\u00e1c th\u00e0nh vi\u00ean c\u1ee7a t\u1ed5 h\u1ee3p r\u1ea5t quan tr\u1ecdng \u0111\u1ed1i v\u1edbi ch\u00fang t\u00f4i.<\/p>\r\n<p>TH\u00d4NG B\u00c1O V\u1ec0 TH\u1ef0C H\u00c0NH V\u1ec0 QUY\u1ec0N RI\u00caNG T\u01af n\u00e0y \u0111\u1ecbnh ngh\u0129a th\u1ee7 t\u1ee5c v\u1ec1 quy\u1ec1n ri\u00eang t\u01b0 nghi\u00eam ng\u1eb7t c\u1ee7a ch\u00fang t\u00f4i<\/p>\r\n<p>Family Choice (FC) c\u00f3 quy\u1ec1n d\u00f9ng v\u00e0 ti\u1ebft l\u1ed9 th\u00f4ng tin v\u1ec1 s\u1ee9c kh\u1ecfe c\u1ee7a qu\u00fd v\u1ecb:<\/p>\r\n<ul>\r\n    <li>T\u1edbi qu\u00fd v\u1ecb hay m\u1ed9t ng\u01b0\u1eddi c\u00f3 quy\u1ec1n ph\u00e1p l\u00fd thay th\u1ebf qu\u00fd v\u1ecb (ng\u01b0\u1eddi \u0111\u1ea1i di\u1ec7n ri\u00eang c\u1ee7a qu\u00fd v\u1ecb)<\/li>\r\n    <li>T\u1edbi B\u1ed9 Y-T\u1ebf \u0111\u1ec3 quy\u1ec1n ri\u00eang t\u01b0 c\u1ee7a qu\u00fd v\u1ecb<\/li>\r\n    <li>Khi ph\u00e1p lu\u1eadt b\u1eaft bu\u1ed9c.<\/li>\r\n<\/ul>\r\n<p>FC c\u00f3 quy\u1ec1n d\u00f9ng v\u00e0 ti\u1ebft l\u1ed9 th\u00f4ng tin s\u1ee9c kh\u1ecfe \u0111\u1ec3 tr\u1ea3 ti\u1ec1n cho d\u1ecbch v\u1ee5 y-t\u1ebf c\u1ee7a qu\u00fd v\u1ecb v\u00e0 \u0111i\u1ec1u h\u00e0nh th\u01b0\u01a1ng v\u1ee5 c\u1ee7a ch\u00fang t\u00f4i. Th\u00ed d\u1ee5, ch\u00fang t\u00f4i c\u00f3 th\u1ec3 d\u00f9ng th\u00f4ng tin s\u1ee9c kh\u1ecfe c\u1ee7a qu\u00fd v\u1ecb:<\/p>\r\n<ul>\r\n    <li>\u0110\u1ec3 tr\u1ea3 ti\u1ec1n. \u0110\u1ec3 l\u00e0m gi\u1ea5y thanh to\u00e1n cho nh\u1eefng d\u1ecbch v\u1ee5 qu\u00fd v\u1ecb \u0111\u00e3 d\u00f9ng.<\/li>\r\n    <li>\u0110\u1ec3 ch\u1eefa tr\u1ecb. FC c\u00f3 th\u1ec3 ti\u1ebft l\u1ed9 th\u00f4ng tin s\u1ee9c kh\u1ecfe cho c\u00e1c b\u00e1c s\u0129 hay b\u1ec7nh vi\u1ec7n \u0111\u1ec3 gi\u00fap h\u1ecd ch\u1eefa b\u1ec7nh cho qu\u00fd v\u1ecb.<\/li>\r\n    <li>\u0110\u1ec3 \u0111i\u1ec1u h\u00e0nh vi\u1ec7c ch\u0103m s\u00f3c s\u1ee9c kh\u1ecfe. FC c\u00f3 th\u1ec3 d\u00f9ng hay ti\u1ebft l\u1ed9 th\u00f4ng tin s\u1ee9c kh\u1ecfe c\u1ea7n \u0111\u1ec3 ho\u1ea1t \u0111\u1ed9ng v\u00e0 qu\u1ea3n l\u00fd th\u01b0\u01a1ng v\u1ee5 c\u1ee7a ch\u00fang t\u00f4i v\u00e0 gi\u00fap ph\u1ed1i h\u1ee3p vi\u1ec7c ch\u0103m s\u00f3c s\u1ee9c kh\u1ecfe cho qu\u00fd v\u1ecb. Th\u00ed d\u1ee5: FC c\u00f3 th\u1ec3 n\u00f3i chuy\u1ec7n v\u1edbi b\u00e1c s\u0129 c\u1ee7a qu\u00fd v\u1ecb \u0111\u1ec3 \u0111\u1ec1 ngh\u1ecb nh\u1eefng ch\u01b0\u01a1ng tr\u00ecnh l\u00e0nh m\u1ea1nh gi\u00fap qu\u00fd v\u1ecb c\u1ea3i thi\u1ec7n s\u1ee9c kh\u1ecfe.<\/li>\r\n    <li>\u0110\u1ec3 th\u00f4ng b\u00e1o t\u00ecnh tr\u1ea1ng gi\u1ea5y cho ph\u00e9p. Ch\u00fang t\u00f4i c\u00f3 th\u1ec3 d\u00f9ng th\u00f4ng tin s\u1ee9c kh\u1ecfe \u0111\u1ec3 li\u00ean l\u1ea1c v\u1edbi qu\u00fd v\u1ecb v\u1ec1 t\u00ecnh tr\u1ea1ng gi\u1ea5y cho ph\u00e9p \u0111\u1ebfn ch\u1eefa tr\u1ecb t\u1ea1i c\u00e1c b\u00e1c s\u0129.<\/li>\r\n    <li>\u0110\u1ec3 x\u00e1c minh t\u00ecnh tr\u1ea1ng h\u1ee3p l\u1ec7. Ch\u00fang t\u00f4i c\u00f3 th\u1ec3 ti\u1ebft l\u1ed9 t\u00ecnh tr\u1ea1ng h\u1ee3p l\u1ec7 c\u1ee7a qu\u00fd v\u1ecb \u0111\u1ebfn c\u00e1c b\u00e1c s\u0129.<\/li>\r\n<\/ul>\r\n<p>FC c\u00f3 th\u1ec3 d\u00f9ng hay ti\u1ebft l\u1ed9 th\u00f4ng tin s\u1ee9c kh\u1ecfe c\u1ee7a qu\u00fd v\u1ecb d\u01b0\u1edbi nh\u1eefng tr\u01b0\u1eddng h\u1ee3p gi\u1edbi h\u1ea1n cho nh\u1eefng m\u1ee5c \u0111\u00edch sau:<\/p>\r\n<ul>\r\n    <li>Cho nh\u1eefng ho\u1ea1t \u0111\u1ed9ng s\u1ee9c kh\u1ecfe c\u1ed9ng \u0111\u1ed3ng, th\u00ed d\u1ee5 nh\u01b0 b\u00e1o c\u00e1o nh\u1eefng tr\u1eadn d\u1ecbch b\u1ec7nh.<\/li>\r\n    <li>Cho vi\u1ec7c b\u00e1o c\u00e1o v\u1ec1 n\u1ea1n nh\u00e2n b\u1ecb b\u1ea1o h\u00e0nh, xao l\u00e3ng hay b\u1ea1o \u0111\u1ed9ng gia \u0111\u00ecnh t\u1edbi c\u00e1c c\u01a1 quan ch\u00ednh quy\u1ec1n, bao g\u1ed3m c\u01a1 quan b\u1ea3o v\u1ec7 v\u00e0 c\u01a1 quan x\u00e3 h\u1ed9i.<\/li>\r\n    <li>Cho c\u00e1c ho\u1ea1t \u0111\u1ed9ng v\u00e0 gi\u00e1m s\u00e1t, th\u00ed d\u1ee5 nh\u01b0 c\u00e1c \u0111i\u1ec1u tra v\u1ec1 ki\u1ec3m to\u00e1n, l\u01b0\u1eddng g\u1ea1t v\u00e0 l\u1ea1m d\u1ee5ng.<\/li>\r\n    <li>Cho c\u00e1c th\u1ee7 t\u1ee5c h\u00e0nh ch\u00e1nh v\u00e0 ph\u00e1p lu\u1eadt, th\u00ed d\u1ee5 nh\u01b0 tr\u1ea3 l\u1eddi cho l\u1ec7nh t\u00f2a \u00e1n, l\u1ec7nh l\u1ee5c so\u00e1t hay tr\u00e1t t\u00f2a.<\/li>\r\n    <li>Cho c\u00e1c m\u1ee5c \u0111\u00edch tu\u00e2n theo lu\u1eadt ph\u00e1p, th\u00ed d\u1ee5 nh\u01b0 cung c\u1ea5p th\u00f4ng tin gi\u1edbi h\u1ea1n \u0111\u1ec3 t\u00ecm ng\u01b0\u1eddi b\u1ecb m\u1ea5t t\u00edch.<\/li>\r\n    <li>\u0110\u1ec3 tr\u00e1nh s\u01b0\u0323 \u0111e d\u1ecda s\u1ee9c kh\u1ecfe hay b\u1ea3o v\u1ec7 an to\u00e0n, th\u00ed d\u1ee5 nh\u01b0 ti\u1ebft l\u1ed9 th\u00f4ng tin cho c\u00e1c c\u01a1 quan s\u1ee9c kh\u1ecfe c\u00f4ng c\u1ed9ng.<\/li>\r\n    <li>Cho b\u1ed3i th\u01b0\u1eddng c\u00f4ng nh\u00e2n bao g\u1ed3m ti\u1ebft l\u1ed9 do lu\u1eadt b\u1ed3i th\u01b0\u1eddng nh\u00e2n vi\u00ean v\u1ec1 th\u01b0\u01a1ng t\u00edch li\u00ean quan \u0111\u1ebfn c\u00f4ng vi\u1ec7c \u0111\u00f2i h\u1ecfi.<\/li>\r\n<\/ul>\r\n<h3>TH\u00d4NG TIN T\u1ed0I M\u1eacT<\/h3>\r\n<p>Lu\u1eadt ti\u1ec3u bang v\u00e0 li\u00ean bang c\u00f3 th\u1ec3 \u0111\u00f2i h\u1ecfi b\u1ea3o v\u1ec7 ri\u00eang t\u01b0 \u0111\u1eb7c bi\u1ec7t cho c\u00e1c th\u00f4ng tin t\u1ed1i m\u1eadt v\u1ec1 qu\u00fd v\u1ecb. \u201cTh\u00f4ng tin t\u1ed1i m\u1eadt\u201d c\u00f3 th\u1ec3 bao g\u1ed3m nh\u1eefng th\u00f4ng tin c\u1ea7n b\u1ea3o m\u1eadt do lu\u1eadt li\u00ean bang v\u1ec1 l\u1ea1m d\u1ee5ng ma t\u00fay v\u00e0 r\u01b0\u1ee3u c\u0169ng nh\u01b0 lu\u1eadt ti\u1ec3u bang th\u01b0\u1eddng b\u1ea3o v\u1ec7 nh\u1eefng th\u00f4ng tin thu\u1ed9c lo\u1ea1i d\u01b0\u1edbi \u0111\u00e2y:<\/p>\r\n<ul>\r\n    <li>HIV\/AIDS<\/li>\r\n    <li>S\u1ee9c kh\u1ecfe t\u00e2m th\u1ea7n<\/li>\r\n    <li>Th\u1eed nghi\u1ec7m di truy\u1ec1n<\/li>\r\n    <li>L\u1ea1m d\u1ee5ng r\u01b0\u1ee3u v\u00e0 ma t\u00fay<\/li>\r\n    <li>Th\u00f4ng tin v\u1ec3 s\u1ee9c kh\u1ecfe sinh s\u1ea3n v\u00e0 b\u1ec7nh l\u00e2y qua t\u00ecnh d\u1ee5c<\/li>\r\n    <li>L\u1ea1m d\u1ee5ng hay b\u1ecf b\u00ea tr\u1ebb em ho\u1eb7c ng\u01b0\u1eddi l\u1edbn, g\u1ed3m c\u1ea3 vi\u1ec7c t\u1ea5n c\u00f4ng t\u00ecnh d\u1ee5c.<\/li>\r\n<\/ul>\r\n<h3>QUY\u1ec0N C\u1ee6A QU\u00dd V\u1eca L\u00c0 G\u00cc?<\/h3>\r\n<p>Nh\u1eefng \u0111i\u1ec1u d\u01b0\u1edbi \u0111\u00e2y l\u00e0 quy\u1ec1n c\u1ee7a qu\u00fd v\u1ecb v\u1ec1 th\u00f4ng tin s\u1ee9c kh\u1ecfe c\u1ee7a qu\u00fd v\u1ecb:<\/p>\r\n<ul>\r\n    <li>Qu\u00fd v\u1ecb c\u00f3 quy\u1ec1n \u0111\u00f2i h\u1ecfi h\u1ea1n ch\u1ebf vi\u1ec7c s\u1eed d\u1ee5ng hay ti\u1ebft l\u1ed9 th\u00f4ng tin c\u1ee7a m\u00ecnh cho vi\u1ec7c ch\u1eefa tr\u1ecb, tr\u1ea3 ti\u1ec1n, hay vi\u1ec7c \u0111i\u1ec1u h\u00e0nh ch\u0103m s\u00f3c s\u1ee9c kh\u1ecfe. Qu\u00fd v\u1ecb c\u0169ng c\u00f3 quy\u1ec1n \u0111\u00f2i h\u1ecfi h\u1ea1n ch\u1ebf vi\u1ec7c ti\u1ebft l\u1ed9 cho gia \u0111\u00ecnh qu\u00fd v\u1ecb hay nh\u1eefng ng\u01b0\u1eddi kh\u00e1c li\u00ean quan t\u1edbi vi\u1ec7c ch\u0103m s\u00f3c s\u1ee9c kh\u1ecfe hay tr\u1ea3 ti\u1ec1n cho vi\u1ec7c ch\u0103m s\u00f3c s\u1ee9c kh\u1ecfe c\u1ee7a qu\u00fd v\u1ecb. Ch\u00fang t\u00f4i c\u0169ng c\u00f3 th\u1ec3 c\u00f3 ch\u00ednh s\u00e1ch cho ph\u00e9p v\u00e0i h\u1ea1n ch\u1ebf n\u00e0o \u0111\u00f3. Xin ghi nh\u1eadn r\u1eb1ng trong khi ch\u00fang t\u00f4i c\u1ed1 g\u1eafng t\u00f4n tr\u1ecdng \u0111\u00f2i h\u1ecfi c\u1ee7a qu\u00fd v\u1ecb v\u00e0 s\u1ebd cho ph\u00e9p nh\u1eefng \u0111\u00f2i h\u1ecfi ph\u00f9 h\u1ee3p v\u1edbi ch\u00ednh s\u00e1ch c\u1ee7a ch\u00fang t\u00f4i, ch\u00fang t\u00f4i kh\u00f4ng b\u1eaft bu\u1ed9c ph\u1ea3i \u0111\u1ed3ng \u00fd v\u1edbi b\u1ea5t c\u1ee9 h\u1ea1n ch\u1ebf n\u00e0o.<\/li>\r\n    <li>Qu\u00fd v\u1ecb c\u00f3 quy\u1ec1n h\u1ecfi v\u00e0 nh\u1eadn vi\u1ec7c truy\u1ec1n \u0111\u1ea1t c\u1ea7n b\u1ea3o m\u1eadt c\u1ee7a c\u00e1c th\u00f4ng tin b\u1eb1ng m\u1ed9t c\u00e1ch kh\u00e1c hay \u1edf m\u1ed9t ch\u1ed7 kh\u00e1c (th\u00ed d\u1ee5, b\u1eb1ng c\u00e1ch g\u1eedi th\u00f4ng tin t\u1edbi m\u1ed9t h\u1ed9p th\u01b0 thay v\u00ec t\u1edbi \u0111\u1ecba ch\u1ec9 nh\u00e0)<\/li>\r\n    <li>Qu\u00fd v\u1ecb c\u00f3 quy\u1ec1n xem v\u00e0 l\u1ea5y m\u1ed9t b\u1ea3n sao th\u00f4ng tin s\u1ee9c kh\u1ecfe \u0111\u1ec3 d\u00f9ng cho vi\u1ec7c quy\u1ebft \u0111\u1ecbnh cho qu\u00fd v\u1ecb, th\u00ed d\u1ee5 nh\u01b0 t\u1edd y\u00eau c\u1ea7u v\u00e0 tr\u01b0\u1eddng h\u1ee3p b\u1ec7nh hay h\u1ed3 s\u01a1 qu\u1ea3n l\u00fd y-t\u1ebf. Qu\u00fd v\u1ecb c\u0169ng c\u00f3 th\u1ec3 nh\u1eadn m\u1ed9t b\u1ea3n t\u00f3m t\u1eaft c\u1ee7a th\u00f4ng tin s\u1ee9c kh\u1ecfe n\u00e0y. Qu\u00fd v\u1ecb c\u1ea7n ph\u1ea3i vi\u1ebft ra y\u00eau c\u1ea7u cho xem x\u00e9t v\u00e0 l\u00e0m b\u1ea3n sao th\u00f4ng tin s\u1ee9c kh\u1ecfe c\u1ee7a qu\u00fd v\u1ecb. Trong m\u1ed9t v\u00e0i tr\u01b0\u1eddng h\u1ee3p gi\u1edbi h\u1ea1n n\u00e0o \u0111\u00f3, ch\u00fang t\u00f4i c\u00f3 th\u1ec3 t\u1eeb ch\u1ed1i cho qu\u00fd v\u1ecb xem x\u00e9t v\u00e0 l\u00e0m b\u1ea3n sao th\u00f4ng tin s\u1ee9c kh\u1ecfe c\u1ee7a qu\u00fd v\u1ecb.<\/li>\r\n    <li>Qu\u00fd v\u1ecb c\u00f3 quy\u1ec1n \u0111\u00f2i h\u1ecfi b\u1ed5 sung th\u00f4ng tin v\u1ec1 qu\u00fd v\u1ecb m\u00e0 ch\u00fang t\u00f4i \u0111ang gi\u1eef n\u1ebfu qu\u00fd v\u1ecb tin r\u1eb1ng th\u00f4ng tin n\u00e0y sai l\u1ea7m hay kh\u00f4ng \u0111\u1ea7y \u0111\u1ee7. N\u1ebfu ch\u00fang t\u00f4i t\u1eeb ch\u1ed1i \u0111\u00f2i h\u1ecfi c\u1ee7a qu\u00fd v\u1ecb, qu\u00fd v\u1ecb c\u00f3 th\u1ec3 vi\u1ebft m\u1ed9t th\u00f4ng b\u00e1o v\u1ec1 s\u1ef1 b\u1ea5t \u0111\u1ed3ng \u00fd c\u1ee7a qu\u00fd v\u1ecb \u0111\u1ec3 gi\u1eef trong h\u1ed3 s\u01a1 c\u1ee7a qu\u00fd v\u1ecb.<\/li>\r\n<\/ul>\r\n<h3>TH\u1ef0C H\u00c0NH QUY\u1ec0N C\u1ee6A QU\u00dd V\u1eca<\/h3>\r\n<ul>\r\n    <li>Li\u00ean l\u1ea1c v\u1edbi t\u1ed5 h\u1ee3p y-t\u1ebf c\u1ee7a qu\u00fd v\u1ecb. N\u1ebfu qu\u00fd v\u1ecb c\u00f3 nh\u1eefng th\u1eafc m\u1eafc v\u1ec1 th\u00f4ng b\u00e1o n\u00e0y hay mu\u1ed1n th\u1ef1c h\u00e0nh quy\u1ec1n c\u1ee7a qu\u00fd v\u1ecb, xin g\u1ecdi s\u1ed1 \u0111i\u1ec7n tho\u1ea1i tr\u00ean th\u1ebb th\u00e0nh vi\u00ean c\u1ee7a qu\u00fd v\u1ecb.<\/li>\r\n    <li>G\u1eedi t\u1edd than phi\u1ec1n. N\u1ebfu qu\u00fd v\u1ecb tin r\u1eb1ng quy\u1ec1n ri\u00eang t\u01b0 c\u1ee7a m\u00ecnh b\u1ecb x\u00e2m ph\u1ea1m, xin g\u1ee7i t\u1edd than phi\u1ec1n cho ch\u00fang t\u00f4i t\u1edbi \u0111\u1ecba ch\u1ec9:<br \/>\r\n            Family Choice<br \/>\r\n            Compliance Officer<br \/>\r\n            15821 Ventura Blvd., Suite 600<br \/>\r\n            Encino, CA 91436<\/li>\r\n<\/ul>\r\n<p>Qu\u00fd v\u1ecb c\u0169ng c\u00f3 th\u1ec3 th\u00f4ng b\u00e1o cho B\u1ed9 Y-T\u1ebf v\u1ec1 than phi\u1ec1n c\u1ee7a qu\u00fd v\u1ecb. Ch\u00fang t\u00f4i s\u1ebd kh\u00f4ng h\u00e0nh \u0111\u1ed9ng g\u00ec \u0111\u1ed1i v\u1edbi vi\u1ec7c g\u1eedi t\u1edd than phi\u1ec1n c\u1ee7a qu\u00fd v\u1ecb.<\/p>","protected":false},"excerpt":{"rendered":"<p>Ch\u00ednh S\u00e1ch v\u1ec1 Quy\u1ec1n Ri\u00eang T\u01b0 C\u1ee7a Family Choice Th\u00f4ng B\u00e1o v\u1ec1 Th\u1ef1c H\u00e0nh v\u1ec1 Quy\u1ec1n Ri\u00eang T\u01b0 S\u1ef1 ri\u00eang t\u01b0 c\u1ee7a c\u00e1c th\u00e0nh vi\u00ean c\u1ee7a t\u1ed5 h\u1ee3p r\u1ea5t quan tr\u1ecdng \u0111\u1ed1i v\u1edbi ch\u00fang t\u00f4i. TH\u00d4NG B\u00c1O V\u1ec0 TH\u1ef0C H\u00c0NH V\u1ec0 QUY\u1ec0N RI\u00caNG T\u01af n\u00e0y \u0111\u1ecbnh ngh\u0129a th\u1ee7 t\u1ee5c v\u1ec1 quy\u1ec1n ri\u00eang t\u01b0 nghi\u00eam ng\u1eb7t&hellip;<\/p>\n<p><a class=\"more-link\" href=\"https:\/\/www.familychoice.com\/vi\/chinh-sach-ve-quyen-rieng-tu\/\" title=\"Continue reading &lsquo;Ch\u00ednh S\u00e1ch v\u1ec1 Quy\u1ec1n Ri\u00eang T\u01b0&rsquo;\">Continue reading <span class=\"meta-nav\">&rarr;<\/span><\/a><\/p>\n","protected":false},"author":1,"featured_media":0,"parent":0,"menu_order":0,"comment_status":"closed","ping_status":"closed","template":"","meta":{"_exactmetrics_skip_tracking":false,"_exactmetrics_sitenote_active":false,"_exactmetrics_sitenote_note":"","_exactmetrics_sitenote_category":0,"footnotes":""},"class_list":["post-16","page","type-page","status-publish","hentry"],"_links":{"self":[{"href":"https:\/\/www.familychoice.com\/vi\/wp-json\/wp\/v2\/pages\/16","targetHints":{"allow":["GET"]}}],"collection":[{"href":"https:\/\/www.familychoice.com\/vi\/wp-json\/wp\/v2\/pages"}],"about":[{"href":"https:\/\/www.familychoice.com\/vi\/wp-json\/wp\/v2\/types\/page"}],"author":[{"embeddable":true,"href":"https:\/\/www.familychoice.com\/vi\/wp-json\/wp\/v2\/users\/1"}],"replies":[{"embeddable":true,"href":"https:\/\/www.familychoice.com\/vi\/wp-json\/wp\/v2\/comments?post=16"}],"version-history":[{"count":7,"href":"https:\/\/www.familychoice.com\/vi\/wp-json\/wp\/v2\/pages\/16\/revisions"}],"predecessor-version":[{"id":342,"href":"https:\/\/www.familychoice.com\/vi\/wp-json\/wp\/v2\/pages\/16\/revisions\/342"}],"wp:attachment":[{"href":"https:\/\/www.familychoice.com\/vi\/wp-json\/wp\/v2\/media?parent=16"}],"curies":[{"name":"wp","href":"https:\/\/api.w.org\/{rel}","templated":true}]}}