{"id":13,"date":"2016-04-21T05:59:50","date_gmt":"2016-04-21T05:59:50","guid":{"rendered":"http:\/\/dev.familydoctorsorangecounty.com\/vi\/?page_id=13"},"modified":"2025-08-08T06:34:04","modified_gmt":"2025-08-08T06:34:04","slug":"chuong-trinh-bao-hiem","status":"publish","type":"page","link":"https:\/\/www.familychoice.com\/vi\/chuong-trinh-bao-hiem\/","title":{"rendered":"CH\u01af\u01a0NG TR\u00ccNH B\u1ea2O HI\u1ec2M"},"content":{"rendered":"\r\n<div class=\"interior-page-img-container open-enrollment-banner-img\">\r\n    <img decoding=\"async\" class=\"img-align-right\" src=\"\/wp-content\/themes\/quark\/images\/open_enrollment.jpg\" alt=\"\" \/>\r\n<\/div>\r\n<h2>CH\u01af\u01a0NG TR\u00ccNH B\u1ea2O HI\u1ec2M :<\/h2>\r\n\r\n<p>Family Choice nh\u1eadn c\u00e1c lo\u1ea1i b\u1ea3o hi\u1ec3m:<\/p>\r\n<h2>Th\u01b0\u01a1ng M\u1ea1i<\/h2>\r\n<ul>\r\n<li>Blue Cross<\/li>\r\n<li>Blue Shield<\/li>\r\n<li>California Care<\/li>\r\n<li>Cigna<\/li>\r\n<li>Health Net<\/li>\r\n<li>United Healthcare<\/li>\r\n<\/ul>\r\n<h2>Medi-Cal (Ghi Danh Quanh N\u0103m)<\/h2>\r\n<ul>\r\n<li>CalOptima<\/li>\r\n<\/ul>\r\n<h2>Medicare Advantage (Ghi Danh Th\u00e1ng 10 \u0110\u1ebfn Th\u00e1ng 12)<\/h2>\r\n<ul>\r\n<li>Blue Shield<\/li>\r\n\r\n<li>Central Health<\/li>\r\n<li>Health Net<\/li>\r\n<\/ul>\r\n<h2>Medicare-Medicaid<\/h2>\r\n<ul>\r\n<li>OneCare<\/li>\r\n<li>ACO\/CCM<\/li>\r\n<\/ul>\r\n","protected":false},"excerpt":{"rendered":"<p>CH\u01af\u01a0NG TR\u00ccNH B\u1ea2O HI\u1ec2M : Family Choice nh\u1eadn c\u00e1c lo\u1ea1i b\u1ea3o hi\u1ec3m: Th\u01b0\u01a1ng M\u1ea1i Blue Cross Blue Shield California Care Cigna Health Net United Healthcare Medi-Cal (Ghi Danh Quanh N\u0103m) CalOptima Medicare Advantage (Ghi Danh Th\u00e1ng 10 \u0110\u1ebfn Th\u00e1ng 12) Blue Shield Central Health Health Net Medicare-Medicaid OneCare ACO\/CCM<\/p>\n","protected":false},"author":1,"featured_media":0,"parent":0,"menu_order":0,"comment_status":"closed","ping_status":"closed","template":"","meta":{"_exactmetrics_skip_tracking":false,"_exactmetrics_sitenote_active":false,"_exactmetrics_sitenote_note":"","_exactmetrics_sitenote_category":0,"footnotes":""},"class_list":["post-13","page","type-page","status-publish","hentry"],"_links":{"self":[{"href":"https:\/\/www.familychoice.com\/vi\/wp-json\/wp\/v2\/pages\/13","targetHints":{"allow":["GET"]}}],"collection":[{"href":"https:\/\/www.familychoice.com\/vi\/wp-json\/wp\/v2\/pages"}],"about":[{"href":"https:\/\/www.familychoice.com\/vi\/wp-json\/wp\/v2\/types\/page"}],"author":[{"embeddable":true,"href":"https:\/\/www.familychoice.com\/vi\/wp-json\/wp\/v2\/users\/1"}],"replies":[{"embeddable":true,"href":"https:\/\/www.familychoice.com\/vi\/wp-json\/wp\/v2\/comments?post=13"}],"version-history":[{"count":24,"href":"https:\/\/www.familychoice.com\/vi\/wp-json\/wp\/v2\/pages\/13\/revisions"}],"predecessor-version":[{"id":464,"href":"https:\/\/www.familychoice.com\/vi\/wp-json\/wp\/v2\/pages\/13\/revisions\/464"}],"wp:attachment":[{"href":"https:\/\/www.familychoice.com\/vi\/wp-json\/wp\/v2\/media?parent=13"}],"curies":[{"name":"wp","href":"https:\/\/api.w.org\/{rel}","templated":true}]}}