{"id":10,"date":"2016-04-21T05:50:45","date_gmt":"2016-04-21T05:50:45","guid":{"rendered":"http:\/\/dev.familydoctorsorangecounty.com\/vi\/?page_id=10"},"modified":"2025-08-08T06:24:54","modified_gmt":"2025-08-08T06:24:54","slug":"de-hieu-ve-chung-toi","status":"publish","type":"page","link":"https:\/\/www.familychoice.com\/vi\/de-hieu-ve-chung-toi\/","title":{"rendered":"\u0110\u1ec3 Hi\u1ec3u V\u1ec1 Ch\u00fang T\u00f4i"},"content":{"rendered":"<div class=\"interior-page-img-container about-us-banner-img\">\r\n <img decoding=\"async\" class=\"img-align-left\" src=\"\/wp-content\/themes\/quark\/images\/about_us_img.jpg\" alt=\"\" \/>\r\n<\/div>\r\n<h2>V\u1ec1 T\u1ed5 H\u1ee3p Y-T\u1ebf Family Choice<\/h2>\r\n<p>Family Choice \u0111\u00e3 c\u00f3 tr\u00ean 30 n\u0103m kinh nghi\u1ec7m ph\u1ee5c v\u1ee5 c\u01b0 d\u00e2n t\u1ea1i Qu\u1eadn Cam. Ch\u00fang t\u00f4i c\u00f3 th\u1ec3 cung c\u1ea5p c\u00e1c d\u1ecbch v\u1ee5 y-t\u1ebf \u0111a d\u1ea1ng t\u1eeb ngo\u1ea1i ch\u1ea9n, nh\u1eadp vi\u1ec7n, \u0111\u1ebfn c\u00e1c nhu c\u1ea7u v\u1ec1 x\u00e3 h\u1ed9i. Ch\u00fang t\u00f4i c\u00f3 nhi\u1ec1u kinh nghi\u1ec7m ph\u1ed1i h\u1ee3p ch\u1ea1t ch\u1ec3 trong m\u1ecfi c\u00f4ng vi\u1ec7c \u0111\u1ec3 c\u00e1c b\u1ec7nh nh\u00e2n \u0111\u01b0\u1ee3c h\u01b0\u1edfng nh\u1eefng d\u1ecbch v\u1ee5 y-t\u1ebf ho\u00e0n h\u1ea3o nh\u1ea5t.<\/p>\r\n<p>\u0110\u01b0\u1ee3c th\u00e0nh l\u1eadp v\u00e0o n\u0103m 1995, Family Choice m\u1ed9t l\u00e0 trong nh\u1eefng nh\u00f3m B\u00e1c S\u0129 Vi\u1ec7t Nam Gia \u0110\u00ecnh l\u1edbn nh\u1ea5t t\u1ea1i Orange County. Family Choice c\u00f3 c\u00e1c ch\u01b0\u01a1ng tr\u00ecnh ch\u0103m s\u00f3c s\u1ee9c kh\u1ecfe, \u0111\u00e1p \u1ee9ng m\u1ecdi nhu c\u1ea7u c\u1ee7a qu\u00fd v\u1ecb t\u1eeb th\u1ec3 l\u00fd tr\u1ecb li\u1ec7u, c\u00e1c d\u1ecbch v\u1ee5 x\u00e3 h\u1ed9i, quang tuy\u1ebfn X, \u0111\u1ebfn c\u00e1c khoa da li\u1ec5u, khoa tim m\u1ea1ch, v\u00e0 nhi khoa&#8230; \u0110\u1ebfn v\u1edbi ch\u00fang t\u00f4i, qu\u00fd v\u1ecb \u0111\u01b0\u1ee3c ch\u0103m s\u00f3c y t\u1ebf to\u00e0n di\u1ec7n t\u1eeb A \u0111\u1ebfn Z. Ch\u00fang t\u00f4i c\u00f3 nhi\u1ec1u c\u00e1c b\u00e1c s\u0129 gia \u0111\u00ecnh \u0111\u1ec3 quy v\u1ecb c\u00f3 th\u1ec3 ch\u1ecdn m\u1ed9t b\u00e1c s\u0129 theo \u00fd mu\u1ed1n. Trong h\u01a1n 21 n\u0103m qua, Family Choice \u0111\u00e3 l\u00e0m tr\u00f2n s\u1ee9 m\u1ec7nh c\u1ee7a m\u00ecnh b\u1eb1ng c\u00e1ch \u0111i\u1ec1u h\u1ee3p t\u1ea5t c\u1ea3 m\u1ecdi d\u1ecbch v\u1ee5 y-t\u1ebf c\u1eeda qu\u00fd v\u1ecb m\u1ed9t c\u00e1ch ho\u00e0n h\u1ea3o nh\u1ea5t. <br \/><br \/>Family Choice<br \/>7631 Wyoming Street, Suite 107<br \/>Westminster, CA 92683<\/p><ul>\r\n<\/ul>\r\n","protected":false},"excerpt":{"rendered":"<p>V\u1ec1 T\u1ed5 H\u1ee3p Y-T\u1ebf Family Choice Family Choice \u0111\u00e3 c\u00f3 tr\u00ean 30 n\u0103m kinh nghi\u1ec7m ph\u1ee5c v\u1ee5 c\u01b0 d\u00e2n t\u1ea1i Qu\u1eadn Cam. Ch\u00fang t\u00f4i c\u00f3 th\u1ec3 cung c\u1ea5p c\u00e1c d\u1ecbch v\u1ee5 y-t\u1ebf \u0111a d\u1ea1ng t\u1eeb ngo\u1ea1i ch\u1ea9n, nh\u1eadp vi\u1ec7n, \u0111\u1ebfn c\u00e1c nhu c\u1ea7u v\u1ec1 x\u00e3 h\u1ed9i. Ch\u00fang t\u00f4i c\u00f3 nhi\u1ec1u kinh nghi\u1ec7m ph\u1ed1i h\u1ee3p ch\u1ea1t&hellip;<\/p>\n<p><a class=\"more-link\" href=\"https:\/\/www.familychoice.com\/vi\/de-hieu-ve-chung-toi\/\" title=\"Continue reading &lsquo;\u0110\u1ec3 Hi\u1ec3u V\u1ec1 Ch\u00fang T\u00f4i&rsquo;\">Continue reading <span class=\"meta-nav\">&rarr;<\/span><\/a><\/p>\n","protected":false},"author":1,"featured_media":0,"parent":0,"menu_order":0,"comment_status":"closed","ping_status":"closed","template":"","meta":{"_exactmetrics_skip_tracking":false,"_exactmetrics_sitenote_active":false,"_exactmetrics_sitenote_note":"","_exactmetrics_sitenote_category":0,"footnotes":""},"class_list":["post-10","page","type-page","status-publish","hentry"],"_links":{"self":[{"href":"https:\/\/www.familychoice.com\/vi\/wp-json\/wp\/v2\/pages\/10","targetHints":{"allow":["GET"]}}],"collection":[{"href":"https:\/\/www.familychoice.com\/vi\/wp-json\/wp\/v2\/pages"}],"about":[{"href":"https:\/\/www.familychoice.com\/vi\/wp-json\/wp\/v2\/types\/page"}],"author":[{"embeddable":true,"href":"https:\/\/www.familychoice.com\/vi\/wp-json\/wp\/v2\/users\/1"}],"replies":[{"embeddable":true,"href":"https:\/\/www.familychoice.com\/vi\/wp-json\/wp\/v2\/comments?post=10"}],"version-history":[{"count":8,"href":"https:\/\/www.familychoice.com\/vi\/wp-json\/wp\/v2\/pages\/10\/revisions"}],"predecessor-version":[{"id":463,"href":"https:\/\/www.familychoice.com\/vi\/wp-json\/wp\/v2\/pages\/10\/revisions\/463"}],"wp:attachment":[{"href":"https:\/\/www.familychoice.com\/vi\/wp-json\/wp\/v2\/media?parent=10"}],"curies":[{"name":"wp","href":"https:\/\/api.w.org\/{rel}","templated":true}]}}