{"id":97,"date":"2016-08-03T18:16:01","date_gmt":"2016-08-03T18:16:01","guid":{"rendered":"http:\/\/dev.familydoctorsorangecounty.com\/es\/?page_id=97"},"modified":"2025-06-23T04:49:47","modified_gmt":"2025-06-23T04:49:47","slug":"miembros","status":"publish","type":"page","link":"https:\/\/www.familychoice.com\/es\/miembros\/","title":{"rendered":"Miembros"},"content":{"rendered":"<div class=\"members\">\r\n<div class=\"interior-page-img-container members-banner-img\">\r\n\r\n<\/div>\r\n\r\n<p><br \/>\r\n<\/p>\r\n<p>\r\n    <a href=\"https:\/\/get.adobe.com\/reader\/\" target=\"_blank\" style=\"font-size: 16px;\" rel=\"noopener\">Get Adobe Reader<\/a>\r\n<\/p>\r\n <h2 class=\"collapseomatic \" id=\"id9295\"  tabindex=\"0\" title=\"Derechos y Responsabilidades de los Miembros\"    >Derechos y Responsabilidades de los Miembros<\/h2><div id=\"target-id9295\" class=\"collapseomatic_content \">\r\n<h3>Los miembros tienen derecho a:<\/h3>\r\n<ul>\r\n    <li>Recibir informaci\u00f3n sobre la organizaci\u00f3n, sus servicios, sus profesionales y proveedores y los derechos y responsabilidades del miembro<\/li>\r\n    <li>A ser tratado con respeto y reconocimiento de su dignidad y derecho a la intimidad<\/li>\r\n    <li>Para participar con los profesionales en la toma de decisiones sobre su atenci\u00f3n de salud<\/li>\r\n    <li>Para una discusi\u00f3n franca sobre las opciones de tratamiento apropiadas o m\u00e9dicamente necesarias de sus condiciones, independientemente de la cobertura de costo o beneficio<\/li>\r\n    <li>Para expresar sus quejas o apelaciones sobre la organizaci\u00f3n o la atenci\u00f3n que brinda<\/li>\r\n    <li>Para hacer recomendaciones relativas a derechos de los miembros de la organizaci\u00f3n y pol\u00edticas de responsabilidad<\/li>\r\n<\/ul>\r\n<h3>Los miembros tienen la responsabilidad de:<\/h3>\r\n<ul>\r\n    <li>Dar informaci\u00f3n (lo mejor posible) que la organizaci\u00f3n y sus profesionales, y proveedores necesitan con el fin de proporcionar atenci\u00f3n<\/li>\r\n    <li>Seguir los planes e instrucciones para el cuidado de que han acordado con sus profesionales<\/li>\r\n    <li>Entender sus problemas de salud y participar en el desarrollo mutuamente acordados los objetivos del tratamiento a la medida de lo posible<\/li>\r\n<\/ul>\r\n <\/div>\r\n <h2 class=\"collapseomatic \" id=\"id9140\"  tabindex=\"0\" title=\"Afirmaci\u00f3n de miembro\"    >Afirmaci\u00f3n de miembro<\/h2><div id=\"target-id9140\" class=\"collapseomatic_content \">\r\n<ul>\r\n    <li>La toma de decisiones de gesti\u00f3n de utilizaci\u00f3n se basa \u00fanicamente en la idoneidad de la atenci\u00f3n y el servicio y la existencia de cobertura. Su grupo no recompensa espec\u00edficamente a los m\u00e9dicos u otras personas por emitir denegaciones de cobertura o atenci\u00f3n de servicios. Los incentivos econ\u00f3micos para los tomadores de decisiones de administraci\u00f3n de utilizaci\u00f3n no fomentan decisiones que resulten en subutilizaci\u00f3n.<\/li>\r\n    <li>Si desea obtener una copia de la toma de los criterios utilizados por el grupo de decisiones de servicio decisi\u00f3n, esta informaci\u00f3n se pondr\u00e1 a disposici\u00f3n del p\u00fablico, previa solicitud poni\u00e9ndose en contacto con nuestro Departamento de Servicios al (800) 611-0111. El grupo s\u00f3lo es necesario dar a conocer los criterios y directrices para los procedimientos o condiciones espec\u00edficas solicitadas.<\/li>\r\n<\/ul>\r\n <\/div>\r\n\r\n<h2 class=\"collapseomatic \" id=\"id3315\"  tabindex=\"0\" title=\"Instalaciones de Rayos X \"    >Instalaciones de Rayos X <\/h2><div id=\"target-id3315\" class=\"collapseomatic_content \">\r\n<table class=\"table-list\">\r\n<thead><tr><th>NOMBRE<\/th><th>SERVICIOS<\/th><th>DIRECCI\u00d3N<\/th><th>TEL\u00c9FONO<\/th><th>FAX<\/th><\/tr><\/thead>\r\n<tbody>\r\n\r\n    <tr>\r\n    <td class=\"name\">Medizen Advanced Imaging<\/td>\r\n    <td class=\"specialty\">XRAY, US, CT, MRI, MAMMO, QCT<\/td>\r\n    <td class=\"address\">17305 Brookhurst St.<br \/><span class=\"city\">Fountain Valley<\/span>, CA 92708<\/td>\r\n    <td class=\"phone\">(714) 968-8998<\/td>\r\n    <td class=\"fax\">(714) 968-8628<\/td>\r\n    <\/tr>\r\n    \r\n<\/tbody>\r\n<\/table>\r\n<\/div>\r\n\r\n<h2 class=\"collapseomatic \" id=\"id4139\"  tabindex=\"0\" title=\"Laboratorios\"    >Laboratorios<\/h2><div id=\"target-id4139\" class=\"collapseomatic_content \">\r\n<table class=\"table-list city\">\r\n<thead>\r\n<tr><th>Ubicaci\u00f3n<\/th>\r\n<th>DIRECCI\u00d3N<\/th>\r\n<th>TEL\u00c9FONO<\/th>\r\n<th>Fax<\/th><th>Horas de Oficina<\/th><\/tr><\/thead>\r\n<tbody>\r\n<tr>\r\n    <td class=\"name\">CMB Labs<\/td>\r\n    <td class=\"address\">10703 Progress Way<br \/><span class=\"city\">Cypress<\/span>, CA 90630<\/td>\r\n    <td class=\"phone\">(714) 657-7369<\/td>\r\n    <td class=\"fax\">(714) 816-1500<\/td>\r\n    <td class=\"hours\">Mon-Fri: 7:00am-6:00pm<br \/>Sat &amp; Sun: Cerrado<\/td>\r\n<\/tr>\r\n<tr>\r\n    <td class=\"name\">CMB Labs<\/td>\r\n    <td class=\"address\">11100 Warner Ave<br \/>Suite 204<br \/><span class=\"city\">Fountain Valley<\/span>, CA 92708<\/td>\r\n    <td class=\"phone\">(714) 943-3753<br \/>(714) 880-3375<\/td>\r\n    <td class=\"fax\">(714) 979-8889<\/td>\r\n    <td class=\"hours\">Mon-Fri: 8:00am- 4:30pm<br \/>Sat &amp; Sun: Cerrado<\/td>\r\n<\/tr>\r\n<tr>\r\n    <td class=\"name\">CMB Labs<\/td>\r\n    <td class=\"address\">1950 Sunnycrest Dr.<br \/>Suite 1600<br \/><span class=\"city\">Fullerton<\/span>, CA 92835<\/td>\r\n    <td class=\"phone\">(714) 880-3382<\/td>\r\n    <td class=\"fax\">(714) 446-0122<\/td>\r\n    <td class=\"hours\">Mon-Fri: 7:00am-3:30pm<br \/>Sat &amp; Sun: Cerrado<\/td>\r\n<\/tr>\r\n<tr>\r\n    <td class=\"name\">CMB Labs<\/td>\r\n    <td class=\"address\">12665 Garden Grove Blvd.<br \/>Suite 114<br \/><span class=\"city\">Garden Grove<\/span>, CA 92843<\/td>\r\n    <td class=\"phone\">(714) 467-0240<br \/>(714) 467-0241<\/td>\r\n    <td class=\"fax\">(714) 467-0246<\/td>\r\n    <td class=\"hours\">Mon-Fri: 7:00am-4:30pm<br \/>Sat &amp; Sun: Cerrado<\/td>\r\n<\/tr>\r\n<tr>\r\n    <td class=\"name\">CMB Labs<\/td>\r\n    <td class=\"address\">5451 La Palma Ave.<br \/>Suite 11<br \/><span class=\"city\">La Palma<\/span>, CA 90623<\/td>\r\n    <td class=\"phone\">(714) 994-4973<\/td>\r\n    <td class=\"fax\">(714) 994-0202<\/td>\r\n    <td class=\"hours\">Mon-Fri: 9:00am-5:00pm<br \/>Sat: 7:00am-1:00pm<br \/>Sun: Cerrado<\/td>\r\n<\/tr>\r\n<tr>\r\n    <td class=\"name\">CMB Labs<\/td>\r\n    <td class=\"address\">1078 Atlantic Ave.<br \/><span class=\"city\">Long Beach<\/span>, CA 90813<\/td>\r\n    <td class=\"phone\">(562) 628-9270<\/td>\r\n    <td class=\"fax\">(562) 628-9350<\/td>\r\n    <td class=\"hours\">Mon-Fri: 8:00am-5:00pm<br \/>Sat: 8:00am-1:00pm<br \/>Sun: Cerrado<\/td>\r\n<\/tr>\r\n<tr>\r\n    <td class=\"name\">CMB Labs<\/td>\r\n    <td class=\"address\">3816 Woodruff Ave.<br \/>Suite 105<br \/><span class=\"city\">Long Beach<\/span>, CA 90808<\/td>\r\n    <td class=\"phone\">(562) 425-3244<\/td>\r\n    <td class=\"fax\">(562) 429-0305<\/td>\r\n    <td class=\"hours\">Mon-Fri: 8:30am-5:00pm<br \/>Sat &amp; Sun: Cerrado<\/td>\r\n<\/tr>\r\n<tr>\r\n    <td class=\"name\">CMB Labs<\/td>\r\n    <td class=\"address\">6221 Wilshire Blvd<br \/>Suite 205<br \/><span class=\"city\">Los Angeles<\/span>, CA 90048<\/td>\r\n    <td class=\"phone\">(323) 939-9701<\/td>\r\n    <td class=\"fax\">(323) 939-9769<\/td>\r\n    <td class=\"hours\">Mon-Fri: 9:00am-5:30pm<br \/>Sat &amp; Sun: Cerrado<\/td>\r\n<\/tr>\r\n<tr>\r\n    <td class=\"name\">CMB Labs<\/td>\r\n    <td class=\"address\">12980 Frderick St.<br \/>Suite E<br \/><span class=\"city\">Moreno Valley<\/span>, CA 92553<\/td>\r\n    <td class=\"phone\">(951) 243-2600<\/td>\r\n    <td class=\"fax\">(951) 243-6654<\/td>\r\n    <td class=\"hours\">Mon-Fri: 7:30am-5:00pm<br \/>Sat &amp; Sun: Cerrado<\/td>\r\n<\/tr>\r\n\r\n<tr>\r\n    <td class=\"name\">CMB Labs<\/td>\r\n    <td class=\"address\">2621 S. Bristol St.<br \/>Suite 201<br \/><span class=\"city\">Santa Ana<\/span>, CA 92704<\/td>\r\n    <td class=\"phone\">(714) 210-8987<\/td>\r\n    <td class=\"fax\">(714) 210-0328<\/td>\r\n    <td class=\"hours\">Mon-Fri: 8:00am- 5:30pm<br \/>Sat: 8:00am- 1:00pm<br \/>Sun: Cerrado<\/td>\r\n<\/tr>\r\n<tr>\r\n    <td class=\"name\">CMB Labs<\/td>\r\n    <td class=\"address\">10301 Bolsa Ave #107<br \/><span class=\"city\">Westminster<\/span>, CA 92683<\/td>\r\n    <td class=\"phone\">(714) 839-2523<\/td>\r\n    <td class=\"fax\">(714) 839-2813<\/td>\r\n    <td class=\"hours\">Mon-Fri: 7:00am-4:30pm<br \/>Sat: 7:00am- 2:00pm<br \/>Sun: Cerrado<\/td>\r\n<\/tr>\r\n<tr>\r\n    <td class=\"name\">CMB Labs<\/td>\r\n    <td class=\"address\">7631 Wyoming St.<br \/>Suite 105A<br \/><span class=\"city\">Westminster<\/span>, CA 92683<\/td>\r\n    <td class=\"phone\">(714) 657-7389<\/td>\r\n    <td class=\"fax\">(714) 657-7388<\/td>\r\n    <td class=\"hours\">Mon, Tues, Thurs, Fri: 7:30am-4:30pm<br \/>Wed &amp; Sat: 7:30am- 1:30pm<br \/>Sun: Cerrado<\/td>\r\n<\/tr>\r\n<\/tbody>\r\n<\/table>\r\n<\/div>\r\n\r\n<h2 class=\"collapseomatic \" id=\"id7520\"  tabindex=\"0\" title=\"Instalaciones De Atenci\u00f3n De Urgencia \"    >Instalaciones De Atenci\u00f3n De Urgencia <\/h2><div id=\"target-id7520\" class=\"collapseomatic_content \">\r\n<table class=\"table-list city\">\r\n<thead>\r\n<tr><th>NOMBRE<\/th>\r\n<th>DIRECCI\u00d3N<\/th>\r\n<th>TEL\u00c9FONO<\/th>\r\n<th>Horas de Oficina<\/th><\/tr><\/thead>\r\n<tbody>\r\n<tr>\r\n    <td class=\"name\">Advance Urgent Medical Group<\/td>\r\n    <td class=\"address\">1401 W. First St.<br \/>Suite 101<br \/><span class=\"city\">Santa Ana<\/span>, CA 92703<\/td>\r\n    <td class=\"phone\">(714) 542-9700<\/td>\r\n    <td class=\"hours\">Mon-Fri: 8:30am-9:00pm<br \/>Sat: 8:30am-6:30pm<br \/>Sun: 9:00am-4:30pm<br \/>D\u00edas Festivos: 8:30am-4:30pm<\/td>\r\n<\/tr>\r\n<tr>\r\n    <td class=\"name\">Clineva Urgent Care<\/td>\r\n    <td class=\"address\">6876 Katella Ave.<br \/><span class=\"city\">Cypress<\/span>, CA 90630<\/td>\r\n    <td class=\"phone\">(657) 256-5994<\/td>\r\n    <td class=\"hours\">Mon\u2013Sun: 8:00am\u20138:00pm<\/td>\r\n<\/tr>\r\n<tr style=\"display: none;\">\r\n    <td class=\"name\">Gateway Urgent Care<\/td>\r\n    <td class=\"address\">1006 W. La Palma Ave.<br \/><span class=\"city\">Anaheim<\/span>, CA 92801<\/td>\r\n    <td class=\"phone\">(714) 778-3838<\/td>\r\n    <td class=\"hours\">Mon-Fri: 8:00am-10:00pm<br \/>Sat-Sun: 9:00am-9:00pm<br \/>D\u00edas Festivos: 9:00am-5:00pm<\/td>\r\n<\/tr>\r\n<tr>\r\n    <td class=\"name\">Sunrise Multispecialty Urgent Care<\/td>\r\n    <td class=\"address\">867 S. Tustin Ave.<br \/><span class=\"city\">Orange<\/span>, CA 92866<\/td>\r\n    <td class=\"phone\">(714) 771-1420<\/td>\r\n    <td class=\"hours\">Mon-Fri: 7:00am-10:00pm<br \/>Sat, Sun, D\u00edas Festivos: 9:00am-5:00pm<\/td>\r\n<\/tr>\r\n\r\n<tr>\r\n    <td class=\"name\">Sand Canyon Urgent Care-1<\/td>\r\n    <td class=\"address\">15775 laguna Canyon Rd,<br \/>Suite 100,<br \/><span class=\"city\">Irvine<\/span>, CA 92618<\/td>\r\n    <td class=\"phone\">(949) 417-0272<\/td>\r\n    <td class=\"hours\">Mon-Fri: 8:00am-8:00pm<br \/>Sat: 9:00am-5:00pm<br \/>Sun: 11:00am-5:00pm<br \/>Cerrado D\u00edas Festivos<\/td>\r\n<\/tr>\r\n<tr>\r\n    <td class=\"name\">Sand Canyon Urgent Care-2<\/td>\r\n    <td class=\"address\">23521 Paseo De Valencia Suite 101,<br \/><span class=\"city\">Laguna Hills<\/span>, CA 92653<\/td>\r\n    <td class=\"phone\">(949) 206-4633<\/td>\r\n    <td class=\"hours\">Mon-Fri 8am-8pm<br \/>Sat 9am-5pm<br \/>Sun 11am -5pm<\/td>\r\n<\/tr>\r\n<tr>\r\n    <td class=\"name\">Xpress Urgent Care &#8211; 1<\/td>\r\n    <td class=\"address\">131 E. 17th St.,<br \/><span class=\"city\">Costa Mesa<\/span>, CA 92627<\/td>\r\n    <td class=\"phone\">(949)\u00a0548-8400<\/td>\r\n    <td class=\"hours\">Mon-Fri: 5:00pm-8:00pm<br \/>Sat-Sun: 8:00am-8:00pm<br \/>Open All Holidays<\/td>\r\n<\/tr>\r\n<tr>\r\n    <td class=\"name\">Xpress Urgent Care &#8211; 2<\/td>\r\n    <td class=\"address\">17612 E. 17th St.,<br \/><span class=\"city\">Tustin<\/span>, CA 92780<\/td>\r\n    <td class=\"phone\">(714)\u00a0243-54050<\/td>\r\n    <td class=\"hours\">Mon-Fri: 5:00pm-8:00pm<br \/>Sat-Sun: 8:00am-8:00pm<br \/>Open All Holidays<\/td>\r\n<\/tr>\r\n<\/tbody>\r\n<\/table>\r\n<\/div>\r\n<\/div>\r\n","protected":false},"excerpt":{"rendered":"<p>Get Adobe Reader<\/p>\n","protected":false},"author":1,"featured_media":0,"parent":0,"menu_order":0,"comment_status":"closed","ping_status":"closed","template":"","meta":{"_exactmetrics_skip_tracking":false,"_exactmetrics_sitenote_active":false,"_exactmetrics_sitenote_note":"","_exactmetrics_sitenote_category":0,"footnotes":""},"class_list":["post-97","page","type-page","status-publish","hentry"],"_links":{"self":[{"href":"https:\/\/www.familychoice.com\/es\/wp-json\/wp\/v2\/pages\/97","targetHints":{"allow":["GET"]}}],"collection":[{"href":"https:\/\/www.familychoice.com\/es\/wp-json\/wp\/v2\/pages"}],"about":[{"href":"https:\/\/www.familychoice.com\/es\/wp-json\/wp\/v2\/types\/page"}],"author":[{"embeddable":true,"href":"https:\/\/www.familychoice.com\/es\/wp-json\/wp\/v2\/users\/1"}],"replies":[{"embeddable":true,"href":"https:\/\/www.familychoice.com\/es\/wp-json\/wp\/v2\/comments?post=97"}],"version-history":[{"count":36,"href":"https:\/\/www.familychoice.com\/es\/wp-json\/wp\/v2\/pages\/97\/revisions"}],"predecessor-version":[{"id":394,"href":"https:\/\/www.familychoice.com\/es\/wp-json\/wp\/v2\/pages\/97\/revisions\/394"}],"wp:attachment":[{"href":"https:\/\/www.familychoice.com\/es\/wp-json\/wp\/v2\/media?parent=97"}],"curies":[{"name":"wp","href":"https:\/\/api.w.org\/{rel}","templated":true}]}}