{"id":6,"date":"2016-04-19T04:44:54","date_gmt":"2016-04-19T04:44:54","guid":{"rendered":"http:\/\/es.dev.familydoctorsorangecounty.com\/?page_id=6"},"modified":"2017-11-01T05:37:52","modified_gmt":"2017-11-01T05:37:52","slug":"home-page","status":"publish","type":"page","link":"https:\/\/www.familychoice.com\/es\/","title":{"rendered":"Inicio"},"content":{"rendered":"<div class=\"homepage-main-wrapper\">\r\n<h2>ENCONTRAR UN M\u00c9DICO<\/h2>\r\n<div class=\"homepage-main-links-wrapper\">\r\n    <a href=\"\/es\/medicos-de-atencion-primaria\/\" class=\"homepage-pcp\">\r\n    <div>\r\n    <h3>M\u00e9dicos de atenci\u00f3n primaria<\/h3>\r\n    <p>Vea nuestra lista de casi 200 m\u00e9dicos de atenci\u00f3n primaria seleccionados individualmente.<\/p>\r\n    <\/div>\r\n    <\/a>\r\n    <a href=\"\/es\/medicos-familiares\/\" class=\"homepage-family-doctors\">\r\n    <div>\r\n    <h3>M\u00e9dicos familiares<\/h3>\r\n    <p>Nuestros m\u00e9dicos familiares ayudan a m\u00e1s de 54,000 pacientes a lo largo de Orange County.<\/p>\r\n    <\/div>\r\n    <\/a>\r\n    <a href=\"\/es\/especialistas-en-orange-county\/\" class=\"homepage-md-in-oc\">\r\n    <div>\r\n    <h3>Especialistas en Condado de Orange<\/h3>\r\n    <p>Encontrar al mejor grupo m\u00e9dico no es dif\u00edcil cuando hace las preguntas correctas.<\/p>\r\n    <\/div>\r\n    <\/a>\r\n    <div class=\"clearfix\"><\/div>\r\n<\/div>\r\n<\/div>","protected":false},"excerpt":{"rendered":"<p>ENCONTRAR UN M\u00c9DICO M\u00e9dicos de atenci\u00f3n primaria Vea nuestra lista de casi 200 m\u00e9dicos de atenci\u00f3n primaria seleccionados individualmente. M\u00e9dicos familiares Nuestros m\u00e9dicos familiares ayudan a m\u00e1s de 54,000 pacientes a lo largo de Orange County. Especialistas en Condado de Orange Encontrar al mejor grupo m\u00e9dico no es dif\u00edcil cuando hace las preguntas correctas.<\/p>\n","protected":false},"author":1,"featured_media":0,"parent":0,"menu_order":0,"comment_status":"closed","ping_status":"closed","template":"","meta":{"_exactmetrics_skip_tracking":false,"_exactmetrics_sitenote_active":false,"_exactmetrics_sitenote_note":"","_exactmetrics_sitenote_category":0,"footnotes":""},"class_list":["post-6","page","type-page","status-publish","hentry"],"_links":{"self":[{"href":"https:\/\/www.familychoice.com\/es\/wp-json\/wp\/v2\/pages\/6","targetHints":{"allow":["GET"]}}],"collection":[{"href":"https:\/\/www.familychoice.com\/es\/wp-json\/wp\/v2\/pages"}],"about":[{"href":"https:\/\/www.familychoice.com\/es\/wp-json\/wp\/v2\/types\/page"}],"author":[{"embeddable":true,"href":"https:\/\/www.familychoice.com\/es\/wp-json\/wp\/v2\/users\/1"}],"replies":[{"embeddable":true,"href":"https:\/\/www.familychoice.com\/es\/wp-json\/wp\/v2\/comments?post=6"}],"version-history":[{"count":9,"href":"https:\/\/www.familychoice.com\/es\/wp-json\/wp\/v2\/pages\/6\/revisions"}],"predecessor-version":[{"id":178,"href":"https:\/\/www.familychoice.com\/es\/wp-json\/wp\/v2\/pages\/6\/revisions\/178"}],"wp:attachment":[{"href":"https:\/\/www.familychoice.com\/es\/wp-json\/wp\/v2\/media?parent=6"}],"curies":[{"name":"wp","href":"https:\/\/api.w.org\/{rel}","templated":true}]}}