{"id":57,"date":"2016-04-26T22:59:52","date_gmt":"2016-04-26T22:59:52","guid":{"rendered":"http:\/\/dev.familydoctorsorangecounty.com\/es\/?page_id=57"},"modified":"2016-09-19T16:57:28","modified_gmt":"2016-09-19T16:57:28","slug":"medicos-familiares","status":"publish","type":"page","link":"https:\/\/www.familychoice.com\/es\/medicos-familiares\/","title":{"rendered":"M\u00e9dicos Familiares"},"content":{"rendered":"<div>\r\n<h2>Excelentes m\u00e9dicos familiares en Condado de Orange<\/h2>\r\n<p>Escoger a un nuevo m\u00e9dico familiar es una decisi\u00f3n importante que puede afectar la salud y bienestar de toda su familia. Hay tantas opciones, \u00bfc\u00f3mo sabe que est\u00e1 tomando la decisi\u00f3n adecuada? \u00bfTodos los m\u00e9dicos familiares son igual de buenos? Esas son muy buenas preguntas, y aqu\u00ed hay algunas respuestas para ayudarle a tomar una decisi\u00f3n.<\/p>\r\n<ul>\r\n    <li><h3>Educaci\u00f3n<\/h3>\u2013 Para iniciar, su b\u00fasqueda deber\u00eda enfocarse en la educaci\u00f3n. Usted quiere estar seguro de que el m\u00e9dico familiar que ha escogido ha recibido una buena educaci\u00f3n y que permanece al tanto de los problemas m\u00e1s recientes que usted y su familia est\u00e1n enfrentando. Pregunte sobre su educaci\u00f3n formal y qu\u00e9 educaci\u00f3n continua reciben regularmente. \u00bfEst\u00e1n certificados?<\/li>\r\n    <li><h3>Seguro<\/h3>\u2013 Es realmente importante que su nuevo m\u00e9dico familiar reciba su seguro. Aseg\u00farese de que lo acepten antes de programar una cita. Si usted tiene cobertura bajo Medicare, Medicaid u otros, aseg\u00farese de que su m\u00e9dico acepte esas formas de seguros.<\/li>\r\n    <li><h3>Tiempo de calidad y diagn\u00f3<\/h3>&#8211; En esta sociedad tan ocupada, el tiempo es muy valioso para todos. Sin embargo, en lo que concierne a su salud o a la salud de sus hijos, padres o abuelos, usted debe tomarse su tiempo y asegurarse de obtener el diagn\u00f3stico y tratamiento adecuado. Usted necesita un m\u00e9dico familiar que pase tiempo con usted, que entienda sus antecedentes m\u00e9dicos y que escuche sus preocupaciones. Muchos m\u00e9dicos familiares son as\u00ed de dedicados.<\/li>\r\n    <li><h3>Ubicaciones<\/h3>&#8211; Usted necesita un m\u00e9dico familiar que est\u00e9 cercano a su hogar. Es probable que lo visite a menudo, especialmente si tiene hijos, as\u00ed que la conveniencia es importante. Ya sea que viva en Westminster, Garden Grove, Santa Ana, Fountain Valley, Irvine, Anaheim o en cualquier otro lugar de Condado de Orange, es importante que encuentre un m\u00e9dico familiar.<\/li>\r\n    <li><h3>Disponibilidad<\/h3>&#8211; La disponibilidad tambi\u00e9n es muy importante. \u00bfCu\u00e1ndo puede ir a ver al m\u00e9dico? \u00bfEl m\u00e9dico est\u00e1 disponible tanto durante la semana como durante los fines de semana? \u00bfA qu\u00e9 horas? Obtener las respuestas a estas preguntas le ayudar\u00e1 a encontrar a los mejores m\u00e9dicos familiares cerca de usted, que se ajusten a su horario, y que incluso puedan verlo sin una cita. Tambi\u00e9n, \u00bfqu\u00e9 tanto tiempo tendr\u00e1 que esperar en la cl\u00ednica del m\u00e9dico antes de poder verlo o verla? Pregunte sobre los tiempos de espera y qu\u00e9 tanto tiempo deber\u00e1 esperar antes de poder ver al m\u00e9dico.<\/li>\r\n    <li><h3>Consideraciones culturales<\/h3>&#8211; Condado de Orange est\u00e1 constituido por todo tipo de personas y grupos \u00e9tnicos. \u00bfEl m\u00e9dico familiar que est\u00e1 considerando habla su idioma natal? \u00bfPuede relacionarse con su cultura, especialmente con los padres ancianos o los abuelos que puede que no hablen ingl\u00e9s muy bien? Encontrar buenos m\u00e9dicos familiares que hablen su idioma puede ser realmente beneficial para usted mientras trata varios problemas o preocupaciones de salud. Su relaci\u00f3n con su m\u00e9dico familiar debe proporcionarle beneficios ahora y a lo largo de toda su vida. Encontrar un m\u00e9dico que pueda relacionarse con usted a nivel cultural le ayudar\u00e1 a que su decisi\u00f3n sea m\u00e1s f\u00e1cil.<\/li>\r\n    <li><h3>Coordinaci\u00f3n del cuidado con el hospital:<\/h3> \u00bfQu\u00e9 pasa si usted o un familiar necesita cuidado de emergencia o necesita ser hospitalizado? \u00bfSu m\u00e9dico coordinar\u00e1 efectivamente todos los aspectos de su cuidado, ya sea por s\u00ed mismo o usando un especialista del hospital (m\u00e9dico hospitalario)? Encontrar un m\u00e9dico que sepa c\u00f3mo administrar el cuidado hospitalario o que trabaje con un m\u00e9dico hospitalario que se comunique y coordine el cuidado con otros especialistas es importante cuando usted no est\u00e1 seguro de su condici\u00f3n u opciones en un ambiente hospitalario.<\/li>\r\n<\/ul>\r\n\r\n<h2>Lista de m\u00e9dicos familiares y m\u00e9dicos de atenci\u00f3n primara en Condado de Orange<\/h2>\r\n<p>Condado de Orange est\u00e1 lleno de m\u00e9dicos familiares, tambi\u00e9n llamados m\u00e9dicos de asistencia primaria. Un buen lugar para encontrar un m\u00e9dico familiar\/m\u00e9dico de atenci\u00f3n primaria para toda la vida es en Family Choice Health Network (FCHN). Con m\u00e1s de 54,000 pacientes a lo largo de Condado de Orange, hay m\u00e1s de 200 m\u00e9dicos de atenci\u00f3n primaria que son altamente calificados, educados y que han sido seleccionados individualmente por Family Choice Health Network. Los m\u00e9dicos familiares de FCHN tambi\u00e9n trabajan de cerca con m\u00e9dicos que se especializan en medicina hospitalaria y que coordinar\u00e1n todos los aspectos de su cuidado si usted es hospitalizado. Y con m\u00e1s de 20 a\u00f1os de experiencia, FCHN puede construir con usted una relaci\u00f3n de largo plazo durante cada etapa de su vida.<\/p>\r\n<p>Vea una lista completa de los m\u00e9dicos familiares\/de atenci\u00f3n primaria <a href=\"\/es\/medicos-de-atencion-primaria\/\">AQU\u00cd<\/a>.<\/p>\r\n<p>Todos los m\u00e9dicos familiares en FCHN reciben Medicare. Nuestro personal de servicios para miembros tambi\u00e9n puede ayudar con la inscripci\u00f3n abierta para Medicare, ayud\u00e1ndole a escoger un m\u00e9dico de atenci\u00f3n primaria, y poniendo todo en su lugar. La inscripci\u00f3n abierta para Medicare es entre el 15 de octubre y 7 de diciembre. La inscripci\u00f3n abierta para otros seguros var\u00eda. Ll\u00e1menos hoy, podemos ayudarle en el proceso de selecci\u00f3n de un m\u00e9dico familiar.<\/p>\r\n<p>Adem\u00e1s de Medicare, los m\u00e9dicos familiares de FCHN tambi\u00e9n reciben la mayor\u00eda de seguros. Cont\u00e1ctenos para verificar que su seguro es aceptado.<\/p>\r\n<p>Los m\u00e9dicos familiares que son parte de Family Choice Health Network dedican tiempo a sus pacientes. Entender su situaci\u00f3n es importante para ellos, y les permite proporcionar los diagn\u00f3sticos y las opciones de tratamiento m\u00e1s adecuados. Tambi\u00e9n tienen horas extendidas para acomodarse a sus horarios. Muchos est\u00e1n abiertos m\u00e1s tarde durante la semana y los s\u00e1bados. Esta flexibilidad ayuda a que su vida sea m\u00e1s f\u00e1cil, permiti\u00e9ndole ir al m\u00e9dico cuando sea m\u00e1s conveniente para usted. Muchos m\u00e9dicos familiares de FCHN aceptan personas sin citas, as\u00ed que, en muchos casos, ni siquiera necesita hacer una cita. Con una gran cantidad de m\u00e9dicos de atenci\u00f3n primaria de FCHN a lo largo de Condado de Orange, usted tiene muchas opciones de ubicaciones disponibles para usted. Puede estar tranquilo al saber que su m\u00e9dico est\u00e1 a la vuelta de la esquina, listo para proporcionarle cuidado de salud de calidad a usted y a su familia.<\/p>\r\n<p>Con todas las variedades de grupos \u00e9tnicos en Condado de Orange, a veces es dif\u00edcil encontrar un m\u00e9dico familiar que hable su idioma. En FCHN, tenemos m\u00e9dicos familiares que hablan vietnamita, espa\u00f1ol y muchos otros idiomas que se hablan en Condado de Orange. Trabajar con un m\u00e9dico de atenci\u00f3n primaria que entienda su cultura es muy beneficial y puede ayudarle a obtener los mejores resultados a largo plazo en el cuidado de su salud.<\/p>\r\n<p>Cont\u00e1ctenos hoy para aprender m\u00e1s sobre los m\u00e9dicos familiares y m\u00e9dicos de atenci\u00f3n primaria que est\u00e1n disponibles para proporcionarle bienestar y un cuidado de la salud excepcional. A nosotros nos importa su salud y esperamos poder servirle.<\/p>\r\n<\/div>","protected":false},"excerpt":{"rendered":"<p>Excelentes m\u00e9dicos familiares en Condado de Orange Escoger a un nuevo m\u00e9dico familiar es una decisi\u00f3n importante que puede afectar la salud y bienestar de toda su familia. Hay tantas opciones, \u00bfc\u00f3mo sabe que est\u00e1 tomando la decisi\u00f3n adecuada? \u00bfTodos los m\u00e9dicos familiares son igual de buenos? Esas son muy buenas preguntas, y aqu\u00ed hay&hellip;<\/p>\n<p><a class=\"more-link\" href=\"https:\/\/www.familychoice.com\/es\/medicos-familiares\/\" title=\"Continue reading &lsquo;M\u00e9dicos Familiares&rsquo;\">Continue reading <span class=\"meta-nav\">&rarr;<\/span><\/a><\/p>\n","protected":false},"author":1,"featured_media":0,"parent":0,"menu_order":0,"comment_status":"closed","ping_status":"closed","template":"","meta":{"_exactmetrics_skip_tracking":false,"_exactmetrics_sitenote_active":false,"_exactmetrics_sitenote_note":"","_exactmetrics_sitenote_category":0,"footnotes":""},"class_list":["post-57","page","type-page","status-publish","hentry"],"_links":{"self":[{"href":"https:\/\/www.familychoice.com\/es\/wp-json\/wp\/v2\/pages\/57","targetHints":{"allow":["GET"]}}],"collection":[{"href":"https:\/\/www.familychoice.com\/es\/wp-json\/wp\/v2\/pages"}],"about":[{"href":"https:\/\/www.familychoice.com\/es\/wp-json\/wp\/v2\/types\/page"}],"author":[{"embeddable":true,"href":"https:\/\/www.familychoice.com\/es\/wp-json\/wp\/v2\/users\/1"}],"replies":[{"embeddable":true,"href":"https:\/\/www.familychoice.com\/es\/wp-json\/wp\/v2\/comments?post=57"}],"version-history":[{"count":9,"href":"https:\/\/www.familychoice.com\/es\/wp-json\/wp\/v2\/pages\/57\/revisions"}],"predecessor-version":[{"id":111,"href":"https:\/\/www.familychoice.com\/es\/wp-json\/wp\/v2\/pages\/57\/revisions\/111"}],"wp:attachment":[{"href":"https:\/\/www.familychoice.com\/es\/wp-json\/wp\/v2\/media?parent=57"}],"curies":[{"name":"wp","href":"https:\/\/api.w.org\/{rel}","templated":true}]}}