{"id":51,"date":"2016-04-26T22:37:05","date_gmt":"2016-04-26T22:37:05","guid":{"rendered":"http:\/\/dev.familydoctorsorangecounty.com\/es\/?page_id=51"},"modified":"2016-09-19T16:57:28","modified_gmt":"2016-09-19T16:57:28","slug":"mapa-del-sitio-web","status":"publish","type":"page","link":"https:\/\/www.familychoice.com\/es\/mapa-del-sitio-web\/","title":{"rendered":"Mapa del sitio web"},"content":{"rendered":"<div>\r\n<ul>\r\n    <li><a href=\"\/es\">Inicio<\/a><\/li>\r\n    <li><a href=\"\/es\/servicios\/\">Servicios<\/a><\/li>\r\n    <li><a href=\"\/es\/inscripcion-abierta\/\">Inscripci\u00f3n abierta<\/a><\/li>\r\n    <li><a href=\"\/es\/como-escoger-un-medico-de-atencion-primaria\/\">C\u00f3mo escoger un m\u00e9dico de atenci\u00f3n primaria<\/a><\/li>\r\n    <li><a href=\"\/es\/quienes-somos\/\">Qui\u00e9nes somos<\/a><\/li>\r\n    <li><a href=\"\/es\/contactenos\/\">Cont\u00e1ctenos<\/a><\/li>\r\n    <li><a href=\"\/es\/medicos-de-atencion-primaria\/\">M\u00e9dicos de atenci\u00f3n primaria<\/a><\/li>\r\n    <li><a href=\"\/es\/medicos-familiares\/\">M\u00e9dicos Familiares<\/a><\/li>\r\n    <li><a href=\"\/es\/especialistas-en-orange-county\/\">Especialistas en Orange County<\/a><\/li>\r\n    <li><a href=\"\/es\/miembros\">Miembros<\/a><\/li>\r\n    <li><a href=\"https:\/\/www.capcms.com\/CapConnect\/login.aspx?ipa=fmlych&#038;url=www.familychoicemedicalgroup.com\" target=\"_blank\">Proveedores<\/a><\/li>\r\n    <li><a href=\"\/es\/politica-de-privacidad\/\">Pol\u00edtica de privacidad<\/a><\/li>\r\n<\/ul>\r\n<\/div>","protected":false},"excerpt":{"rendered":"<p>Inicio Servicios Inscripci\u00f3n abierta C\u00f3mo escoger un m\u00e9dico de atenci\u00f3n primaria Qui\u00e9nes somos Cont\u00e1ctenos M\u00e9dicos de atenci\u00f3n primaria M\u00e9dicos Familiares Especialistas en Orange County Miembros Proveedores Pol\u00edtica de privacidad<\/p>\n","protected":false},"author":1,"featured_media":0,"parent":0,"menu_order":0,"comment_status":"closed","ping_status":"closed","template":"","meta":{"_exactmetrics_skip_tracking":false,"_exactmetrics_sitenote_active":false,"_exactmetrics_sitenote_note":"","_exactmetrics_sitenote_category":0,"footnotes":""},"class_list":["post-51","page","type-page","status-publish","hentry"],"_links":{"self":[{"href":"https:\/\/www.familychoice.com\/es\/wp-json\/wp\/v2\/pages\/51","targetHints":{"allow":["GET"]}}],"collection":[{"href":"https:\/\/www.familychoice.com\/es\/wp-json\/wp\/v2\/pages"}],"about":[{"href":"https:\/\/www.familychoice.com\/es\/wp-json\/wp\/v2\/types\/page"}],"author":[{"embeddable":true,"href":"https:\/\/www.familychoice.com\/es\/wp-json\/wp\/v2\/users\/1"}],"replies":[{"embeddable":true,"href":"https:\/\/www.familychoice.com\/es\/wp-json\/wp\/v2\/comments?post=51"}],"version-history":[{"count":7,"href":"https:\/\/www.familychoice.com\/es\/wp-json\/wp\/v2\/pages\/51\/revisions"}],"predecessor-version":[{"id":135,"href":"https:\/\/www.familychoice.com\/es\/wp-json\/wp\/v2\/pages\/51\/revisions\/135"}],"wp:attachment":[{"href":"https:\/\/www.familychoice.com\/es\/wp-json\/wp\/v2\/media?parent=51"}],"curies":[{"name":"wp","href":"https:\/\/api.w.org\/{rel}","templated":true}]}}