{"id":33,"date":"2016-04-21T18:14:45","date_gmt":"2016-04-21T18:14:45","guid":{"rendered":"http:\/\/dev.familydoctorsorangecounty.com\/es\/?page_id=33"},"modified":"2025-10-22T04:47:45","modified_gmt":"2025-10-22T04:47:45","slug":"contactenos","status":"publish","type":"page","link":"https:\/\/www.familychoice.com\/es\/contactenos\/","title":{"rendered":"Cont\u00e1ctenos"},"content":{"rendered":"<div id=\"contact-us-form\">\r\n<div class=\"img-align-right contact-address\">\r\n<div class=\"interior-page-img-container contact-us-banner-img\">\r\n <img decoding=\"async\" style=\"max-width: 100%;\" src=\"\/wp-content\/themes\/quark\/images\/contact_us.jpg\" alt=\"\" \/>\r\n<\/div>\r\n<h4><br \/>Family Choice<\/h4>\r\n<h4>7631 Wyoming Street, Suite 107<br \/>\r\nWestminster, CA 92683<\/h4>\r\n\r\n<h4 style=\"margin-bottom: 5px;\">1-800-611-0111 (TTY 711)<\/h4>\r\n\r\n<div id=\"contact-us-directory-container\">\r\n<div id=\"added-text\" style=\"padding-right: 25px;\">\r\n<div class=\"column-1\" style=\"padding-bottom:15px;\">\r\n<p>Servicios para Miembros <br \/>de Cal Optima<\/p>\r\n<p style=\"margin-top: 5px;\">(800) 611-0111 <\/p>\r\n <\/div>\r\n\r\n<div class=\"column-3\" style=\"margin-bottom:15px;\">\r\n  <p>Para el estado de reclamaciones y proveedores, por favor env\u00ede un correo electr\u00f3nico a<\/p>\r\n  <p><a style=\"color: #59584c; margin-top: 8px;\" href=\"mailto:prs@familychoicemso.com\">prs@familychoicemso.com<\/a><\/p>\r\n<\/div>\r\n\r\n<div class=\"column-3\" style=\"margin-bottom:15px;\">\r\n  <p>Para miembros, por favor env\u00ede un correo electr\u00f3nico a:<\/p>\r\n  <p><a style=\"color: #59584c; margin-top: 8px;\" href=\"mailto:csr@familychoice.com\">csr@familychoice.com<\/a><\/p>\r\n<\/div>\r\n<\/div>\r\n<div class=\"column-2\">\r\n    <p class=\"directory-department\">\r\n     Direcci\u00f3n de Reclamaciones\r\n    <\/p>\r\n    <p>FCMG\/FCMS-Altura MSO<br \/>PO Box 7280<br \/>Los Angeles, CA 90022-0980<\/p><p class=\"directory-info-last\">\r\n    <\/p>\r\n<\/div>\r\n<\/div>\r\n<\/div>\r\n\n<div class=\"wpcf7 no-js\" id=\"wpcf7-f63-o1\" lang=\"en-US\" dir=\"ltr\" data-wpcf7-id=\"63\">\n<div class=\"screen-reader-response\"><p role=\"status\" aria-live=\"polite\" aria-atomic=\"true\"><\/p> <ul><\/ul><\/div>\n<form action=\"\/es\/wp-json\/wp\/v2\/pages\/33#wpcf7-f63-o1\" method=\"post\" class=\"wpcf7-form init\" aria-label=\"Contact form\" novalidate=\"novalidate\" data-status=\"init\">\n<div style=\"display: none;\">\n<input type=\"hidden\" name=\"_wpcf7\" value=\"63\" \/>\n<input type=\"hidden\" name=\"_wpcf7_version\" value=\"6.0.3\" \/>\n<input type=\"hidden\" name=\"_wpcf7_locale\" value=\"en_US\" \/>\n<input type=\"hidden\" name=\"_wpcf7_unit_tag\" value=\"wpcf7-f63-o1\" \/>\n<input type=\"hidden\" name=\"_wpcf7_container_post\" value=\"0\" \/>\n<input type=\"hidden\" name=\"_wpcf7_posted_data_hash\" value=\"\" \/>\n<input type=\"hidden\" name=\"_wpcf7_recaptcha_response\" value=\"\" \/>\n<\/div>\n<p>Primer nombre <span class=\"form-required\">*<\/span>\n<\/p>\n<p><span class=\"wpcf7-form-control-wrap\" data-name=\"first\"><input size=\"40\" maxlength=\"400\" class=\"wpcf7-form-control wpcf7-text wpcf7-validates-as-required\" aria-required=\"true\" aria-invalid=\"false\" value=\"\" type=\"text\" name=\"first\" \/><\/span>\n<\/p>\n<p>Apellido <span class=\"form-required\">*<\/span>\n<\/p>\n<p><span class=\"wpcf7-form-control-wrap\" data-name=\"last\"><input size=\"40\" maxlength=\"400\" class=\"wpcf7-form-control wpcf7-text wpcf7-validates-as-required\" aria-required=\"true\" aria-invalid=\"false\" value=\"\" type=\"text\" name=\"last\" \/><\/span>\n<\/p>\n<p>N\u00famero telef\u00f3nico <span class=\"form-required\">*<\/span>\n<\/p>\n<p><span class=\"wpcf7-form-control-wrap\" data-name=\"phone\"><input size=\"40\" maxlength=\"400\" class=\"wpcf7-form-control wpcf7-tel wpcf7-validates-as-required wpcf7-text wpcf7-validates-as-tel\" aria-required=\"true\" aria-invalid=\"false\" value=\"\" type=\"tel\" name=\"phone\" \/><\/span>\n<\/p>\n<p>Correo electr\u00f3nico <span class=\"form-required\">*<\/span>\n<\/p>\n<p><span class=\"wpcf7-form-control-wrap\" data-name=\"email\"><input size=\"40\" maxlength=\"400\" class=\"wpcf7-form-control wpcf7-email wpcf7-validates-as-required wpcf7-text wpcf7-validates-as-email\" aria-required=\"true\" aria-invalid=\"false\" value=\"\" type=\"email\" name=\"email\" \/><\/span>\n<\/p>\n<p>Me gustar\u00eda obtener informaci\u00f3n sobre <span class=\"form-required\">*<\/span>\n<\/p>\n<p><span class=\"wpcf7-form-control-wrap\" data-name=\"id-like-info-on\"><select class=\"wpcf7-form-control wpcf7-select wpcf7-validates-as-required\" aria-required=\"true\" aria-invalid=\"false\" name=\"id-like-info-on\"><option value=\"\">&#8212;Please choose an option&#8212;<\/option><option value=\"Inscripci\u00f3n abierta\">Inscripci\u00f3n abierta<\/option><option value=\"M\u00e9dicos\">M\u00e9dicos<\/option><option value=\"Otro\">Otro<\/option><\/select><\/span>\n<\/p>\n<p>Yo soy <span class=\"form-required\">*<\/span>\n<\/p>\n<p><span class=\"wpcf7-form-control-wrap\" data-name=\"i-am-a\"><select class=\"wpcf7-form-control wpcf7-select wpcf7-validates-as-required\" aria-required=\"true\" aria-invalid=\"false\" name=\"i-am-a\"><option value=\"\">&#8212;Please choose an option&#8212;<\/option><option value=\"Invitado\">Invitado<\/option><option value=\"Miembro\">Miembro<\/option><option value=\"M\u00e9dico\">M\u00e9dico<\/option><\/select><\/span>\n<\/p>\n<p>Commentarios\n<\/p>\n<p><span class=\"wpcf7-form-control-wrap\" data-name=\"comments\"><textarea cols=\"40\" rows=\"10\" maxlength=\"2000\" class=\"wpcf7-form-control wpcf7-textarea\" aria-invalid=\"false\" name=\"comments\"><\/textarea><\/span>\n<\/p>\n<p><input class=\"wpcf7-form-control wpcf7-submit has-spinner\" type=\"submit\" value=\"Enviar\" \/>\n<\/p><div class=\"wpcf7-response-output\" aria-hidden=\"true\"><\/div>\n<\/form>\n<\/div>\n\r\n<\/div>","protected":false},"excerpt":{"rendered":"<p>Family Choice 7631 Wyoming Street, Suite 107 Westminster, CA 92683 1-800-611-0111 (TTY 711) Servicios para Miembros de Cal Optima (800) 611-0111 Para el estado de reclamaciones y proveedores, por favor env\u00ede un correo electr\u00f3nico a prs@familychoicemso.com Para miembros, por favor env\u00ede un correo electr\u00f3nico a: csr@familychoice.com Direcci\u00f3n de Reclamaciones FCMG\/FCMS-Altura MSOPO Box 7280Los Angeles, CA&hellip;<\/p>\n<p><a class=\"more-link\" href=\"https:\/\/www.familychoice.com\/es\/contactenos\/\" title=\"Continue reading &lsquo;Cont\u00e1ctenos&rsquo;\">Continue reading <span class=\"meta-nav\">&rarr;<\/span><\/a><\/p>\n","protected":false},"author":1,"featured_media":0,"parent":0,"menu_order":0,"comment_status":"closed","ping_status":"closed","template":"","meta":{"_exactmetrics_skip_tracking":false,"_exactmetrics_sitenote_active":false,"_exactmetrics_sitenote_note":"","_exactmetrics_sitenote_category":0,"footnotes":""},"class_list":["post-33","page","type-page","status-publish","hentry"],"_links":{"self":[{"href":"https:\/\/www.familychoice.com\/es\/wp-json\/wp\/v2\/pages\/33","targetHints":{"allow":["GET"]}}],"collection":[{"href":"https:\/\/www.familychoice.com\/es\/wp-json\/wp\/v2\/pages"}],"about":[{"href":"https:\/\/www.familychoice.com\/es\/wp-json\/wp\/v2\/types\/page"}],"author":[{"embeddable":true,"href":"https:\/\/www.familychoice.com\/es\/wp-json\/wp\/v2\/users\/1"}],"replies":[{"embeddable":true,"href":"https:\/\/www.familychoice.com\/es\/wp-json\/wp\/v2\/comments?post=33"}],"version-history":[{"count":46,"href":"https:\/\/www.familychoice.com\/es\/wp-json\/wp\/v2\/pages\/33\/revisions"}],"predecessor-version":[{"id":463,"href":"https:\/\/www.familychoice.com\/es\/wp-json\/wp\/v2\/pages\/33\/revisions\/463"}],"wp:attachment":[{"href":"https:\/\/www.familychoice.com\/es\/wp-json\/wp\/v2\/media?parent=33"}],"curies":[{"name":"wp","href":"https:\/\/api.w.org\/{rel}","templated":true}]}}