{"id":30,"date":"2016-04-21T18:13:34","date_gmt":"2016-04-21T18:13:34","guid":{"rendered":"http:\/\/dev.familydoctorsorangecounty.com\/es\/?page_id=30"},"modified":"2024-04-17T07:34:07","modified_gmt":"2024-04-17T07:34:07","slug":"como-escoger-un-medico-de-atencion-primaria","status":"publish","type":"page","link":"https:\/\/www.familychoice.com\/es\/como-escoger-un-medico-de-atencion-primaria\/","title":{"rendered":"C\u00f3mo escoger un m\u00e9dico de atenci\u00f3n primaria"},"content":{"rendered":"<div>\r\n<div class=\"interior-page-img-container how-to-choose-banner-img\">\r\n <img decoding=\"async\" class=\"img-align-right\" src=\"\/wp-content\/themes\/quark\/images\/how_to_choose_a_pcp.jpg\" alt=\"\" \/>\r\n<\/div>\r\n<p>Los pasos para seleccionar a un m\u00e9dico de atenci\u00f3n primaria var\u00edan de acuerdo a su aseguradora. Nuestros m\u00e9dicos de atenci\u00f3n primaria aceptan la mayor\u00eda de seguros principales; sin embargo, abajo hay algunas preguntas frecuentes y otras cosas que debe considerar al escoger el m\u00e9dico de atenci\u00f3n primaria que sea el correcto para usted. Cosas a considerar al escoger un m\u00e9dico de atenci\u00f3n primaria:<\/p>\r\n<ol>\r\n<li>\u00bfPueden proporcionarme lo que necesito?<\/li>\r\n<li>\u00bfQu\u00e9 tan disponible est\u00e1 el m\u00e9dico?<\/li>\r\n<li>\u00bfEstar\u00e1 all\u00ed cuando lo necesite?<\/li>\r\n<li>Ubicaciones de las cl\u00ednicas de los m\u00e9dicos.<\/li>\r\n<li>Si estoy en el hospital, \u00bfeste m\u00e9dico podr\u00e1 visitarme?<\/li>\r\n<\/ol>\r\n<p>\u00bfAl seleccionar a Family Choice, el grupo en general ser\u00e1 mi m\u00e9dico de atenci\u00f3n primaria o escoger\u00e9 a un m\u00e9dico individual dentro del grupo?<\/p>\r\n<ul>\r\n<li>Usted seleccionar\u00e1 al m\u00e9dico individual dentro del grupo, pero podr\u00e1 cambiar a otro m\u00e9dico en cualquier momento.<\/li>\r\n<\/ul>\r\n<p>\u00bfCu\u00e1les son las ventajas de seleccionar un m\u00e9dico de atenci\u00f3n primaria de Family Choice?<\/p>\r\n<ol>\r\n<li>F\u00e1cil acceso a referencias con otros especialistas de FC. Somos uno de los pocos HMOs que permiten referencias directas a especialistas sin tiempo de espera. <\/li>\r\n<li>Acceso completo a nuestra red de m\u00e9dicos de atenci\u00f3n primaria \u2013 tenemos casi 200 m\u00e9dicos seleccionados cuidadosamente de donde usted puede escoger.<\/li>\r\n<li>Acceso las 24 horas a la mayor\u00eda de servicios hospitalarios.<\/li>\r\n<li>Acceso completo a una amplia red de especialistas y recursos \u2013 servicios auxiliares, hospitalarios, ambulatorios, rayos X, servicios sociales, administrador de casos, asilos de ancianos, enfermer\u00eda especializada y m\u00e1s. Puede tener acceso a una amplia variedad de servicios.<\/li>\r\n<li>M\u00e9dicos de atenci\u00f3n primaria altamente accesibles \u2013 muchos reciben a pacientes sin cita y algunos atienden los s\u00e1bados. <\/li>\r\n<\/ol>\r\n<\/div>","protected":false},"excerpt":{"rendered":"<p>Los pasos para seleccionar a un m\u00e9dico de atenci\u00f3n primaria var\u00edan de acuerdo a su aseguradora. Nuestros m\u00e9dicos de atenci\u00f3n primaria aceptan la mayor\u00eda de seguros principales; sin embargo, abajo hay algunas preguntas frecuentes y otras cosas que debe considerar al escoger el m\u00e9dico de atenci\u00f3n primaria que sea el correcto para usted. Cosas a&hellip;<\/p>\n<p><a class=\"more-link\" href=\"https:\/\/www.familychoice.com\/es\/como-escoger-un-medico-de-atencion-primaria\/\" title=\"Continue reading &lsquo;C\u00f3mo escoger un m\u00e9dico de atenci\u00f3n primaria&rsquo;\">Continue reading <span class=\"meta-nav\">&rarr;<\/span><\/a><\/p>\n","protected":false},"author":1,"featured_media":0,"parent":0,"menu_order":0,"comment_status":"closed","ping_status":"closed","template":"","meta":{"_exactmetrics_skip_tracking":false,"_exactmetrics_sitenote_active":false,"_exactmetrics_sitenote_note":"","_exactmetrics_sitenote_category":0,"footnotes":""},"class_list":["post-30","page","type-page","status-publish","hentry"],"_links":{"self":[{"href":"https:\/\/www.familychoice.com\/es\/wp-json\/wp\/v2\/pages\/30","targetHints":{"allow":["GET"]}}],"collection":[{"href":"https:\/\/www.familychoice.com\/es\/wp-json\/wp\/v2\/pages"}],"about":[{"href":"https:\/\/www.familychoice.com\/es\/wp-json\/wp\/v2\/types\/page"}],"author":[{"embeddable":true,"href":"https:\/\/www.familychoice.com\/es\/wp-json\/wp\/v2\/users\/1"}],"replies":[{"embeddable":true,"href":"https:\/\/www.familychoice.com\/es\/wp-json\/wp\/v2\/comments?post=30"}],"version-history":[{"count":8,"href":"https:\/\/www.familychoice.com\/es\/wp-json\/wp\/v2\/pages\/30\/revisions"}],"predecessor-version":[{"id":323,"href":"https:\/\/www.familychoice.com\/es\/wp-json\/wp\/v2\/pages\/30\/revisions\/323"}],"wp:attachment":[{"href":"https:\/\/www.familychoice.com\/es\/wp-json\/wp\/v2\/media?parent=30"}],"curies":[{"name":"wp","href":"https:\/\/api.w.org\/{rel}","templated":true}]}}