{"id":27,"date":"2016-04-21T18:11:33","date_gmt":"2016-04-21T18:11:33","guid":{"rendered":"http:\/\/dev.familydoctorsorangecounty.com\/es\/?page_id=27"},"modified":"2024-04-17T07:33:02","modified_gmt":"2024-04-17T07:33:02","slug":"servicios","status":"publish","type":"page","link":"https:\/\/www.familychoice.com\/es\/servicios\/","title":{"rendered":"Servicios"},"content":{"rendered":"<div class=\"interior-page-img-container services-banner-img\">\r\n <img decoding=\"async\" class=\"img-align-left\" src=\"\/wp-content\/themes\/quark\/images\/services_and_specialties.jpg\" alt=\"\" \/>\r\n<\/div>\r\n<p>Family Choice proporciona una amplia variedad de servicios a la comunidad local. Nosotros proporcionamos servicios para todas sus necesidades de salud, desde revisiones rutinarias o limpiezas de dientes hasta quiropr\u00e1ctica o neumolog\u00eda, e incluso servicios sociales como administradores de casos y asilos de ancianos.<\/p>\r\n<p>Para asegurar que se proporcione cuidado al paciente, FC ofrece un Programa de Acceso Directo que permite que los m\u00e9dicos de atenci\u00f3n primaria refieran miembros directamente a especialistas sin la necesidad de esperar por una autorizaci\u00f3n. La mayor\u00eda de referencias iniciales, evaluaciones preventivas de salud y referencias para el tratamiento de condiciones urgentes est\u00e1n incluidas bajo este programa.<\/p>\r\n<p>FC tiene m\u00e9dicos especialistas que practican las siguientes especialidades m\u00e9dicas:<\/p>\r\n<table>\r\n    <tbody>\r\n    <tr>\r\n        <td>Acupuntura<\/td>\r\n        <td>Alergias e inmunolog\u00eda<\/td>\r\n        <td>Cirug\u00eda cardiotor\u00e1cica<\/td>\r\n    <\/tr>\r\n    <tr>\r\n        <td>Cardiolog\u00eda<\/td>\r\n        <td>Cardiotor\u00e1cico<\/td>\r\n        <td>Quiropr\u00e1ctica<\/td>\r\n    <\/tr>\r\n    <tr>\r\n        <td>Cirug\u00eda de colon<\/td>\r\n        <td>Odontolog\u00eda<\/td>\r\n        <td>Dermatolog\u00eda<\/td>\r\n    <\/tr>\r\n    <tr>\r\n        <td>Endocrinolog\u00eda<\/td>\r\n        <td>Planeaci\u00f3n familiar<\/td>\r\n        <td>Medicina familiar<\/td>\r\n    <\/tr>\r\n    <tr>\r\n        <td>Gastroenterolog\u00eda<\/td>\r\n        <td>Cirug\u00eda general<\/td>\r\n        <td>Gen\u00e9tica<\/td>\r\n    <\/tr>\r\n    <tr>\r\n        <td>Geriatr\u00eda<\/td>\r\n        <td>Ginecolog\u00eda<\/td>\r\n        <td>Cirug\u00eda de cabeza y cuello<\/td>\r\n    <\/tr>\r\n    <tr>\r\n        <td>Hematolog\u00eda<\/td>\r\n        <td>M\u00e9dicos hospitalarios<\/td>\r\n        <td>Enfermedades infecciosas<\/td>\r\n    <\/tr>\r\n    <tr>\r\n        <td>Medicina interna<\/td>\r\n        <td>Interpretaci\u00f3n y traducci\u00f3n<\/td>\r\n        <td>Cirug\u00eda maxilofacial<\/td>\r\n    <\/tr>\r\n    <tr>\r\n        <td>Neonatolog\u00eda<\/td>\r\n        <td>Nefrolog\u00eda<\/td>\r\n        <td>Neurolog\u00eda<\/td>\r\n    <\/tr>\r\n    <tr>\r\n        <td>Neurocirug\u00eda<\/td>\r\n        <td>Medicina nuclear<\/td>\r\n        <td>OB-CPSP<\/td>\r\n    <\/tr>\r\n    <tr>\r\n        <td>Obstetricia<\/td>\r\n        <td>Oncolog\u00eda<\/td>\r\n        <td>Oftalmolog\u00eda<\/td>\r\n    <\/tr>\r\n    <tr>\r\n        <td>Optometr\u00eda<\/td>\r\n        <td>Cirug\u00eda oral<\/td>\r\n        <td>Ortopedia<\/td>\r\n    <\/tr>\r\n    <tr>\r\n        <td>Otorrinolaringolog\u00eda<\/td>\r\n        <td>Administraci\u00f3n del dolor<\/td>\r\n        <td>Alergias pedi\u00e1tricas<\/td>\r\n    <\/tr>\r\n    <tr>\r\n        <td>Cardiolog\u00eda pedi\u00e1trica<\/td>\r\n        <td>Cirug\u00eda cardiovascular pedi\u00e1trica<\/td>\r\n        <td>Cuidado pedi\u00e1trico cr\u00edtico<\/td>\r\n    <\/tr>\r\n    <tr>\r\n        <td>Cuidado pedi\u00e1trico cr\u00edtico<\/td>\r\n        <td>Gastroenterolog\u00eda pedi\u00e1trica<\/td>\r\n        <td>Hematolog\u00eda\/oncolog\u00eda pedi\u00e1trica<\/td>\r\n    <\/tr>\r\n    <tr>\r\n        <td>Hematolog\u00eda\/oncolog\u00eda pedi\u00e1trica<\/td>\r\n        <td>Neurolog\u00eda pedi\u00e1trica<\/td>\r\n        <td>Neurocirug\u00eda pedi\u00e1trica<\/td>\r\n    <\/tr>\r\n    <tr>\r\n        <td>Oftalmolog\u00eda pedi\u00e1trica<\/td>\r\n        <td>Ortopedia pedi\u00e1trica<\/td>\r\n        <td>Neumolog\u00eda pedi\u00e1trica<\/td>\r\n    <\/tr>\r\n    <tr>\r\n        <td>Cirug\u00eda pedi\u00e1trica<\/td>\r\n        <td>Urolog\u00eda pedi\u00e1trica<\/td>\r\n        <td>Pediatr\u00eda<\/td>\r\n    <\/tr>\r\n    <tr>\r\n        <td>Perinatolog\u00eda<\/td>\r\n        <td>Medicina f\u00edsica y rehabilitaci\u00f3n<\/td>\r\n        <td>Terapia f\u00edsica<\/td>\r\n    <\/tr>\r\n    <tr>\r\n        <td>Cirug\u00eda pl\u00e1stica y reconstructiva<\/td>\r\n        <td>Podolog\u00eda<\/td>\r\n        <td>Psiquiatr\u00eda<\/td>\r\n    <\/tr>\r\n    <tr>\r\n        <td>Psicolog\u00eda<\/td>\r\n        <td>Neumolog\u00eda<\/td>\r\n        <td>Oncolog\u00eda con radiaci\u00f3n<\/td>\r\n    <\/tr>\r\n    <tr>\r\n        <td>Reumatolog\u00eda<\/td>\r\n        <td>Cirug\u00eda tor\u00e1cica<\/td>\r\n        <td>Urolog\u00eda<\/td>\r\n    <\/tr>\r\n    <tr>\r\n        <td>Cirug\u00eda vascular<\/td>\r\n        <td class=\"empty-td\"><\/td>\r\n        <td class=\"empty-td\"><\/td><\/tr><\/tbody><\/table><ul>\r\n<\/ul>\r\n","protected":false},"excerpt":{"rendered":"<p>Family Choice proporciona una amplia variedad de servicios a la comunidad local. Nosotros proporcionamos servicios para todas sus necesidades de salud, desde revisiones rutinarias o limpiezas de dientes hasta quiropr\u00e1ctica o neumolog\u00eda, e incluso servicios sociales como administradores de casos y asilos de ancianos. Para asegurar que se proporcione cuidado al paciente, FC ofrece un&hellip;<\/p>\n<p><a class=\"more-link\" href=\"https:\/\/www.familychoice.com\/es\/servicios\/\" title=\"Continue reading &lsquo;Servicios&rsquo;\">Continue reading <span class=\"meta-nav\">&rarr;<\/span><\/a><\/p>\n","protected":false},"author":1,"featured_media":0,"parent":0,"menu_order":0,"comment_status":"closed","ping_status":"closed","template":"","meta":{"_exactmetrics_skip_tracking":false,"_exactmetrics_sitenote_active":false,"_exactmetrics_sitenote_note":"","_exactmetrics_sitenote_category":0,"footnotes":""},"class_list":["post-27","page","type-page","status-publish","hentry"],"_links":{"self":[{"href":"https:\/\/www.familychoice.com\/es\/wp-json\/wp\/v2\/pages\/27","targetHints":{"allow":["GET"]}}],"collection":[{"href":"https:\/\/www.familychoice.com\/es\/wp-json\/wp\/v2\/pages"}],"about":[{"href":"https:\/\/www.familychoice.com\/es\/wp-json\/wp\/v2\/types\/page"}],"author":[{"embeddable":true,"href":"https:\/\/www.familychoice.com\/es\/wp-json\/wp\/v2\/users\/1"}],"replies":[{"embeddable":true,"href":"https:\/\/www.familychoice.com\/es\/wp-json\/wp\/v2\/comments?post=27"}],"version-history":[{"count":10,"href":"https:\/\/www.familychoice.com\/es\/wp-json\/wp\/v2\/pages\/27\/revisions"}],"predecessor-version":[{"id":322,"href":"https:\/\/www.familychoice.com\/es\/wp-json\/wp\/v2\/pages\/27\/revisions\/322"}],"wp:attachment":[{"href":"https:\/\/www.familychoice.com\/es\/wp-json\/wp\/v2\/media?parent=27"}],"curies":[{"name":"wp","href":"https:\/\/api.w.org\/{rel}","templated":true}]}}