{"id":23,"date":"2016-04-21T06:02:09","date_gmt":"2016-04-21T06:02:09","guid":{"rendered":"http:\/\/dev.familydoctorsorangecounty.com\/es\/?page_id=23"},"modified":"2025-08-08T06:33:41","modified_gmt":"2025-08-08T06:33:41","slug":"inscripcion-abierta","status":"publish","type":"page","link":"https:\/\/www.familychoice.com\/es\/inscripcion-abierta\/","title":{"rendered":"Inscripci\u00f3n abierta"},"content":{"rendered":"\r\n<div class=\"interior-page-img-container open-enrollment-banner-img\">\r\n    <img decoding=\"async\" class=\"img-align-right\" src=\"\/wp-content\/themes\/quark\/images\/open_enrollment.jpg\" alt=\"\" \/>\r\n<\/div>\r\n<p>Escoger a su m\u00e9dico de atenci\u00f3n primaria es una parte importante del proceso de inscripci\u00f3n. Los proveedores de atenci\u00f3n primaria bajo Family Choice tienen acceso a coordinaci\u00f3n hospitalaria completa que lo deja en buenas manos. Si tiene alguna pregunta o si necesita ayuda para inscribirse, por favor cont\u00e1ctenos en l\u00ednea o por tel\u00e9fono, y nosotros le ayudaremos con este importante proceso.<\/p>\r\n<h2>Fechas de inscripci\u00f3n abierta:<\/h2>\r\n\r\n<p>CalOptima: Inscripci\u00f3n abierta todo el a\u00f1o<\/p>\r\n<p>Covered California: 15 de octubre de 2021-15 de enero de 2022<\/p>\r\n<p>Medi\/Medi \u2013 Inscripci\u00f3n abierta todo el a\u00f1o<\/p>\r\n<p>Family Choice acepta los siguientes planes de seguros:<\/p>\r\n<h2>Commercial<\/h2>\r\n<ul>\r\n<li>Blue Shield<\/li>\r\n<li>California Care<\/li>\r\n<li>Cigna<\/li>\r\n<li>Health Net<\/li>\r\n<li>United Healthcare<\/li>\r\n<\/ul>\r\n<h2>Medi-Cal<\/h2>\r\n<ul>\r\n<li>CalOptima<\/li>\r\n<\/ul>\r\n<h2>Medicare Advantage<\/h2>\r\n<ul>\r\n<li>Blue Shield<\/li>\r\n\r\n<li>Central Health<\/li>\r\n<li>Health Net<\/li>\r\n<\/ul>\r\n<h2>Medicare-Medicaid<\/h2>\r\n<ul>\r\n<li>OneCare<\/li>\r\n<li>OneCare Connect<\/li>\r\n<\/ul>\r\n","protected":false},"excerpt":{"rendered":"<p>Escoger a su m\u00e9dico de atenci\u00f3n primaria es una parte importante del proceso de inscripci\u00f3n. Los proveedores de atenci\u00f3n primaria bajo Family Choice tienen acceso a coordinaci\u00f3n hospitalaria completa que lo deja en buenas manos. Si tiene alguna pregunta o si necesita ayuda para inscribirse, por favor cont\u00e1ctenos en l\u00ednea o por tel\u00e9fono, y nosotros&hellip;<\/p>\n<p><a class=\"more-link\" href=\"https:\/\/www.familychoice.com\/es\/inscripcion-abierta\/\" title=\"Continue reading &lsquo;Inscripci\u00f3n abierta&rsquo;\">Continue reading <span class=\"meta-nav\">&rarr;<\/span><\/a><\/p>\n","protected":false},"author":1,"featured_media":0,"parent":0,"menu_order":0,"comment_status":"closed","ping_status":"closed","template":"","meta":{"_exactmetrics_skip_tracking":false,"_exactmetrics_sitenote_active":false,"_exactmetrics_sitenote_note":"","_exactmetrics_sitenote_category":0,"footnotes":""},"class_list":["post-23","page","type-page","status-publish","hentry"],"_links":{"self":[{"href":"https:\/\/www.familychoice.com\/es\/wp-json\/wp\/v2\/pages\/23","targetHints":{"allow":["GET"]}}],"collection":[{"href":"https:\/\/www.familychoice.com\/es\/wp-json\/wp\/v2\/pages"}],"about":[{"href":"https:\/\/www.familychoice.com\/es\/wp-json\/wp\/v2\/types\/page"}],"author":[{"embeddable":true,"href":"https:\/\/www.familychoice.com\/es\/wp-json\/wp\/v2\/users\/1"}],"replies":[{"embeddable":true,"href":"https:\/\/www.familychoice.com\/es\/wp-json\/wp\/v2\/comments?post=23"}],"version-history":[{"count":16,"href":"https:\/\/www.familychoice.com\/es\/wp-json\/wp\/v2\/pages\/23\/revisions"}],"predecessor-version":[{"id":449,"href":"https:\/\/www.familychoice.com\/es\/wp-json\/wp\/v2\/pages\/23\/revisions\/449"}],"wp:attachment":[{"href":"https:\/\/www.familychoice.com\/es\/wp-json\/wp\/v2\/media?parent=23"}],"curies":[{"name":"wp","href":"https:\/\/api.w.org\/{rel}","templated":true}]}}