{"id":19,"date":"2016-04-20T22:03:51","date_gmt":"2016-04-20T22:03:51","guid":{"rendered":"http:\/\/es.dev.familydoctorsorangecounty.com\/?page_id=19"},"modified":"2025-08-08T06:23:13","modified_gmt":"2025-08-08T06:23:13","slug":"quienes-somos","status":"publish","type":"page","link":"https:\/\/www.familychoice.com\/es\/quienes-somos\/","title":{"rendered":"Qui\u00e9nes somos"},"content":{"rendered":"<div class=\"interior-page-img-container about-us-banner-img\">\r\n <img decoding=\"async\" class=\"img-align-left\" src=\"\/wp-content\/themes\/quark\/images\/about_us_img.jpg\" alt=\"\" \/>\r\n<\/div>\r\n<h2>Qui\u00e9n es Family Choice<\/h2>\r\n<p>Por m\u00e1s de 30 a\u00f1os, Family Choice ha trabajado para servir a los residentes de Condado de Orange. Debido a nuestra larga historia de cooperaci\u00f3n, somos capaces de proporcionar una variedad de cuidados, desde servicios ambulatorios y hospitalarios hasta asistencia con problemas sociales. Tenemos mucha experiencia estando unidos y trabajando juntos \u2013 trabajamos para proporcionar el nivel m\u00e1s alto de cuidado a nuestros pacientes.<\/p>\r\n<p>Fundado en 1995, Family Choice ha creado uno de los m\u00e1s grandes grupos de M\u00e9dicos de Atenci\u00f3n Primaria en el Condado de Orange. Family Choice ofrece una gran selecci\u00f3n de servicios, desde terapia f\u00edsica, servicios sociales y radiolog\u00eda, hasta dermatolog\u00eda, cardiolog\u00eda y servicios pedi\u00e1tricos. Con Family Choice, usted est\u00e1 completamente cubierto en sus necesidades de salud. Y, debido a que tenemos un grupo tan amplio de m\u00e9dicos de atenci\u00f3n primaria, usted puede escoger al m\u00e9dico correcto para sus necesidades espec\u00edficas. Por m\u00e1s de 20 a\u00f1os, Family Choice ha cumplido su misi\u00f3n, tratando a sus pacientes con dignidad y respeto, y demostrando educaci\u00f3n de calidad en la administraci\u00f3n y servicios de su salud.<br \/><br \/>Family Choice<br \/>7631 Wyoming Street, Suite 107<br \/>Westminster, CA 92683<\/p><ul>\r\n<\/ul>\r\n","protected":false},"excerpt":{"rendered":"<p>Qui\u00e9n es Family Choice Por m\u00e1s de 30 a\u00f1os, Family Choice ha trabajado para servir a los residentes de Condado de Orange. Debido a nuestra larga historia de cooperaci\u00f3n, somos capaces de proporcionar una variedad de cuidados, desde servicios ambulatorios y hospitalarios hasta asistencia con problemas sociales. Tenemos mucha experiencia estando unidos y trabajando juntos&hellip;<\/p>\n<p><a class=\"more-link\" href=\"https:\/\/www.familychoice.com\/es\/quienes-somos\/\" title=\"Continue reading &lsquo;Qui\u00e9nes somos&rsquo;\">Continue reading <span class=\"meta-nav\">&rarr;<\/span><\/a><\/p>\n","protected":false},"author":1,"featured_media":0,"parent":0,"menu_order":0,"comment_status":"closed","ping_status":"closed","template":"page-templates\/full-width.php","meta":{"_exactmetrics_skip_tracking":false,"_exactmetrics_sitenote_active":false,"_exactmetrics_sitenote_note":"","_exactmetrics_sitenote_category":0,"footnotes":""},"class_list":["post-19","page","type-page","status-publish","hentry"],"_links":{"self":[{"href":"https:\/\/www.familychoice.com\/es\/wp-json\/wp\/v2\/pages\/19","targetHints":{"allow":["GET"]}}],"collection":[{"href":"https:\/\/www.familychoice.com\/es\/wp-json\/wp\/v2\/pages"}],"about":[{"href":"https:\/\/www.familychoice.com\/es\/wp-json\/wp\/v2\/types\/page"}],"author":[{"embeddable":true,"href":"https:\/\/www.familychoice.com\/es\/wp-json\/wp\/v2\/users\/1"}],"replies":[{"embeddable":true,"href":"https:\/\/www.familychoice.com\/es\/wp-json\/wp\/v2\/comments?post=19"}],"version-history":[{"count":6,"href":"https:\/\/www.familychoice.com\/es\/wp-json\/wp\/v2\/pages\/19\/revisions"}],"predecessor-version":[{"id":448,"href":"https:\/\/www.familychoice.com\/es\/wp-json\/wp\/v2\/pages\/19\/revisions\/448"}],"wp:attachment":[{"href":"https:\/\/www.familychoice.com\/es\/wp-json\/wp\/v2\/media?parent=19"}],"curies":[{"name":"wp","href":"https:\/\/api.w.org\/{rel}","templated":true}]}}