{"id":154,"date":"2017-04-21T20:44:31","date_gmt":"2017-04-21T20:44:31","guid":{"rendered":"http:\/\/www.familychoicehealthnetwork.com\/es\/?page_id=154"},"modified":"2025-07-04T05:55:33","modified_gmt":"2025-07-04T05:55:33","slug":"proveedores","status":"publish","type":"page","link":"https:\/\/www.familychoice.com\/es\/proveedores\/","title":{"rendered":"Proveedores"},"content":{"rendered":"<div class=\"providers\">\r\n<div class=\"interior-page-img-container providers-banner-img\">\r\n <img decoding=\"async\" class=\"img-align-right\" src=\"\/wp-content\/themes\/quark\/images\/providers.jpg\" alt=\"\" \/>\r\n<\/div>\r\n<p>\r\n<a href=\"\/wp-content\/uploads\/2018\/04\/170626-PAP-HPV-COTESTING-FAMILY-CHOICE-RULES-FOR-CLIENTS_mf.pdf\" target=\"_blank\" rel=\"noopener\">Regulaciones de co-prueba de Papanicolaou y VPH de Medi-Cal <\/a><\/p>\r\n<p>\r\n    <a href=\"https:\/\/connect.familychoiceportal.com\/#id_token=e154e8a1-0e8b-465d-b175-2001054143e2\" target=\"_blank\" rel=\"noopener\">Inicio de sesi\u00f3n del proveedor<\/a>\r\n<\/p>\r\n<p>\r\n    <a href=\"https:\/\/familychoice.com\/wp-content\/uploads\/2025\/03\/Altura_UM-TAR-PAPER-REFERRAL-Form_02182025.pdf\" target=\"_blank\" rel=\"noopener\">Formulario de solicitud de autorizaci\u00f3n<\/a>\r\n<\/p>\r\n<p>\r\n    <a href=\"https:\/\/familychoice.com\/wp-content\/uploads\/2025\/07\/OB-UB-04-Billing-Ex.pdf\" target=\"_blank\" rel=\"noopener\">Ejemplos de Facturaci\u00f3n UB-04 para Servicios de Hospitalizaci\u00f3n<\/a>\r\n<\/p>\r\n<p>\r\n    <a href=\"https:\/\/familychoice.com\/wp-content\/uploads\/2025\/07\/FCMG_UM-Direct-Referral-Form_03032025-1.pdf\" target=\"_blank\" rel=\"noopener\">Formulario de Derivaci\u00f3n Directa de Family Choice Medical Group<\/a>\r\n<\/p>\r\n<p>\r\n    <a href=\"https:\/\/familychoice.com\/wp-content\/uploads\/2025\/07\/Altura-PDR-Single-Claim.pdf\" target=\"_blank\" rel=\"noopener\">Altura PDR (Reclamaci\u00f3n Individual)<\/a>\r\n<\/p>\r\n<p>\r\n    <a href=\"https:\/\/familychoice.com\/wp-content\/uploads\/2025\/07\/Altura-PDR-Multiple-Claims.pdf\" target=\"_blank\" rel=\"noopener\">Altura PDR (M\u00faltiples Reclamaciones)<\/a>\r\n<\/p>\r\n\r\n\r\n<p>\r\n<\/p><\/div>","protected":false},"excerpt":{"rendered":"<p>Regulaciones de co-prueba de Papanicolaou y VPH de Medi-Cal Inicio de sesi\u00f3n del proveedor Formulario de solicitud de autorizaci\u00f3n Ejemplos de Facturaci\u00f3n UB-04 para Servicios de Hospitalizaci\u00f3n Formulario de Derivaci\u00f3n Directa de Family Choice Medical Group Altura PDR (Reclamaci\u00f3n Individual) Altura PDR (M\u00faltiples Reclamaciones)<\/p>\n","protected":false},"author":1,"featured_media":0,"parent":0,"menu_order":0,"comment_status":"closed","ping_status":"closed","template":"","meta":{"_exactmetrics_skip_tracking":false,"_exactmetrics_sitenote_active":false,"_exactmetrics_sitenote_note":"","_exactmetrics_sitenote_category":0,"footnotes":""},"class_list":["post-154","page","type-page","status-publish","hentry"],"_links":{"self":[{"href":"https:\/\/www.familychoice.com\/es\/wp-json\/wp\/v2\/pages\/154","targetHints":{"allow":["GET"]}}],"collection":[{"href":"https:\/\/www.familychoice.com\/es\/wp-json\/wp\/v2\/pages"}],"about":[{"href":"https:\/\/www.familychoice.com\/es\/wp-json\/wp\/v2\/types\/page"}],"author":[{"embeddable":true,"href":"https:\/\/www.familychoice.com\/es\/wp-json\/wp\/v2\/users\/1"}],"replies":[{"embeddable":true,"href":"https:\/\/www.familychoice.com\/es\/wp-json\/wp\/v2\/comments?post=154"}],"version-history":[{"count":7,"href":"https:\/\/www.familychoice.com\/es\/wp-json\/wp\/v2\/pages\/154\/revisions"}],"predecessor-version":[{"id":398,"href":"https:\/\/www.familychoice.com\/es\/wp-json\/wp\/v2\/pages\/154\/revisions\/398"}],"wp:attachment":[{"href":"https:\/\/www.familychoice.com\/es\/wp-json\/wp\/v2\/media?parent=154"}],"curies":[{"name":"wp","href":"https:\/\/api.w.org\/{rel}","templated":true}]}}